{"id":22172,"date":"2020-03-10T12:18:08","date_gmt":"2020-03-10T10:18:08","guid":{"rendered":"https:\/\/ddt.lv\/lv\/product\/arejais-akumulators-10000mah-qi-bezvadu-2xusbmicrousb-2a\/"},"modified":"2026-04-08T14:27:41","modified_gmt":"2026-04-08T11:27:41","slug":"arejais-akumulators-10000mah-qi-bezvadu-2xusbmicrousb-2a","status":"publish","type":"product","link":"https:\/\/ddt.lv\/ru\/product\/arejais-akumulators-10000mah-qi-bezvadu-2xusbmicrousb-2a\/","title":{"rendered":"\u0412\u043d\u0435\u0448\u043d\u0438\u0439 \u0430\u043a\u043a\u0443\u043c\u0443\u043b\u044f\u0442\u043e\u0440 Powerbank \u0441 \u0431\u0435\u0441\u043f\u0440\u043e\u0432\u043e\u0434\u043d\u043e\u0439 \u0437\u0430\u0440\u044f\u0434\u043a\u043e\u0439 Qi Platinet 10000mAh 2x USB, Micro, \u0431\u044b\u0441\u0442\u0440\u0430\u044f \u0437\u0430\u0440\u044f\u0434\u043a\u0430 2.1A"},"content":{"rendered":"<p>Powerbank \u0101r\u0113jais akumulators ar ieb\u016bv\u0113tu bezvadu uzl\u0101des funkciju no ra\u017eot\u0101ja Platinet.<\/p>\n","protected":false},"excerpt":{"rendered":"<p>Powerbank \u0101r\u0113jais akumulators ar ieb\u016bv\u0113tu bezvadu uzl\u0101des funkciju no ra\u017eot\u0101ja Platinet.<\/p>\n","protected":false},"featured_media":22183,"comment_status":"closed","ping_status":"closed","template":"","meta":{"inline_featured_image":false},"product_cat":[772,460],"product_tag":[],"yst_prominent_words":[],"class_list":{"0":"post-22172","1":"product","2":"type-product","3":"status-publish","4":"has-post-thumbnail","6":"product_cat-atlaides","7":"product_cat-uzlades-stacijas","9":"first","10":"instock","11":"sale","12":"taxable","13":"shipping-taxable","14":"purchasable","15":"product-type-simple"},"jetpack_sharing_enabled":true,"_links":{"self":[{"href":"https:\/\/ddt.lv\/ru\/wp-json\/wp\/v2\/product\/22172"}],"collection":[{"href":"https:\/\/ddt.lv\/ru\/wp-json\/wp\/v2\/product"}],"about":[{"href":"https:\/\/ddt.lv\/ru\/wp-json\/wp\/v2\/types\/product"}],"replies":[{"embeddable":true,"href":"https:\/\/ddt.lv\/ru\/wp-json\/wp\/v2\/comments?post=22172"}],"wp:featuredmedia":[{"embeddable":true,"href":"https:\/\/ddt.lv\/ru\/wp-json\/wp\/v2\/media\/22183"}],"wp:attachment":[{"href":"https:\/\/ddt.lv\/ru\/wp-json\/wp\/v2\/media?parent=22172"}],"wp:term":[{"taxonomy":"product_cat","embeddable":true,"href":"https:\/\/ddt.lv\/ru\/wp-json\/wp\/v2\/product_cat?post=22172"},{"taxonomy":"product_tag","embeddable":true,"href":"https:\/\/ddt.lv\/ru\/wp-json\/wp\/v2\/product_tag?post=22172"},{"taxonomy":"yst_prominent_words","embeddable":true,"href":"https:\/\/ddt.lv\/ru\/wp-json\/wp\/v2\/yst_prominent_words?post=22172"}],"curies":[{"name":"wp","href":"https:\/\/api.w.org\/{rel}","templated":true}]}}