{"id":21985,"date":"2020-03-06T13:41:14","date_gmt":"2020-03-06T11:41:14","guid":{"rendered":"https:\/\/ddt.lv\/lv\/product\/led-prozektors-20w-ip65-1600lm-4000k-melns-ilio-emos\/"},"modified":"2026-04-08T14:36:55","modified_gmt":"2026-04-08T11:36:55","slug":"led-prozektors-20w-ip65-1600lm-4000k-melns-ilio-emos","status":"publish","type":"product","link":"https:\/\/ddt.lv\/ru\/product\/led-prozektors-20w-ip65-1600lm-4000k-melns-ilio-emos\/","title":{"rendered":"(Latvie\u0161u) LED pro\u017eektors EMOS Ilio 20W 1600lm 4000K IP65"},"content":{"rendered":"<p>Led pro\u017eektors no ra\u017eot\u0101ja Emos.<\/p>\n","protected":false},"excerpt":{"rendered":"<p>Led pro\u017eektors no ra\u017eot\u0101ja Emos.<\/p>\n","protected":false},"featured_media":22022,"comment_status":"closed","ping_status":"closed","template":"","meta":{"inline_featured_image":false},"product_cat":[1587,908],"product_tag":[],"yst_prominent_words":[],"class_list":{"0":"post-21985","1":"product","2":"type-product","3":"status-publish","4":"has-post-thumbnail","6":"product_cat-apgaismojums-virtenes","7":"product_cat-led-prozektori","9":"first","10":"instock","11":"taxable","12":"shipping-taxable","13":"purchasable","14":"product-type-simple"},"jetpack_sharing_enabled":true,"_links":{"self":[{"href":"https:\/\/ddt.lv\/ru\/wp-json\/wp\/v2\/product\/21985"}],"collection":[{"href":"https:\/\/ddt.lv\/ru\/wp-json\/wp\/v2\/product"}],"about":[{"href":"https:\/\/ddt.lv\/ru\/wp-json\/wp\/v2\/types\/product"}],"replies":[{"embeddable":true,"href":"https:\/\/ddt.lv\/ru\/wp-json\/wp\/v2\/comments?post=21985"}],"wp:featuredmedia":[{"embeddable":true,"href":"https:\/\/ddt.lv\/ru\/wp-json\/wp\/v2\/media\/22022"}],"wp:attachment":[{"href":"https:\/\/ddt.lv\/ru\/wp-json\/wp\/v2\/media?parent=21985"}],"wp:term":[{"taxonomy":"product_cat","embeddable":true,"href":"https:\/\/ddt.lv\/ru\/wp-json\/wp\/v2\/product_cat?post=21985"},{"taxonomy":"product_tag","embeddable":true,"href":"https:\/\/ddt.lv\/ru\/wp-json\/wp\/v2\/product_tag?post=21985"},{"taxonomy":"yst_prominent_words","embeddable":true,"href":"https:\/\/ddt.lv\/ru\/wp-json\/wp\/v2\/yst_prominent_words?post=21985"}],"curies":[{"name":"wp","href":"https:\/\/api.w.org\/{rel}","templated":true}]}}