{"id":21966,"date":"2020-03-04T15:54:35","date_gmt":"2020-03-04T13:54:35","guid":{"rendered":"https:\/\/ddt.lv\/lv\/product\/sulu-spiede-hurricane-400w-1-5l-melns-balts-unold\/"},"modified":"2026-04-08T14:36:57","modified_gmt":"2026-04-08T11:36:57","slug":"sulu-spiede-hurricane-400w-1-5l-melns-balts-unold","status":"publish","type":"product","link":"https:\/\/ddt.lv\/ru\/product\/sulu-spiede-hurricane-400w-1-5l-melns-balts-unold\/","title":{"rendered":"(Latvie\u0161u) Sulu spiede Hurricane 400W 1.5L UNOLD"},"content":{"rendered":"<p>K\u0101 jau nosaukum\u0101 min\u0113ts, \u0161\u012b sulu spiede str\u0101d\u0101 k\u0101 virpulis! Apr\u012bkots ar 400 W jaudu, kura nodro\u0161ina svaigas aug\u013cu vai d\u0101rze\u0146u sulas efekt\u012bvu pagatavo\u0161anu. \u0112rta lieto\u0161ana! \u0100boli, bumbieri vai bietes l\u012bdz apm. 85 mm diametram ietilpst spiedes atver\u0113, Kad tiek ieg\u016bts v\u0113lamais sulas daudzums, sulu spiedi ir \u0113rti t\u012br\u012bt un mazg\u0101t, jo t\u0101 ir izjaucama l\u012bdz maz\u0101kajai deta\u013cai.<\/p>\n","protected":false},"excerpt":{"rendered":"<p>K\u0101 jau nosaukum\u0101 min\u0113ts, \u0161\u012b sulu spiede str\u0101d\u0101 k\u0101 virpulis! Apr\u012bkots ar 400 W jaudu, kura nodro\u0161ina svaigas aug\u013cu vai d\u0101rze\u0146u sulas efekt\u012bvu pagatavo\u0161anu. \u0112rta lieto\u0161ana! \u0100boli, bumbieri vai bietes l\u012bdz apm. 85 mm diametram ietilpst spiedes atver\u0113, Kad tiek ieg\u016bts v\u0113lamais sulas daudzums, sulu spiedi ir \u0113rti t\u012br\u012bt un mazg\u0101t, jo t\u0101 ir izjaucama [&hellip;]<\/p>\n","protected":false},"featured_media":21969,"comment_status":"closed","ping_status":"closed","template":"","meta":{"inline_featured_image":false},"product_cat":[535],"product_tag":[],"yst_prominent_words":[],"class_list":{"0":"post-21966","1":"product","2":"type-product","3":"status-publish","4":"has-post-thumbnail","6":"product_cat-blenderimikserisulasspiedes","8":"first","9":"outofstock","10":"taxable","11":"shipping-taxable","12":"purchasable","13":"product-type-simple"},"jetpack_sharing_enabled":true,"_links":{"self":[{"href":"https:\/\/ddt.lv\/ru\/wp-json\/wp\/v2\/product\/21966"}],"collection":[{"href":"https:\/\/ddt.lv\/ru\/wp-json\/wp\/v2\/product"}],"about":[{"href":"https:\/\/ddt.lv\/ru\/wp-json\/wp\/v2\/types\/product"}],"replies":[{"embeddable":true,"href":"https:\/\/ddt.lv\/ru\/wp-json\/wp\/v2\/comments?post=21966"}],"wp:featuredmedia":[{"embeddable":true,"href":"https:\/\/ddt.lv\/ru\/wp-json\/wp\/v2\/media\/21969"}],"wp:attachment":[{"href":"https:\/\/ddt.lv\/ru\/wp-json\/wp\/v2\/media?parent=21966"}],"wp:term":[{"taxonomy":"product_cat","embeddable":true,"href":"https:\/\/ddt.lv\/ru\/wp-json\/wp\/v2\/product_cat?post=21966"},{"taxonomy":"product_tag","embeddable":true,"href":"https:\/\/ddt.lv\/ru\/wp-json\/wp\/v2\/product_tag?post=21966"},{"taxonomy":"yst_prominent_words","embeddable":true,"href":"https:\/\/ddt.lv\/ru\/wp-json\/wp\/v2\/yst_prominent_words?post=21966"}],"curies":[{"name":"wp","href":"https:\/\/api.w.org\/{rel}","templated":true}]}}