{"id":21895,"date":"2020-02-24T11:41:38","date_gmt":"2020-02-24T09:41:38","guid":{"rendered":"https:\/\/ddt.lv\/lv\/product\/led-lampa-yvette-120w-8500lm-ar-pulti-color-dim-nakts-rez\/"},"modified":"2026-04-08T14:36:53","modified_gmt":"2026-04-08T11:36:53","slug":"led-lampa-yvette-120w-8500lm-ar-pulti-color-dim-nakts-rez","status":"publish","type":"product","link":"https:\/\/ddt.lv\/ru\/product\/led-lampa-yvette-120w-8500lm-ar-pulti-color-dim-nakts-rez\/","title":{"rendered":"(Latvie\u0161u) LED gaismeklis ar pulti Avide Yvette 120W 8500lm, kr\u0101su dimm\u0113\u0161ana, nakts re\u017e\u012bms"},"content":{"rendered":"<p>Dekorat\u012bvs LED gaismeklis no ra\u017eot\u0101ja Avide. Vad\u0101ma ar pulti.<\/p>\n","protected":false},"excerpt":{"rendered":"<p>Dekorat\u012bvs LED gaismeklis no ra\u017eot\u0101ja Avide. Vad\u0101ma ar pulti.<\/p>\n","protected":false},"featured_media":21903,"comment_status":"closed","ping_status":"closed","template":"","meta":{"inline_featured_image":false},"product_cat":[898],"product_tag":[],"yst_prominent_words":[],"class_list":{"0":"post-21895","1":"product","2":"type-product","3":"status-publish","4":"has-post-thumbnail","6":"product_cat-led-dizaina-gaismekli","8":"first","9":"outofstock","10":"taxable","11":"shipping-taxable","12":"purchasable","13":"product-type-simple"},"jetpack_sharing_enabled":true,"_links":{"self":[{"href":"https:\/\/ddt.lv\/ru\/wp-json\/wp\/v2\/product\/21895"}],"collection":[{"href":"https:\/\/ddt.lv\/ru\/wp-json\/wp\/v2\/product"}],"about":[{"href":"https:\/\/ddt.lv\/ru\/wp-json\/wp\/v2\/types\/product"}],"replies":[{"embeddable":true,"href":"https:\/\/ddt.lv\/ru\/wp-json\/wp\/v2\/comments?post=21895"}],"wp:featuredmedia":[{"embeddable":true,"href":"https:\/\/ddt.lv\/ru\/wp-json\/wp\/v2\/media\/21903"}],"wp:attachment":[{"href":"https:\/\/ddt.lv\/ru\/wp-json\/wp\/v2\/media?parent=21895"}],"wp:term":[{"taxonomy":"product_cat","embeddable":true,"href":"https:\/\/ddt.lv\/ru\/wp-json\/wp\/v2\/product_cat?post=21895"},{"taxonomy":"product_tag","embeddable":true,"href":"https:\/\/ddt.lv\/ru\/wp-json\/wp\/v2\/product_tag?post=21895"},{"taxonomy":"yst_prominent_words","embeddable":true,"href":"https:\/\/ddt.lv\/ru\/wp-json\/wp\/v2\/yst_prominent_words?post=21895"}],"curies":[{"name":"wp","href":"https:\/\/api.w.org\/{rel}","templated":true}]}}