{"id":21700,"date":"2020-02-12T11:25:32","date_gmt":"2020-02-12T09:25:32","guid":{"rendered":"https:\/\/ddt.lv\/lv\/product\/skalrunis-usb-fm-bluetooth-emos\/"},"modified":"2021-05-15T12:43:45","modified_gmt":"2021-05-15T09:43:45","slug":"skalrunis-usb-fm-bluetooth-emos","status":"publish","type":"product","link":"https:\/\/ddt.lv\/ru\/product\/skalrunis-usb-fm-bluetooth-emos\/","title":{"rendered":"Bluetooth Ska\u013crunis, tumbi\u0146a USB\/FM\/MICROSD EMOS"},"content":{"rendered":"<p>Bezvadu ska\u013crunis ar Mikro SD kartes las\u012bt\u0101ju, ieb\u016bv\u0113tu radio un bluetooth savienojuma iesp\u0113ju no ra\u017eot\u0101ja EMOS.<\/p>\n","protected":false},"excerpt":{"rendered":"<p>Bezvadu ska\u013crunis ar Mikro SD kartes las\u012bt\u0101ju, ieb\u016bv\u0113tu radio un bluetooth savienojuma iesp\u0113ju no ra\u017eot\u0101ja EMOS.<\/p>\n","protected":false},"featured_media":21731,"comment_status":"closed","ping_status":"closed","template":"","meta":{"inline_featured_image":false},"product_cat":[692,845],"product_tag":[],"yst_prominent_words":[],"class_list":{"0":"post-21700","1":"product","2":"type-product","3":"status-publish","4":"has-post-thumbnail","6":"product_cat-tv-piederumi-pagarinataji","7":"product_cat-radio-bluetooth-skalruni","9":"first","10":"outofstock","11":"taxable","12":"shipping-taxable","13":"purchasable","14":"product-type-simple"},"jetpack_sharing_enabled":true,"_links":{"self":[{"href":"https:\/\/ddt.lv\/ru\/wp-json\/wp\/v2\/product\/21700"}],"collection":[{"href":"https:\/\/ddt.lv\/ru\/wp-json\/wp\/v2\/product"}],"about":[{"href":"https:\/\/ddt.lv\/ru\/wp-json\/wp\/v2\/types\/product"}],"replies":[{"embeddable":true,"href":"https:\/\/ddt.lv\/ru\/wp-json\/wp\/v2\/comments?post=21700"}],"wp:featuredmedia":[{"embeddable":true,"href":"https:\/\/ddt.lv\/ru\/wp-json\/wp\/v2\/media\/21731"}],"wp:attachment":[{"href":"https:\/\/ddt.lv\/ru\/wp-json\/wp\/v2\/media?parent=21700"}],"wp:term":[{"taxonomy":"product_cat","embeddable":true,"href":"https:\/\/ddt.lv\/ru\/wp-json\/wp\/v2\/product_cat?post=21700"},{"taxonomy":"product_tag","embeddable":true,"href":"https:\/\/ddt.lv\/ru\/wp-json\/wp\/v2\/product_tag?post=21700"},{"taxonomy":"yst_prominent_words","embeddable":true,"href":"https:\/\/ddt.lv\/ru\/wp-json\/wp\/v2\/yst_prominent_words?post=21700"}],"curies":[{"name":"wp","href":"https:\/\/api.w.org\/{rel}","templated":true}]}}