{"id":21635,"date":"2020-02-11T11:22:11","date_gmt":"2020-02-11T09:22:11","guid":{"rendered":"https:\/\/ddt.lv\/lv\/product\/18684-led-work-flex-bl30r-light-lukturis-varta\/"},"modified":"2026-04-13T09:56:07","modified_gmt":"2026-04-13T06:56:07","slug":"18684-led-work-flex-bl30r-light-lukturis-varta","status":"publish","type":"product","link":"https:\/\/ddt.lv\/ru\/product\/18684-led-work-flex-bl30r-light-lukturis-varta\/","title":{"rendered":"\u0410\u043a\u043a\u0443\u043c\u0443\u043b\u044f\u0442\u043e\u0440\u043d\u044b\u0439 \u0441\u0432\u0435\u0442\u043e\u0434\u0438\u043e\u0434\u043d\u044b\u0439 \u0444\u043e\u043d\u0430\u0440\u044c Work Flex BL30R Light 5 \u0412\u0442 VARTA"},"content":{"rendered":"<p>VARTA lukturi ir lieliski piem\u0113roti jebkurai situ\u0101cijai &#8211; m\u0101j\u0101s, darb\u0101 vai piedz\u012bvojumos \u0101rpus telp\u0101m.VARTA lukturu veiktsp\u0113ja piln\u012bb\u0101 atbilst ANSI standartam. VARTA apgaismojum\u0101 m\u0113s pied\u0101v\u0101jam ne tikai inovat\u012bvus produktus, bet ar\u012b garant\u0113jam visaugst\u0101ko kvalit\u0101ti. Lai vienm\u0113r kalpotu jums un j\u016bsu \u0123imenei.<\/p>\n","protected":false},"excerpt":{"rendered":"<p>VARTA lukturi ir lieliski piem\u0113roti jebkurai situ\u0101cijai &#8211; m\u0101j\u0101s, darb\u0101 vai piedz\u012bvojumos \u0101rpus telp\u0101m.VARTA lukturu veiktsp\u0113ja piln\u012bb\u0101 atbilst ANSI standartam. VARTA apgaismojum\u0101 m\u0113s pied\u0101v\u0101jam ne tikai inovat\u012bvus produktus, bet ar\u012b garant\u0113jam visaugst\u0101ko kvalit\u0101ti. Lai vienm\u0113r kalpotu jums un j\u016bsu \u0123imenei.<\/p>\n","protected":false},"featured_media":21641,"comment_status":"closed","ping_status":"closed","template":"","meta":{"inline_featured_image":false},"product_cat":[772,726],"product_tag":[],"yst_prominent_words":[],"class_list":{"0":"post-21635","1":"product","2":"type-product","3":"status-publish","4":"has-post-thumbnail","6":"product_cat-atlaides","7":"product_cat-kabatas","9":"first","10":"instock","11":"sale","12":"taxable","13":"shipping-taxable","14":"purchasable","15":"product-type-simple"},"jetpack_sharing_enabled":true,"_links":{"self":[{"href":"https:\/\/ddt.lv\/ru\/wp-json\/wp\/v2\/product\/21635"}],"collection":[{"href":"https:\/\/ddt.lv\/ru\/wp-json\/wp\/v2\/product"}],"about":[{"href":"https:\/\/ddt.lv\/ru\/wp-json\/wp\/v2\/types\/product"}],"replies":[{"embeddable":true,"href":"https:\/\/ddt.lv\/ru\/wp-json\/wp\/v2\/comments?post=21635"}],"wp:featuredmedia":[{"embeddable":true,"href":"https:\/\/ddt.lv\/ru\/wp-json\/wp\/v2\/media\/21641"}],"wp:attachment":[{"href":"https:\/\/ddt.lv\/ru\/wp-json\/wp\/v2\/media?parent=21635"}],"wp:term":[{"taxonomy":"product_cat","embeddable":true,"href":"https:\/\/ddt.lv\/ru\/wp-json\/wp\/v2\/product_cat?post=21635"},{"taxonomy":"product_tag","embeddable":true,"href":"https:\/\/ddt.lv\/ru\/wp-json\/wp\/v2\/product_tag?post=21635"},{"taxonomy":"yst_prominent_words","embeddable":true,"href":"https:\/\/ddt.lv\/ru\/wp-json\/wp\/v2\/yst_prominent_words?post=21635"}],"curies":[{"name":"wp","href":"https:\/\/api.w.org\/{rel}","templated":true}]}}