{"id":21498,"date":"2020-02-05T09:58:14","date_gmt":"2020-02-05T07:58:14","guid":{"rendered":"https:\/\/ddt.lv\/lv\/product\/led-prozektors-20w-ip65-6400k-melns-zext\/"},"modified":"2026-04-08T14:27:28","modified_gmt":"2026-04-08T11:27:28","slug":"led-prozektors-20w-ip65-6400k-melns-zext","status":"publish","type":"product","link":"https:\/\/ddt.lv\/ru\/product\/led-prozektors-20w-ip65-6400k-melns-zext\/","title":{"rendered":"(Latvie\u0161u) LED pro\u017eektors ZEXT 20W 1200lm 6400K IP65"},"content":{"rendered":"<p>Led pro\u017eektors no viena no liel\u0101kajiem un sen\u0101kajiem apgaismojuma ra\u017eot\u0101jiem ZeXt.<\/p>\n","protected":false},"excerpt":{"rendered":"<p>Led pro\u017eektors no viena no liel\u0101kajiem un sen\u0101kajiem apgaismojuma ra\u017eot\u0101jiem ZeXt.<\/p>\n","protected":false},"featured_media":21504,"comment_status":"closed","ping_status":"closed","template":"","meta":{"inline_featured_image":false},"product_cat":[1587,772,908],"product_tag":[],"yst_prominent_words":[],"class_list":{"0":"post-21498","1":"product","2":"type-product","3":"status-publish","4":"has-post-thumbnail","6":"product_cat-apgaismojums-virtenes","7":"product_cat-atlaides","8":"product_cat-led-prozektori","10":"first","11":"instock","12":"sale","13":"taxable","14":"shipping-taxable","15":"purchasable","16":"product-type-simple"},"jetpack_sharing_enabled":true,"_links":{"self":[{"href":"https:\/\/ddt.lv\/ru\/wp-json\/wp\/v2\/product\/21498"}],"collection":[{"href":"https:\/\/ddt.lv\/ru\/wp-json\/wp\/v2\/product"}],"about":[{"href":"https:\/\/ddt.lv\/ru\/wp-json\/wp\/v2\/types\/product"}],"replies":[{"embeddable":true,"href":"https:\/\/ddt.lv\/ru\/wp-json\/wp\/v2\/comments?post=21498"}],"wp:featuredmedia":[{"embeddable":true,"href":"https:\/\/ddt.lv\/ru\/wp-json\/wp\/v2\/media\/21504"}],"wp:attachment":[{"href":"https:\/\/ddt.lv\/ru\/wp-json\/wp\/v2\/media?parent=21498"}],"wp:term":[{"taxonomy":"product_cat","embeddable":true,"href":"https:\/\/ddt.lv\/ru\/wp-json\/wp\/v2\/product_cat?post=21498"},{"taxonomy":"product_tag","embeddable":true,"href":"https:\/\/ddt.lv\/ru\/wp-json\/wp\/v2\/product_tag?post=21498"},{"taxonomy":"yst_prominent_words","embeddable":true,"href":"https:\/\/ddt.lv\/ru\/wp-json\/wp\/v2\/yst_prominent_words?post=21498"}],"curies":[{"name":"wp","href":"https:\/\/api.w.org\/{rel}","templated":true}]}}