{"id":21451,"date":"2020-02-04T11:40:06","date_gmt":"2020-02-04T09:40:06","guid":{"rendered":"https:\/\/ddt.lv\/lv\/product\/termostats-5-30c-2xaa-emos\/"},"modified":"2026-04-08T14:36:17","modified_gmt":"2026-04-08T11:36:17","slug":"termostats-5-30c-2xaa-emos","status":"publish","type":"product","link":"https:\/\/ddt.lv\/ru\/product\/termostats-5-30c-2xaa-emos\/","title":{"rendered":"(Latvie\u0161u) Termostats  5-30\u00b0C 2xAA EMOS"},"content":{"rendered":"<p>Digit\u0101ls\u00a0 termostats telp\u0101m, autom\u0101tiskai apkures sist\u0113mu kontrolei dz\u012bvok\u013cos, m\u0101j\u0101s un birojos. Iesp\u0113ja iestat\u012bt konkr\u0113tu grafiku. Bezvadu dizains \u0113rtai atsauces telpas mai\u0146ai.<\/p>\n","protected":false},"excerpt":{"rendered":"<p>Digit\u0101ls\u00a0 termostats telp\u0101m, autom\u0101tiskai apkures sist\u0113mu kontrolei dz\u012bvok\u013cos, m\u0101j\u0101s un birojos. Iesp\u0113ja iestat\u012bt konkr\u0113tu grafiku. Bezvadu dizains \u0113rtai atsauces telpas mai\u0146ai.<\/p>\n","protected":false},"featured_media":21493,"comment_status":"closed","ping_status":"closed","template":"","meta":{"inline_featured_image":false},"product_cat":[838],"product_tag":[],"yst_prominent_words":[],"class_list":{"0":"post-21451","1":"product","2":"type-product","3":"status-publish","4":"has-post-thumbnail","6":"product_cat-termostati","8":"first","9":"instock","10":"taxable","11":"shipping-taxable","12":"purchasable","13":"product-type-simple"},"jetpack_sharing_enabled":true,"_links":{"self":[{"href":"https:\/\/ddt.lv\/ru\/wp-json\/wp\/v2\/product\/21451"}],"collection":[{"href":"https:\/\/ddt.lv\/ru\/wp-json\/wp\/v2\/product"}],"about":[{"href":"https:\/\/ddt.lv\/ru\/wp-json\/wp\/v2\/types\/product"}],"replies":[{"embeddable":true,"href":"https:\/\/ddt.lv\/ru\/wp-json\/wp\/v2\/comments?post=21451"}],"wp:featuredmedia":[{"embeddable":true,"href":"https:\/\/ddt.lv\/ru\/wp-json\/wp\/v2\/media\/21493"}],"wp:attachment":[{"href":"https:\/\/ddt.lv\/ru\/wp-json\/wp\/v2\/media?parent=21451"}],"wp:term":[{"taxonomy":"product_cat","embeddable":true,"href":"https:\/\/ddt.lv\/ru\/wp-json\/wp\/v2\/product_cat?post=21451"},{"taxonomy":"product_tag","embeddable":true,"href":"https:\/\/ddt.lv\/ru\/wp-json\/wp\/v2\/product_tag?post=21451"},{"taxonomy":"yst_prominent_words","embeddable":true,"href":"https:\/\/ddt.lv\/ru\/wp-json\/wp\/v2\/yst_prominent_words?post=21451"}],"curies":[{"name":"wp","href":"https:\/\/api.w.org\/{rel}","templated":true}]}}