{"id":21450,"date":"2020-02-04T11:40:06","date_gmt":"2020-02-04T09:40:06","guid":{"rendered":"https:\/\/ddt.lv\/lv\/product\/termostats-radiatoriem-5-30c-2xaa-emos\/"},"modified":"2026-04-08T14:36:17","modified_gmt":"2026-04-08T11:36:17","slug":"termostats-radiatoriem-5-30c-2xaa-emos","status":"publish","type":"product","link":"https:\/\/ddt.lv\/ru\/product\/termostats-radiatoriem-5-30c-2xaa-emos\/","title":{"rendered":"(Latvie\u0161u) Termostats radiatoriem 5-30\u00b0C 2xAA EMOS"},"content":{"rendered":"<p>Digit\u0101l\u0101 termostatisk\u0101 galva apkures sist\u0113mu regul\u0113\u0161anai. Galva regul\u0113 radi\u0101toru, izmantojot regul\u0113jamas programmas. T\u0101 sp\u0113j atpaz\u012bt atv\u0113rtus logus, un tai ir b\u0113rnu dro\u0161\u012bbas aizsardz\u012bba.<\/p>\n","protected":false},"excerpt":{"rendered":"<p>Digit\u0101l\u0101 termostatisk\u0101 galva apkures sist\u0113mu regul\u0113\u0161anai. Galva regul\u0113 radi\u0101toru, izmantojot regul\u0113jamas programmas. T\u0101 sp\u0113j atpaz\u012bt atv\u0113rtus logus, un tai ir b\u0113rnu dro\u0161\u012bbas aizsardz\u012bba.<\/p>\n","protected":false},"featured_media":21462,"comment_status":"closed","ping_status":"closed","template":"","meta":{"inline_featured_image":false},"product_cat":[772,838],"product_tag":[],"yst_prominent_words":[],"class_list":{"0":"post-21450","1":"product","2":"type-product","3":"status-publish","4":"has-post-thumbnail","6":"product_cat-atlaides","7":"product_cat-termostati","9":"first","10":"outofstock","11":"sale","12":"taxable","13":"shipping-taxable","14":"purchasable","15":"product-type-simple"},"jetpack_sharing_enabled":true,"_links":{"self":[{"href":"https:\/\/ddt.lv\/ru\/wp-json\/wp\/v2\/product\/21450"}],"collection":[{"href":"https:\/\/ddt.lv\/ru\/wp-json\/wp\/v2\/product"}],"about":[{"href":"https:\/\/ddt.lv\/ru\/wp-json\/wp\/v2\/types\/product"}],"replies":[{"embeddable":true,"href":"https:\/\/ddt.lv\/ru\/wp-json\/wp\/v2\/comments?post=21450"}],"wp:featuredmedia":[{"embeddable":true,"href":"https:\/\/ddt.lv\/ru\/wp-json\/wp\/v2\/media\/21462"}],"wp:attachment":[{"href":"https:\/\/ddt.lv\/ru\/wp-json\/wp\/v2\/media?parent=21450"}],"wp:term":[{"taxonomy":"product_cat","embeddable":true,"href":"https:\/\/ddt.lv\/ru\/wp-json\/wp\/v2\/product_cat?post=21450"},{"taxonomy":"product_tag","embeddable":true,"href":"https:\/\/ddt.lv\/ru\/wp-json\/wp\/v2\/product_tag?post=21450"},{"taxonomy":"yst_prominent_words","embeddable":true,"href":"https:\/\/ddt.lv\/ru\/wp-json\/wp\/v2\/yst_prominent_words?post=21450"}],"curies":[{"name":"wp","href":"https:\/\/api.w.org\/{rel}","templated":true}]}}