{"id":21369,"date":"2020-01-31T13:14:40","date_gmt":"2020-01-31T11:14:40","guid":{"rendered":"https:\/\/ddt.lv\/lv\/product\/e27-14w-220v-240v-815lm-2u-2700k-8kh-midea-ekonom-spuldze\/"},"modified":"2026-04-06T10:47:14","modified_gmt":"2026-04-06T07:47:14","slug":"e27-14w-220v-240v-815lm-2u-2700k-8kh-midea-ekonom-spuldze","status":"publish","type":"product","link":"https:\/\/ddt.lv\/ru\/product\/e27-14w-220v-240v-815lm-2u-2700k-8kh-midea-ekonom-spuldze\/","title":{"rendered":"\u041b\u044e\u043c\u0438\u043d\u0435\u0441\u0446\u0435\u043d\u0442\u043d\u0430\u044f \u043b\u0430\u043c\u043f\u0430 Midea E27 14\u0412\u0442 220-240\u0412 815\u043b\u043c 2U 2700\u041a 8000\u0447"},"content":{"rendered":"<p>Atvainojiet, inform\u0101cija tiek papildin\u0101ta. Ja rodas jaut\u0101jumi par k\u0101du no produktiem, dro\u0161i, sazinieties ar mums!<\/p>\n","protected":false},"excerpt":{"rendered":"<p>Atvainojiet, inform\u0101cija tiek papildin\u0101ta. Ja rodas jaut\u0101jumi par k\u0101du no produktiem, dro\u0161i, sazinieties ar mums!<\/p>\n","protected":false},"featured_media":21380,"comment_status":"closed","ping_status":"closed","template":"","meta":{"inline_featured_image":false},"product_cat":[772,873],"product_tag":[],"yst_prominent_words":[],"class_list":{"0":"post-21369","1":"product","2":"type-product","3":"status-publish","4":"has-post-thumbnail","6":"product_cat-atlaides","7":"product_cat-energoefektivas-spuldzes-luminiscentas-spuldzes-spuldzes","9":"first","10":"instock","11":"sale","12":"taxable","13":"shipping-taxable","14":"purchasable","15":"product-type-simple"},"jetpack_sharing_enabled":true,"_links":{"self":[{"href":"https:\/\/ddt.lv\/ru\/wp-json\/wp\/v2\/product\/21369"}],"collection":[{"href":"https:\/\/ddt.lv\/ru\/wp-json\/wp\/v2\/product"}],"about":[{"href":"https:\/\/ddt.lv\/ru\/wp-json\/wp\/v2\/types\/product"}],"replies":[{"embeddable":true,"href":"https:\/\/ddt.lv\/ru\/wp-json\/wp\/v2\/comments?post=21369"}],"wp:featuredmedia":[{"embeddable":true,"href":"https:\/\/ddt.lv\/ru\/wp-json\/wp\/v2\/media\/21380"}],"wp:attachment":[{"href":"https:\/\/ddt.lv\/ru\/wp-json\/wp\/v2\/media?parent=21369"}],"wp:term":[{"taxonomy":"product_cat","embeddable":true,"href":"https:\/\/ddt.lv\/ru\/wp-json\/wp\/v2\/product_cat?post=21369"},{"taxonomy":"product_tag","embeddable":true,"href":"https:\/\/ddt.lv\/ru\/wp-json\/wp\/v2\/product_tag?post=21369"},{"taxonomy":"yst_prominent_words","embeddable":true,"href":"https:\/\/ddt.lv\/ru\/wp-json\/wp\/v2\/yst_prominent_words?post=21369"}],"curies":[{"name":"wp","href":"https:\/\/api.w.org\/{rel}","templated":true}]}}