{"id":21367,"date":"2020-01-31T13:14:40","date_gmt":"2020-01-31T11:14:40","guid":{"rendered":"https:\/\/ddt.lv\/lv\/product\/e14-11w-230v-532lm-spirale-t2-2700k-8kh-lux-power-ek-sp\/"},"modified":"2026-04-06T10:47:05","modified_gmt":"2026-04-06T07:47:05","slug":"e14-11w-230v-532lm-spirale-t2-2700k-8kh-lux-power-ek-sp","status":"publish","type":"product","link":"https:\/\/ddt.lv\/ru\/product\/e14-11w-230v-532lm-spirale-t2-2700k-8kh-lux-power-ek-sp\/","title":{"rendered":"\u041b\u044e\u043c\u0438\u043d\u0435\u0441\u0446\u0435\u043d\u0442\u043d\u0430\u044f \u043b\u0430\u043c\u043f\u0430 Lux Power E14 11W 230V 532lm T2 2700K 8000h"},"content":{"rendered":"<p>Atvainojiet, inform\u0101cija tiek papildin\u0101ta. Ja rodas jaut\u0101jumi par k\u0101du no produktiem, dro\u0161i, sazinieties ar mums!<\/p>\n","protected":false},"excerpt":{"rendered":"<p>Atvainojiet, inform\u0101cija tiek papildin\u0101ta. Ja rodas jaut\u0101jumi par k\u0101du no produktiem, dro\u0161i, sazinieties ar mums!<\/p>\n","protected":false},"featured_media":21388,"comment_status":"closed","ping_status":"closed","template":"","meta":{"inline_featured_image":false},"product_cat":[772,873],"product_tag":[],"yst_prominent_words":[],"class_list":{"0":"post-21367","1":"product","2":"type-product","3":"status-publish","4":"has-post-thumbnail","6":"product_cat-atlaides","7":"product_cat-energoefektivas-spuldzes-luminiscentas-spuldzes-spuldzes","9":"first","10":"instock","11":"sale","12":"taxable","13":"shipping-taxable","14":"purchasable","15":"product-type-simple"},"jetpack_sharing_enabled":true,"_links":{"self":[{"href":"https:\/\/ddt.lv\/ru\/wp-json\/wp\/v2\/product\/21367"}],"collection":[{"href":"https:\/\/ddt.lv\/ru\/wp-json\/wp\/v2\/product"}],"about":[{"href":"https:\/\/ddt.lv\/ru\/wp-json\/wp\/v2\/types\/product"}],"replies":[{"embeddable":true,"href":"https:\/\/ddt.lv\/ru\/wp-json\/wp\/v2\/comments?post=21367"}],"wp:featuredmedia":[{"embeddable":true,"href":"https:\/\/ddt.lv\/ru\/wp-json\/wp\/v2\/media\/21388"}],"wp:attachment":[{"href":"https:\/\/ddt.lv\/ru\/wp-json\/wp\/v2\/media?parent=21367"}],"wp:term":[{"taxonomy":"product_cat","embeddable":true,"href":"https:\/\/ddt.lv\/ru\/wp-json\/wp\/v2\/product_cat?post=21367"},{"taxonomy":"product_tag","embeddable":true,"href":"https:\/\/ddt.lv\/ru\/wp-json\/wp\/v2\/product_tag?post=21367"},{"taxonomy":"yst_prominent_words","embeddable":true,"href":"https:\/\/ddt.lv\/ru\/wp-json\/wp\/v2\/yst_prominent_words?post=21367"}],"curies":[{"name":"wp","href":"https:\/\/api.w.org\/{rel}","templated":true}]}}