{"id":21357,"date":"2020-01-30T15:46:42","date_gmt":"2020-01-30T13:46:42","guid":{"rendered":"https:\/\/ddt.lv\/lv\/product\/ultraskanas-attaluma-meritajs-ar-lazeri-0-91-15m-1x9vvorel\/"},"modified":"2026-04-13T09:52:18","modified_gmt":"2026-04-13T06:52:18","slug":"ultraskanas-attaluma-meritajs-ar-lazeri-0-91-15m-1x9vvorel","status":"publish","type":"product","link":"https:\/\/ddt.lv\/ru\/product\/ultraskanas-attaluma-meritajs-ar-lazeri-0-91-15m-1x9vvorel\/","title":{"rendered":"\u0423\u043b\u044c\u0442\u0440\u0430\u0437\u0432\u0443\u043a\u043e\u0432\u043e\u0439 \u0434\u0430\u043b\u044c\u043d\u043e\u043c\u0435\u0440 \u0441 \u043b\u0430\u0437\u0435\u0440\u043e\u043c 0,91-15\u043c (1\u04459\u0412) \u0412\u041e\u0420\u0415\u041b"},"content":{"rendered":"<p>Ultraska\u0146as att\u0101luma m\u0113r\u012btajs ar l\u0101zeri no ra\u017eot\u0101ja Vorel. 9V baterija komplekt\u0101!<\/p>\n","protected":false},"excerpt":{"rendered":"<p>Ultraska\u0146as att\u0101luma m\u0113r\u012btajs ar l\u0101zeri no ra\u017eot\u0101ja Vorel. 9V baterija komplekt\u0101!<\/p>\n","protected":false},"featured_media":21360,"comment_status":"closed","ping_status":"closed","template":"","meta":{"inline_featured_image":false},"product_cat":[1505],"product_tag":[],"yst_prominent_words":[],"class_list":{"0":"post-21357","1":"product","2":"type-product","3":"status-publish","4":"has-post-thumbnail","6":"product_cat-meritaji-vadu-detektori-u-c","8":"first","9":"instock","10":"taxable","11":"shipping-taxable","12":"purchasable","13":"product-type-simple"},"jetpack_sharing_enabled":true,"_links":{"self":[{"href":"https:\/\/ddt.lv\/ru\/wp-json\/wp\/v2\/product\/21357"}],"collection":[{"href":"https:\/\/ddt.lv\/ru\/wp-json\/wp\/v2\/product"}],"about":[{"href":"https:\/\/ddt.lv\/ru\/wp-json\/wp\/v2\/types\/product"}],"replies":[{"embeddable":true,"href":"https:\/\/ddt.lv\/ru\/wp-json\/wp\/v2\/comments?post=21357"}],"wp:featuredmedia":[{"embeddable":true,"href":"https:\/\/ddt.lv\/ru\/wp-json\/wp\/v2\/media\/21360"}],"wp:attachment":[{"href":"https:\/\/ddt.lv\/ru\/wp-json\/wp\/v2\/media?parent=21357"}],"wp:term":[{"taxonomy":"product_cat","embeddable":true,"href":"https:\/\/ddt.lv\/ru\/wp-json\/wp\/v2\/product_cat?post=21357"},{"taxonomy":"product_tag","embeddable":true,"href":"https:\/\/ddt.lv\/ru\/wp-json\/wp\/v2\/product_tag?post=21357"},{"taxonomy":"yst_prominent_words","embeddable":true,"href":"https:\/\/ddt.lv\/ru\/wp-json\/wp\/v2\/yst_prominent_words?post=21357"}],"curies":[{"name":"wp","href":"https:\/\/api.w.org\/{rel}","templated":true}]}}