{"id":21280,"date":"2020-01-29T14:56:04","date_gmt":"2020-01-29T12:56:04","guid":{"rendered":"https:\/\/ddt.lv\/lv\/product\/sprieguma-testeris-70-1000v-2xaaa-emos\/"},"modified":"2026-04-06T10:51:24","modified_gmt":"2026-04-06T07:51:24","slug":"sprieguma-testeris-70-1000v-2xaaa-emos","status":"publish","type":"product","link":"https:\/\/ddt.lv\/ru\/product\/sprieguma-testeris-70-1000v-2xaaa-emos\/","title":{"rendered":"\u0422\u0435\u0441\u0442\u0435\u0440 \u043d\u0430\u043f\u0440\u044f\u0436\u0435\u043d\u0438\u044f 70-1000\u0412 (2\u0445\u0410\u0410\u0410) \u0431\u0435\u0441\u043a\u043e\u043d\u0442\u0430\u043a\u0442\u043d\u044b\u0439 EMOS"},"content":{"rendered":"<p>Sprieguma detektors ar audio un optisko sign\u0101lu. Detektors m\u0113ra spriegumu sienas kontaktligzd\u0101s, str\u0101vas kabe\u013cos utt.<\/p>\n","protected":false},"excerpt":{"rendered":"<p>Sprieguma detektors ar audio un optisko sign\u0101lu. Detektors m\u0113ra spriegumu sienas kontaktligzd\u0101s, str\u0101vas kabe\u013cos utt.<\/p>\n","protected":false},"featured_media":21326,"comment_status":"closed","ping_status":"closed","template":"","meta":{"inline_featured_image":false},"product_cat":[1504],"product_tag":[],"yst_prominent_words":[],"class_list":{"0":"post-21280","1":"product","2":"type-product","3":"status-publish","4":"has-post-thumbnail","6":"product_cat-multimetri-un-testeri-merinstrumenti","8":"first","9":"instock","10":"taxable","11":"shipping-taxable","12":"purchasable","13":"product-type-simple"},"jetpack_sharing_enabled":true,"_links":{"self":[{"href":"https:\/\/ddt.lv\/ru\/wp-json\/wp\/v2\/product\/21280"}],"collection":[{"href":"https:\/\/ddt.lv\/ru\/wp-json\/wp\/v2\/product"}],"about":[{"href":"https:\/\/ddt.lv\/ru\/wp-json\/wp\/v2\/types\/product"}],"replies":[{"embeddable":true,"href":"https:\/\/ddt.lv\/ru\/wp-json\/wp\/v2\/comments?post=21280"}],"wp:featuredmedia":[{"embeddable":true,"href":"https:\/\/ddt.lv\/ru\/wp-json\/wp\/v2\/media\/21326"}],"wp:attachment":[{"href":"https:\/\/ddt.lv\/ru\/wp-json\/wp\/v2\/media?parent=21280"}],"wp:term":[{"taxonomy":"product_cat","embeddable":true,"href":"https:\/\/ddt.lv\/ru\/wp-json\/wp\/v2\/product_cat?post=21280"},{"taxonomy":"product_tag","embeddable":true,"href":"https:\/\/ddt.lv\/ru\/wp-json\/wp\/v2\/product_tag?post=21280"},{"taxonomy":"yst_prominent_words","embeddable":true,"href":"https:\/\/ddt.lv\/ru\/wp-json\/wp\/v2\/yst_prominent_words?post=21280"}],"curies":[{"name":"wp","href":"https:\/\/api.w.org\/{rel}","templated":true}]}}