{"id":21278,"date":"2020-01-29T14:56:03","date_gmt":"2020-01-29T12:56:03","guid":{"rendered":"https:\/\/ddt.lv\/lv\/product\/multimetrs-1x12v-kompl-baterija-200mv-600v-emos\/"},"modified":"2026-04-06T10:48:15","modified_gmt":"2026-04-06T07:48:15","slug":"multimetrs-1x12v-kompl-baterija-200mv-600v-emos","status":"publish","type":"product","link":"https:\/\/ddt.lv\/ru\/product\/multimetrs-1x12v-kompl-baterija-200mv-600v-emos\/","title":{"rendered":"\u041c\u0443\u043b\u044c\u0442\u0438\u043c\u0435\u0442\u0440 1\u044512\u0412 \u0432 \u043a\u043e\u043c\u043f\u043b\u0435\u043a\u0442\u0435 \u0430\u043a\u043a\u0443\u043c\u0443\u043b\u044f\u0442\u043e\u0440 200\u043c\u0412-600\u0412 EMOS"},"content":{"rendered":"<p>Multimetrs ir \u0113rts m\u0113r\u012bjumu veik\u0161anai,\u00a0 \u0160is multimetrs Jums pal\u012bdz\u0113s vienm\u0113r, kad b\u016bs nepiecie\u0161ams str\u0101d\u0101t ar elektr\u012bbu.<\/p>\n","protected":false},"excerpt":{"rendered":"<p>Multimetrs ir \u0113rts m\u0113r\u012bjumu veik\u0161anai,\u00a0 \u0160is multimetrs Jums pal\u012bdz\u0113s vienm\u0113r, kad b\u016bs nepiecie\u0161ams str\u0101d\u0101t ar elektr\u012bbu.<\/p>\n","protected":false},"featured_media":21338,"comment_status":"closed","ping_status":"closed","template":"","meta":{"inline_featured_image":false},"product_cat":[1504],"product_tag":[],"yst_prominent_words":[],"class_list":{"0":"post-21278","1":"product","2":"type-product","3":"status-publish","4":"has-post-thumbnail","6":"product_cat-multimetri-un-testeri-merinstrumenti","8":"first","9":"instock","10":"taxable","11":"shipping-taxable","12":"purchasable","13":"product-type-simple"},"jetpack_sharing_enabled":true,"_links":{"self":[{"href":"https:\/\/ddt.lv\/ru\/wp-json\/wp\/v2\/product\/21278"}],"collection":[{"href":"https:\/\/ddt.lv\/ru\/wp-json\/wp\/v2\/product"}],"about":[{"href":"https:\/\/ddt.lv\/ru\/wp-json\/wp\/v2\/types\/product"}],"replies":[{"embeddable":true,"href":"https:\/\/ddt.lv\/ru\/wp-json\/wp\/v2\/comments?post=21278"}],"wp:featuredmedia":[{"embeddable":true,"href":"https:\/\/ddt.lv\/ru\/wp-json\/wp\/v2\/media\/21338"}],"wp:attachment":[{"href":"https:\/\/ddt.lv\/ru\/wp-json\/wp\/v2\/media?parent=21278"}],"wp:term":[{"taxonomy":"product_cat","embeddable":true,"href":"https:\/\/ddt.lv\/ru\/wp-json\/wp\/v2\/product_cat?post=21278"},{"taxonomy":"product_tag","embeddable":true,"href":"https:\/\/ddt.lv\/ru\/wp-json\/wp\/v2\/product_tag?post=21278"},{"taxonomy":"yst_prominent_words","embeddable":true,"href":"https:\/\/ddt.lv\/ru\/wp-json\/wp\/v2\/yst_prominent_words?post=21278"}],"curies":[{"name":"wp","href":"https:\/\/api.w.org\/{rel}","templated":true}]}}