{"id":21276,"date":"2020-01-29T14:56:03","date_gmt":"2020-01-29T12:56:03","guid":{"rendered":"https:\/\/ddt.lv\/lv\/product\/multimetra-vadu-komplekts-2a-max800v-cat-iii-emos\/"},"modified":"2026-04-06T10:52:44","modified_gmt":"2026-04-06T07:52:44","slug":"multimetra-vadu-komplekts-2a-max800v-cat-iii-emos","status":"publish","type":"product","link":"https:\/\/ddt.lv\/ru\/product\/multimetra-vadu-komplekts-2a-max800v-cat-iii-emos\/","title":{"rendered":"\u041a\u043e\u043c\u043f\u043b\u0435\u043a\u0442 \u043f\u0440\u043e\u0432\u043e\u0434\u043e\u0432 \u043c\u0443\u043b\u044c\u0442\u0438\u043c\u0435\u0442\u0440\u0430 2A max800V CAT III EMOS"},"content":{"rendered":"<p>L4126 m\u0113r\u012b\u0161anas uzga\u013cu komplekts. M\u0113r\u012b\u0161anas uzga\u013ci, kas paredz\u0113ti savieno\u0161anai ar multimetru. M\u0113r\u012b\u0161anas uzga\u013ci ir meln\u0101 un sarkan\u0101 kr\u0101s\u0101 un ir iesai\u0146oti kast\u0113.<\/p>\n","protected":false},"excerpt":{"rendered":"<p>L4126 m\u0113r\u012b\u0161anas uzga\u013cu komplekts. M\u0113r\u012b\u0161anas uzga\u013ci, kas paredz\u0113ti savieno\u0161anai ar multimetru. M\u0113r\u012b\u0161anas uzga\u013ci ir meln\u0101 un sarkan\u0101 kr\u0101s\u0101 un ir iesai\u0146oti kast\u0113.<\/p>\n","protected":false},"featured_media":21334,"comment_status":"closed","ping_status":"closed","template":"","meta":{"inline_featured_image":false},"product_cat":[1504],"product_tag":[],"yst_prominent_words":[],"class_list":{"0":"post-21276","1":"product","2":"type-product","3":"status-publish","4":"has-post-thumbnail","6":"product_cat-multimetri-un-testeri-merinstrumenti","8":"first","9":"outofstock","10":"taxable","11":"shipping-taxable","12":"purchasable","13":"product-type-simple"},"jetpack_sharing_enabled":true,"_links":{"self":[{"href":"https:\/\/ddt.lv\/ru\/wp-json\/wp\/v2\/product\/21276"}],"collection":[{"href":"https:\/\/ddt.lv\/ru\/wp-json\/wp\/v2\/product"}],"about":[{"href":"https:\/\/ddt.lv\/ru\/wp-json\/wp\/v2\/types\/product"}],"replies":[{"embeddable":true,"href":"https:\/\/ddt.lv\/ru\/wp-json\/wp\/v2\/comments?post=21276"}],"wp:featuredmedia":[{"embeddable":true,"href":"https:\/\/ddt.lv\/ru\/wp-json\/wp\/v2\/media\/21334"}],"wp:attachment":[{"href":"https:\/\/ddt.lv\/ru\/wp-json\/wp\/v2\/media?parent=21276"}],"wp:term":[{"taxonomy":"product_cat","embeddable":true,"href":"https:\/\/ddt.lv\/ru\/wp-json\/wp\/v2\/product_cat?post=21276"},{"taxonomy":"product_tag","embeddable":true,"href":"https:\/\/ddt.lv\/ru\/wp-json\/wp\/v2\/product_tag?post=21276"},{"taxonomy":"yst_prominent_words","embeddable":true,"href":"https:\/\/ddt.lv\/ru\/wp-json\/wp\/v2\/yst_prominent_words?post=21276"}],"curies":[{"name":"wp","href":"https:\/\/api.w.org\/{rel}","templated":true}]}}