{"id":21205,"date":"2020-01-29T12:06:25","date_gmt":"2020-01-29T10:06:25","guid":{"rendered":"https:\/\/ddt.lv\/lv\/product\/4006-10-baterija-industrial-pro-tray10-varta\/"},"modified":"2026-04-06T10:56:45","modified_gmt":"2026-04-06T07:56:45","slug":"4006-10-baterija-industrial-pro-tray10-varta","status":"publish","type":"product","link":"https:\/\/ddt.lv\/ru\/product\/latviesu-4006-10-aa-baterijas-varta-industrial-pro-tray10-10gb\/","title":{"rendered":"\u0411\u0430\u0442\u0430\u0440\u0435\u0439\u043a\u0430 4006\/10 AA INDUSTRIAL PRO Box10 VARTA 10 \u0448\u0442."},"content":{"rendered":"<p>Industrial s\u0113rija ir \u012bpa\u0161i piem\u0113rota gala pat\u0113r\u0113t\u0101jiem &#8211; r\u016bpn\u012bc\u0101m, pulkste\u0146u darbn\u012bc\u0101m, laboratorij\u0101m. Sp\u0113c\u012bg\u0101 Alkaline \u0137\u012bmisk\u0101 sist\u0113ma par l\u0113t\u0101ku cenu, jo tiek ekonom\u0113ts uz tirdzniec\u012bbai paredz\u0113tiem izejmateri\u0101liem &#8211; iepakojumu un apdruku.<\/p>\n","protected":false},"excerpt":{"rendered":"<p>Industrial s\u0113rija ir \u012bpa\u0161i piem\u0113rota gala pat\u0113r\u0113t\u0101jiem &#8211; r\u016bpn\u012bc\u0101m, pulkste\u0146u darbn\u012bc\u0101m, laboratorij\u0101m. Sp\u0113c\u012bg\u0101 Alkaline \u0137\u012bmisk\u0101 sist\u0113ma par l\u0113t\u0101ku cenu, jo tiek ekonom\u0113ts uz tirdzniec\u012bbai paredz\u0113tiem izejmateri\u0101liem &#8211; iepakojumu un apdruku.<\/p>\n","protected":false},"featured_media":33168,"comment_status":"closed","ping_status":"closed","template":"","meta":{"inline_featured_image":false},"product_cat":[772,441],"product_tag":[],"yst_prominent_words":[],"class_list":{"0":"post-21205","1":"product","2":"type-product","3":"status-publish","4":"has-post-thumbnail","6":"product_cat-atlaides","7":"product_cat-aa","9":"first","10":"instock","11":"sale","12":"taxable","13":"shipping-taxable","14":"purchasable","15":"product-type-simple"},"jetpack_sharing_enabled":true,"_links":{"self":[{"href":"https:\/\/ddt.lv\/ru\/wp-json\/wp\/v2\/product\/21205"}],"collection":[{"href":"https:\/\/ddt.lv\/ru\/wp-json\/wp\/v2\/product"}],"about":[{"href":"https:\/\/ddt.lv\/ru\/wp-json\/wp\/v2\/types\/product"}],"replies":[{"embeddable":true,"href":"https:\/\/ddt.lv\/ru\/wp-json\/wp\/v2\/comments?post=21205"}],"wp:featuredmedia":[{"embeddable":true,"href":"https:\/\/ddt.lv\/ru\/wp-json\/wp\/v2\/media\/33168"}],"wp:attachment":[{"href":"https:\/\/ddt.lv\/ru\/wp-json\/wp\/v2\/media?parent=21205"}],"wp:term":[{"taxonomy":"product_cat","embeddable":true,"href":"https:\/\/ddt.lv\/ru\/wp-json\/wp\/v2\/product_cat?post=21205"},{"taxonomy":"product_tag","embeddable":true,"href":"https:\/\/ddt.lv\/ru\/wp-json\/wp\/v2\/product_tag?post=21205"},{"taxonomy":"yst_prominent_words","embeddable":true,"href":"https:\/\/ddt.lv\/ru\/wp-json\/wp\/v2\/yst_prominent_words?post=21205"}],"curies":[{"name":"wp","href":"https:\/\/api.w.org\/{rel}","templated":true}]}}