{"id":21189,"date":"2020-01-29T11:38:10","date_gmt":"2020-01-29T09:38:10","guid":{"rendered":"https:\/\/ddt.lv\/lv\/product\/virtuves-svari-digitalie-5kg-zalii-1xcr2032-emos\/"},"modified":"2026-04-08T14:36:50","modified_gmt":"2026-04-08T11:36:50","slug":"virtuves-svari-digitalie-5kg-zalii-1xcr2032-emos","status":"publish","type":"product","link":"https:\/\/ddt.lv\/ru\/product\/virtuves-svari-digitalie-5kg-zalii-1xcr2032-emos\/","title":{"rendered":"\u0412\u0435\u0441\u044b \u043a\u0443\u0445\u043e\u043d\u043d\u044b\u0435 \u0446\u0438\u0444\u0440\u043e\u0432\u044b\u0435, 5\u043a\u0433, \u0437\u0435\u043b\u0435\u043d\u044b\u0435 (1xCR2032) EMOS"},"content":{"rendered":"<p>Virtuves svari ir praktisks piederums ikvienai virtuvei. Pateicoties to stil\u012bgajam dizainam, tiem noteikti atrad\u012bsies vieta katr\u0101 virtuv\u0113!<\/p>\n","protected":false},"excerpt":{"rendered":"<p>Virtuves svari ir praktisks piederums ikvienai virtuvei. Pateicoties to stil\u012bgajam dizainam, tiem noteikti atrad\u012bsies vieta katr\u0101 virtuv\u0113!<\/p>\n","protected":false},"featured_media":21254,"comment_status":"closed","ping_status":"closed","template":"","meta":{"inline_featured_image":false},"product_cat":[793],"product_tag":[],"yst_prominent_words":[],"class_list":{"0":"post-21189","1":"product","2":"type-product","3":"status-publish","4":"has-post-thumbnail","6":"product_cat-virtuves-svari","8":"first","9":"outofstock","10":"taxable","11":"shipping-taxable","12":"purchasable","13":"product-type-simple"},"jetpack_sharing_enabled":true,"_links":{"self":[{"href":"https:\/\/ddt.lv\/ru\/wp-json\/wp\/v2\/product\/21189"}],"collection":[{"href":"https:\/\/ddt.lv\/ru\/wp-json\/wp\/v2\/product"}],"about":[{"href":"https:\/\/ddt.lv\/ru\/wp-json\/wp\/v2\/types\/product"}],"replies":[{"embeddable":true,"href":"https:\/\/ddt.lv\/ru\/wp-json\/wp\/v2\/comments?post=21189"}],"wp:featuredmedia":[{"embeddable":true,"href":"https:\/\/ddt.lv\/ru\/wp-json\/wp\/v2\/media\/21254"}],"wp:attachment":[{"href":"https:\/\/ddt.lv\/ru\/wp-json\/wp\/v2\/media?parent=21189"}],"wp:term":[{"taxonomy":"product_cat","embeddable":true,"href":"https:\/\/ddt.lv\/ru\/wp-json\/wp\/v2\/product_cat?post=21189"},{"taxonomy":"product_tag","embeddable":true,"href":"https:\/\/ddt.lv\/ru\/wp-json\/wp\/v2\/product_tag?post=21189"},{"taxonomy":"yst_prominent_words","embeddable":true,"href":"https:\/\/ddt.lv\/ru\/wp-json\/wp\/v2\/yst_prominent_words?post=21189"}],"curies":[{"name":"wp","href":"https:\/\/api.w.org\/{rel}","templated":true}]}}