{"id":21074,"date":"2020-01-27T14:44:10","date_gmt":"2020-01-27T12:44:10","guid":{"rendered":"https:\/\/ddt.lv\/lv\/product\/kustibu-sensors-120-max-6m-800w-ip20-balts-emos\/"},"modified":"2026-04-08T14:30:52","modified_gmt":"2026-04-08T11:30:52","slug":"kustibu-sensors-120-max-6m-800w-ip20-balts-emos","status":"publish","type":"product","link":"https:\/\/ddt.lv\/ru\/product\/latviesu-kustibu-sensors-emos-120-max-6m-800w-ip20\/","title":{"rendered":"(Latvie\u0161u) Kust\u012bbu sensors EMOS 120&#8242;, max 6m 800W IP20"},"content":{"rendered":"<p>Kust\u012bbu sensors 120&#8242; no ra\u017eot\u0101ja Emos.<\/p>\n","protected":false},"excerpt":{"rendered":"<p>Kust\u012bbu sensors 120&#8242; no ra\u017eot\u0101ja Emos.<\/p>\n","protected":false},"featured_media":21099,"comment_status":"closed","ping_status":"closed","template":"","meta":{"inline_featured_image":false},"product_cat":[900],"product_tag":[],"yst_prominent_words":[],"class_list":{"0":"post-21074","1":"product","2":"type-product","3":"status-publish","4":"has-post-thumbnail","6":"product_cat-sensori-u-c-piederumi","8":"first","9":"instock","10":"taxable","11":"shipping-taxable","12":"purchasable","13":"product-type-simple"},"jetpack_sharing_enabled":true,"_links":{"self":[{"href":"https:\/\/ddt.lv\/ru\/wp-json\/wp\/v2\/product\/21074"}],"collection":[{"href":"https:\/\/ddt.lv\/ru\/wp-json\/wp\/v2\/product"}],"about":[{"href":"https:\/\/ddt.lv\/ru\/wp-json\/wp\/v2\/types\/product"}],"replies":[{"embeddable":true,"href":"https:\/\/ddt.lv\/ru\/wp-json\/wp\/v2\/comments?post=21074"}],"wp:featuredmedia":[{"embeddable":true,"href":"https:\/\/ddt.lv\/ru\/wp-json\/wp\/v2\/media\/21099"}],"wp:attachment":[{"href":"https:\/\/ddt.lv\/ru\/wp-json\/wp\/v2\/media?parent=21074"}],"wp:term":[{"taxonomy":"product_cat","embeddable":true,"href":"https:\/\/ddt.lv\/ru\/wp-json\/wp\/v2\/product_cat?post=21074"},{"taxonomy":"product_tag","embeddable":true,"href":"https:\/\/ddt.lv\/ru\/wp-json\/wp\/v2\/product_tag?post=21074"},{"taxonomy":"yst_prominent_words","embeddable":true,"href":"https:\/\/ddt.lv\/ru\/wp-json\/wp\/v2\/yst_prominent_words?post=21074"}],"curies":[{"name":"wp","href":"https:\/\/api.w.org\/{rel}","templated":true}]}}