{"id":21060,"date":"2020-01-27T14:44:05","date_gmt":"2020-01-27T12:44:05","guid":{"rendered":"https:\/\/ddt.lv\/lv\/product\/led-proz-slim-smd-10w-ip65-800lm-4000k-120-melns-emos\/"},"modified":"2026-04-08T14:31:47","modified_gmt":"2026-04-08T11:31:47","slug":"led-proz-slim-smd-10w-ip65-800lm-4000k-120-melns-emos","status":"publish","type":"product","link":"https:\/\/ddt.lv\/ru\/product\/led-proz-slim-smd-10w-ip65-800lm-4000k-120-melns-emos\/","title":{"rendered":"(Latvie\u0161u) LED pro\u017eektors EMOS Hobby SMD 10W 800lm 4000K IP65"},"content":{"rendered":"<p>Led pro\u017eektors no ra\u017eot\u0101ja Emos.<\/p>\n","protected":false},"excerpt":{"rendered":"<p>Led pro\u017eektors no ra\u017eot\u0101ja Emos.<\/p>\n","protected":false},"featured_media":21161,"comment_status":"closed","ping_status":"closed","template":"","meta":{"inline_featured_image":false},"product_cat":[908],"product_tag":[],"yst_prominent_words":[],"class_list":{"0":"post-21060","1":"product","2":"type-product","3":"status-publish","4":"has-post-thumbnail","6":"product_cat-led-prozektori","8":"first","9":"instock","10":"taxable","11":"shipping-taxable","12":"purchasable","13":"product-type-simple"},"jetpack_sharing_enabled":true,"_links":{"self":[{"href":"https:\/\/ddt.lv\/ru\/wp-json\/wp\/v2\/product\/21060"}],"collection":[{"href":"https:\/\/ddt.lv\/ru\/wp-json\/wp\/v2\/product"}],"about":[{"href":"https:\/\/ddt.lv\/ru\/wp-json\/wp\/v2\/types\/product"}],"replies":[{"embeddable":true,"href":"https:\/\/ddt.lv\/ru\/wp-json\/wp\/v2\/comments?post=21060"}],"wp:featuredmedia":[{"embeddable":true,"href":"https:\/\/ddt.lv\/ru\/wp-json\/wp\/v2\/media\/21161"}],"wp:attachment":[{"href":"https:\/\/ddt.lv\/ru\/wp-json\/wp\/v2\/media?parent=21060"}],"wp:term":[{"taxonomy":"product_cat","embeddable":true,"href":"https:\/\/ddt.lv\/ru\/wp-json\/wp\/v2\/product_cat?post=21060"},{"taxonomy":"product_tag","embeddable":true,"href":"https:\/\/ddt.lv\/ru\/wp-json\/wp\/v2\/product_tag?post=21060"},{"taxonomy":"yst_prominent_words","embeddable":true,"href":"https:\/\/ddt.lv\/ru\/wp-json\/wp\/v2\/yst_prominent_words?post=21060"}],"curies":[{"name":"wp","href":"https:\/\/api.w.org\/{rel}","templated":true}]}}