{"id":20689,"date":"2020-01-14T14:47:33","date_gmt":"2020-01-14T12:47:33","guid":{"rendered":"https:\/\/ddt.lv\/lv\/product\/virtuves-svari-digitalie-5kg-balti-3x1-5v-aaa-emos\/"},"modified":"2026-04-01T00:11:28","modified_gmt":"2026-03-31T21:11:28","slug":"virtuves-svari-digitalie-5kg-balti-3x1-5v-aaa-emos","status":"publish","type":"product","link":"https:\/\/ddt.lv\/ru\/product\/virtuves-svari-digitalie-5kg-balti-3x1-5v-aaa-emos\/","title":{"rendered":"(Latvie\u0161u) Virtuves svari digit\u0101li, 5kg, balti (3&#215;1.5V AAA) EMOS"},"content":{"rendered":"<p>Virtuves svari ir praktisks piederums ikvienai virtuvei. Pateicoties to stil\u012bgajam dizainam, tiem noteikti atrad\u012bsies vieta katr\u0101 virtuv\u0113!<\/p>\n","protected":false},"excerpt":{"rendered":"<p>Virtuves svari ir praktisks piederums ikvienai virtuvei. Pateicoties to stil\u012bgajam dizainam, tiem noteikti atrad\u012bsies vieta katr\u0101 virtuv\u0113!<\/p>\n","protected":false},"featured_media":20696,"comment_status":"closed","ping_status":"closed","template":"","meta":{"inline_featured_image":false},"product_cat":[793],"product_tag":[],"yst_prominent_words":[],"class_list":{"0":"post-20689","1":"product","2":"type-product","3":"status-publish","4":"has-post-thumbnail","6":"product_cat-virtuves-svari","8":"first","9":"outofstock","10":"taxable","11":"shipping-taxable","12":"purchasable","13":"product-type-simple"},"jetpack_sharing_enabled":true,"_links":{"self":[{"href":"https:\/\/ddt.lv\/ru\/wp-json\/wp\/v2\/product\/20689"}],"collection":[{"href":"https:\/\/ddt.lv\/ru\/wp-json\/wp\/v2\/product"}],"about":[{"href":"https:\/\/ddt.lv\/ru\/wp-json\/wp\/v2\/types\/product"}],"replies":[{"embeddable":true,"href":"https:\/\/ddt.lv\/ru\/wp-json\/wp\/v2\/comments?post=20689"}],"wp:featuredmedia":[{"embeddable":true,"href":"https:\/\/ddt.lv\/ru\/wp-json\/wp\/v2\/media\/20696"}],"wp:attachment":[{"href":"https:\/\/ddt.lv\/ru\/wp-json\/wp\/v2\/media?parent=20689"}],"wp:term":[{"taxonomy":"product_cat","embeddable":true,"href":"https:\/\/ddt.lv\/ru\/wp-json\/wp\/v2\/product_cat?post=20689"},{"taxonomy":"product_tag","embeddable":true,"href":"https:\/\/ddt.lv\/ru\/wp-json\/wp\/v2\/product_tag?post=20689"},{"taxonomy":"yst_prominent_words","embeddable":true,"href":"https:\/\/ddt.lv\/ru\/wp-json\/wp\/v2\/yst_prominent_words?post=20689"}],"curies":[{"name":"wp","href":"https:\/\/api.w.org\/{rel}","templated":true}]}}