{"id":20341,"date":"2020-01-02T09:39:57","date_gmt":"2020-01-02T07:39:57","guid":{"rendered":"https:\/\/ddt.lv\/lv\/product\/kafijas-dzirnavinas-140w-23120-56-rh-russell-hobbs\/"},"modified":"2026-04-06T10:51:49","modified_gmt":"2026-04-06T07:51:49","slug":"kafijas-dzirnavinas-140w-23120-56-rh-russell-hobbs","status":"publish","type":"product","link":"https:\/\/ddt.lv\/ru\/product\/kafijas-dzirnavinas-140w-23120-56-rh-russell-hobbs\/","title":{"rendered":"(Latvie\u0161u) Kafijas dzirnavi\u0146as 140W 23120-56\/RH Russell Hobbs"},"content":{"rendered":"<p>Kafijas dzirnavi\u0146as no ra\u017eot\u0101ja Russell Hobbs.<\/p>\n<p>Apr\u012bkotas ar vair\u0101kiem re\u017e\u012bmiem, sp\u0113j samalt kafijas pupi\u0146as l\u012bdz pat 12 tas\u012bt\u0113m kafijas.<\/p>\n","protected":false},"excerpt":{"rendered":"<p>Kafijas dzirnavi\u0146as no ra\u017eot\u0101ja Russell Hobbs. Apr\u012bkotas ar vair\u0101kiem re\u017e\u012bmiem, sp\u0113j samalt kafijas pupi\u0146as l\u012bdz pat 12 tas\u012bt\u0113m kafijas.<\/p>\n","protected":false},"featured_media":20348,"comment_status":"closed","ping_status":"closed","template":"","meta":{"inline_featured_image":false},"product_cat":[938],"product_tag":[],"yst_prominent_words":[],"class_list":{"0":"post-20341","1":"product","2":"type-product","3":"status-publish","4":"has-post-thumbnail","6":"product_cat-kafijas-automati-un-piederumi","8":"first","9":"instock","10":"taxable","11":"shipping-taxable","12":"purchasable","13":"product-type-simple"},"jetpack_sharing_enabled":true,"_links":{"self":[{"href":"https:\/\/ddt.lv\/ru\/wp-json\/wp\/v2\/product\/20341"}],"collection":[{"href":"https:\/\/ddt.lv\/ru\/wp-json\/wp\/v2\/product"}],"about":[{"href":"https:\/\/ddt.lv\/ru\/wp-json\/wp\/v2\/types\/product"}],"replies":[{"embeddable":true,"href":"https:\/\/ddt.lv\/ru\/wp-json\/wp\/v2\/comments?post=20341"}],"wp:featuredmedia":[{"embeddable":true,"href":"https:\/\/ddt.lv\/ru\/wp-json\/wp\/v2\/media\/20348"}],"wp:attachment":[{"href":"https:\/\/ddt.lv\/ru\/wp-json\/wp\/v2\/media?parent=20341"}],"wp:term":[{"taxonomy":"product_cat","embeddable":true,"href":"https:\/\/ddt.lv\/ru\/wp-json\/wp\/v2\/product_cat?post=20341"},{"taxonomy":"product_tag","embeddable":true,"href":"https:\/\/ddt.lv\/ru\/wp-json\/wp\/v2\/product_tag?post=20341"},{"taxonomy":"yst_prominent_words","embeddable":true,"href":"https:\/\/ddt.lv\/ru\/wp-json\/wp\/v2\/yst_prominent_words?post=20341"}],"curies":[{"name":"wp","href":"https:\/\/api.w.org\/{rel}","templated":true}]}}