{"id":20144,"date":"2019-12-13T14:27:20","date_gmt":"2019-12-13T12:27:20","guid":{"rendered":"https:\/\/ddt.lv\/lv\/product\/led-g95-vintage-e27-4w-230v-380lm-2200k-spuldze-emos\/"},"modified":"2026-04-09T16:15:56","modified_gmt":"2026-04-09T13:15:56","slug":"led-g95-vintage-e27-4w-230v-380lm-2200k-spuldze-emos","status":"publish","type":"product","link":"https:\/\/ddt.lv\/ru\/product\/led-g95-vintage-e27-4w-230v-380lm-2200k-spuldze-emos\/","title":{"rendered":"(Latvie\u0161u) LED spuldze EMOS G95 VINTAGE E27 4W 230V 380lm 2200K"},"content":{"rendered":"<p>Emos ir viens no vado\u0161ajiem Eiropas LED gaismas avotu ra\u017eot\u0101jiem. \u0160o ra\u017eot\u0101ju raksturo gadiem ilgi kr\u0101t\u0101 pieredze un inovat\u012bvi risin\u0101jumi m\u0101ksl\u012bg\u0101 apgaismojuma ra\u017eo\u0161an\u0101. Emos spuld\u017eu galven\u0101s iez\u012bmes: augsta gaismas atdeve un ilgs kalpo\u0161anas m\u016b\u017es!<\/p>\n","protected":false},"excerpt":{"rendered":"<p>Emos ir viens no vado\u0161ajiem Eiropas LED gaismas avotu ra\u017eot\u0101jiem. \u0160o ra\u017eot\u0101ju raksturo gadiem ilgi kr\u0101t\u0101 pieredze un inovat\u012bvi risin\u0101jumi m\u0101ksl\u012bg\u0101 apgaismojuma ra\u017eo\u0161an\u0101. Emos spuld\u017eu galven\u0101s iez\u012bmes: augsta gaismas atdeve un ilgs kalpo\u0161anas m\u016b\u017es!<\/p>\n","protected":false},"featured_media":20185,"comment_status":"closed","ping_status":"closed","template":"","meta":{"inline_featured_image":false},"product_cat":[875],"product_tag":[],"yst_prominent_words":[],"class_list":{"0":"post-20144","1":"product","2":"type-product","3":"status-publish","4":"has-post-thumbnail","6":"product_cat-dekorativas-led-spuldzes-dekorativas-spuldzes-spuldzes","8":"first","9":"outofstock","10":"taxable","11":"shipping-taxable","12":"purchasable","13":"product-type-simple"},"jetpack_sharing_enabled":true,"_links":{"self":[{"href":"https:\/\/ddt.lv\/ru\/wp-json\/wp\/v2\/product\/20144"}],"collection":[{"href":"https:\/\/ddt.lv\/ru\/wp-json\/wp\/v2\/product"}],"about":[{"href":"https:\/\/ddt.lv\/ru\/wp-json\/wp\/v2\/types\/product"}],"replies":[{"embeddable":true,"href":"https:\/\/ddt.lv\/ru\/wp-json\/wp\/v2\/comments?post=20144"}],"wp:featuredmedia":[{"embeddable":true,"href":"https:\/\/ddt.lv\/ru\/wp-json\/wp\/v2\/media\/20185"}],"wp:attachment":[{"href":"https:\/\/ddt.lv\/ru\/wp-json\/wp\/v2\/media?parent=20144"}],"wp:term":[{"taxonomy":"product_cat","embeddable":true,"href":"https:\/\/ddt.lv\/ru\/wp-json\/wp\/v2\/product_cat?post=20144"},{"taxonomy":"product_tag","embeddable":true,"href":"https:\/\/ddt.lv\/ru\/wp-json\/wp\/v2\/product_tag?post=20144"},{"taxonomy":"yst_prominent_words","embeddable":true,"href":"https:\/\/ddt.lv\/ru\/wp-json\/wp\/v2\/yst_prominent_words?post=20144"}],"curies":[{"name":"wp","href":"https:\/\/api.w.org\/{rel}","templated":true}]}}