{"id":19902,"date":"2019-12-09T16:18:53","date_gmt":"2019-12-09T14:18:53","guid":{"rendered":"https:\/\/ddt.lv\/lv\/product\/led-gls-a70-e27-14w-240v-1521lm-4000k-180-inesa-spuldze\/"},"modified":"2026-04-06T10:52:31","modified_gmt":"2026-04-06T07:52:31","slug":"led-gls-a70-e27-14w-240v-1521lm-4000k-180-inesa-spuldze","status":"publish","type":"product","link":"https:\/\/ddt.lv\/ru\/product\/led-gls-a70-e27-14w-240v-1521lm-4000k-180-inesa-spuldze\/","title":{"rendered":"(Latvie\u0161u) LED spuldze INESA GLS A70 E27 14W 240V 1521lm 4000K 180&#8242;"},"content":{"rendered":"<p>Inesa LED ir apgaismojuma ra\u017eot\u0101ja Sylvania meitas komp\u0101nija. Ung\u0101rij\u0101 ra\u017eot\u0101s LED spuldzes un gaismek\u013ci kalpo ilgi un nezaud\u0113 savu toni un gaismas atdevi. Sylvania kvalit\u0101te par nedaudz draudz\u012bg\u0101ku cenu!<\/p>\n","protected":false},"excerpt":{"rendered":"<p class=\"qtranxs-available-languages-message qtranxs-available-languages-message-ru\">\u0418\u0437\u0432\u0438\u043d\u0438\u0442\u0435, \u044d\u0442\u043e\u0442 \u0442\u0435\u0445\u0442 \u0434\u043e\u0441\u0442\u0443\u043f\u0435\u043d \u0442\u043e\u043b\u044c\u043a\u043e \u0432 &ldquo;<a href=\"https:\/\/ddt.lv\/lv\/wp-json\/wp\/v2\/product\/19902\" class=\"qtranxs-available-language-link qtranxs-available-language-link-lv\" title=\"Latvie\u0161u\">Latvie\u0161u<\/a>&rdquo;.<\/p>\n","protected":false},"featured_media":19937,"comment_status":"closed","ping_status":"closed","template":"","meta":{"inline_featured_image":false},"product_cat":[850],"product_tag":[],"yst_prominent_words":[],"class_list":{"0":"post-19902","1":"product","2":"type-product","3":"status-publish","4":"has-post-thumbnail","6":"product_cat-e27-spuldzes","8":"first","9":"instock","10":"taxable","11":"shipping-taxable","12":"purchasable","13":"product-type-simple"},"jetpack_sharing_enabled":true,"_links":{"self":[{"href":"https:\/\/ddt.lv\/ru\/wp-json\/wp\/v2\/product\/19902"}],"collection":[{"href":"https:\/\/ddt.lv\/ru\/wp-json\/wp\/v2\/product"}],"about":[{"href":"https:\/\/ddt.lv\/ru\/wp-json\/wp\/v2\/types\/product"}],"replies":[{"embeddable":true,"href":"https:\/\/ddt.lv\/ru\/wp-json\/wp\/v2\/comments?post=19902"}],"wp:featuredmedia":[{"embeddable":true,"href":"https:\/\/ddt.lv\/ru\/wp-json\/wp\/v2\/media\/19937"}],"wp:attachment":[{"href":"https:\/\/ddt.lv\/ru\/wp-json\/wp\/v2\/media?parent=19902"}],"wp:term":[{"taxonomy":"product_cat","embeddable":true,"href":"https:\/\/ddt.lv\/ru\/wp-json\/wp\/v2\/product_cat?post=19902"},{"taxonomy":"product_tag","embeddable":true,"href":"https:\/\/ddt.lv\/ru\/wp-json\/wp\/v2\/product_tag?post=19902"},{"taxonomy":"yst_prominent_words","embeddable":true,"href":"https:\/\/ddt.lv\/ru\/wp-json\/wp\/v2\/yst_prominent_words?post=19902"}],"curies":[{"name":"wp","href":"https:\/\/api.w.org\/{rel}","templated":true}]}}