{"id":19769,"date":"2019-12-06T09:31:13","date_gmt":"2019-12-06T07:31:13","guid":{"rendered":"https:\/\/ddt.lv\/lv\/product\/pagarin-met-stat-4-25m-3x1-5-3680w-a-z-ar-sl-oranzs-emos\/"},"modified":"2026-04-06T10:56:25","modified_gmt":"2026-04-06T07:56:25","slug":"pagarin-met-stat-4-25m-3x1-5-3680w-a-z-ar-sl-oranzs-emos","status":"publish","type":"product","link":"https:\/\/ddt.lv\/ru\/product\/pagarin-met-stat-4-25m-3x1-5-3680w-a-z-ar-sl-oranzs-emos\/","title":{"rendered":"\u0423\u0434\u043b\u0438\u043d\u0435\u043d\u043d\u044b\u0439 \u043c\u0435\u0442\u0430\u043b\u043b\u0438\u0447\u0435\u0441\u043a\u0438\u0439 \u0441\u0442\u0430\u0442.4\/25\u043c 3\u04451.5 3680\u0412\u0442 \u0430\/\u0437 \u0441\u043e \u0441\u043b.\u043e\u0440\u0430\u043d\u0436\u0435\u0432\u044b\u043c EMOS"},"content":{"rendered":"<p>Atvainojiet, inform\u0101cija tiek papildin\u0101ta. Ja rodas jaut\u0101jumi par k\u0101du no produktiem, dro\u0161i, sazinieties ar mums!<\/p>\n","protected":false},"excerpt":{"rendered":"<p>Atvainojiet, inform\u0101cija tiek papildin\u0101ta. Ja rodas jaut\u0101jumi par k\u0101du no produktiem, dro\u0161i, sazinieties ar mums!<\/p>\n","protected":false},"featured_media":19801,"comment_status":"closed","ping_status":"closed","template":"","meta":{"inline_featured_image":false},"product_cat":[1343],"product_tag":[],"yst_prominent_words":[],"class_list":{"0":"post-19769","1":"product","2":"type-product","3":"status-publish","4":"has-post-thumbnail","6":"product_cat-pagarinataji-spole","8":"first","9":"instock","10":"taxable","11":"shipping-taxable","12":"purchasable","13":"product-type-simple"},"jetpack_sharing_enabled":true,"_links":{"self":[{"href":"https:\/\/ddt.lv\/ru\/wp-json\/wp\/v2\/product\/19769"}],"collection":[{"href":"https:\/\/ddt.lv\/ru\/wp-json\/wp\/v2\/product"}],"about":[{"href":"https:\/\/ddt.lv\/ru\/wp-json\/wp\/v2\/types\/product"}],"replies":[{"embeddable":true,"href":"https:\/\/ddt.lv\/ru\/wp-json\/wp\/v2\/comments?post=19769"}],"wp:featuredmedia":[{"embeddable":true,"href":"https:\/\/ddt.lv\/ru\/wp-json\/wp\/v2\/media\/19801"}],"wp:attachment":[{"href":"https:\/\/ddt.lv\/ru\/wp-json\/wp\/v2\/media?parent=19769"}],"wp:term":[{"taxonomy":"product_cat","embeddable":true,"href":"https:\/\/ddt.lv\/ru\/wp-json\/wp\/v2\/product_cat?post=19769"},{"taxonomy":"product_tag","embeddable":true,"href":"https:\/\/ddt.lv\/ru\/wp-json\/wp\/v2\/product_tag?post=19769"},{"taxonomy":"yst_prominent_words","embeddable":true,"href":"https:\/\/ddt.lv\/ru\/wp-json\/wp\/v2\/yst_prominent_words?post=19769"}],"curies":[{"name":"wp","href":"https:\/\/api.w.org\/{rel}","templated":true}]}}