{"id":19757,"date":"2019-12-06T09:31:10","date_gmt":"2019-12-06T07:31:10","guid":{"rendered":"https:\/\/ddt.lv\/lv\/product\/pagarinatajs-4-2m-a-z-peleks-ar-parsprieguma-aizs-philips\/"},"modified":"2026-04-08T14:36:20","modified_gmt":"2026-04-08T11:36:20","slug":"pagarinatajs-4-2m-a-z-peleks-ar-parsprieguma-aizs-philips","status":"publish","type":"product","link":"https:\/\/ddt.lv\/ru\/product\/pagarinatajs-4-2m-a-z-peleks-ar-parsprieguma-aizs-philips\/","title":{"rendered":"(Latvie\u0161u) Pagarin\u0101t\u0101js 4\/2m a\/z pel\u0113ks ar p\u0101rsprieguma aizsardz\u012bbu PHILIPS"},"content":{"rendered":"<p>Atvainojiet, inform\u0101cija tiek papildin\u0101ta. Ja rodas jaut\u0101jumi par k\u0101du no produktiem, dro\u0161i, sazinieties ar mums!<\/p>\n","protected":false},"excerpt":{"rendered":"<p>Atvainojiet, inform\u0101cija tiek papildin\u0101ta. Ja rodas jaut\u0101jumi par k\u0101du no produktiem, dro\u0161i, sazinieties ar mums!<\/p>\n","protected":false},"featured_media":19840,"comment_status":"closed","ping_status":"closed","template":"","meta":{"inline_featured_image":false},"product_cat":[746],"product_tag":[],"yst_prominent_words":[],"class_list":{"0":"post-19757","1":"product","2":"type-product","3":"status-publish","4":"has-post-thumbnail","6":"product_cat-pagarinataji-pagarinataji-un-sadalitaji","8":"first","9":"outofstock","10":"taxable","11":"shipping-taxable","12":"purchasable","13":"product-type-simple"},"jetpack_sharing_enabled":true,"_links":{"self":[{"href":"https:\/\/ddt.lv\/ru\/wp-json\/wp\/v2\/product\/19757"}],"collection":[{"href":"https:\/\/ddt.lv\/ru\/wp-json\/wp\/v2\/product"}],"about":[{"href":"https:\/\/ddt.lv\/ru\/wp-json\/wp\/v2\/types\/product"}],"replies":[{"embeddable":true,"href":"https:\/\/ddt.lv\/ru\/wp-json\/wp\/v2\/comments?post=19757"}],"wp:featuredmedia":[{"embeddable":true,"href":"https:\/\/ddt.lv\/ru\/wp-json\/wp\/v2\/media\/19840"}],"wp:attachment":[{"href":"https:\/\/ddt.lv\/ru\/wp-json\/wp\/v2\/media?parent=19757"}],"wp:term":[{"taxonomy":"product_cat","embeddable":true,"href":"https:\/\/ddt.lv\/ru\/wp-json\/wp\/v2\/product_cat?post=19757"},{"taxonomy":"product_tag","embeddable":true,"href":"https:\/\/ddt.lv\/ru\/wp-json\/wp\/v2\/product_tag?post=19757"},{"taxonomy":"yst_prominent_words","embeddable":true,"href":"https:\/\/ddt.lv\/ru\/wp-json\/wp\/v2\/yst_prominent_words?post=19757"}],"curies":[{"name":"wp","href":"https:\/\/api.w.org\/{rel}","templated":true}]}}