{"id":19278,"date":"2019-11-27T11:54:03","date_gmt":"2019-11-27T09:54:03","guid":{"rendered":"https:\/\/ddt.lv\/lv\/product\/v10at-1-45v-rayovac-baterija-akustika-extra-adv-bl6-hg0-2\/"},"modified":"2026-04-06T10:52:50","modified_gmt":"2026-04-06T07:52:50","slug":"v10at-1-45v-rayovac-baterija-akustika-extra-adv-bl6-hg0-2","status":"publish","type":"product","link":"https:\/\/ddt.lv\/ru\/product\/v10at-1-45v-rayovac-baterija-akustika-extra-adv-bl6-hg0-2\/","title":{"rendered":"\u0411\u0430\u0442\u0430\u0440\u0435\u0439\u043a\u0438 \u0434\u043b\u044f \u0441\u043b\u0443\u0445\u043e\u0432\u044b\u0445 \u0430\u043f\u043f\u0430\u0440\u0430\u0442\u043e\u0432 V10AT 1,45 \u0412 Rayovac Extra Advanced 6 \u0448\u0442."},"content":{"rendered":"<p>Rayovac &#8211;\u00a0 vado\u0161ais ra\u017eot\u0101js ar vair\u0101k k\u0101 110 gadu pieredzi baro\u0161anas elementu ra\u017eo\u0161an\u0101 medic\u012bnas ier\u012bc\u0113m.<\/p>\n","protected":false},"excerpt":{"rendered":"<p>Rayovac &#8211;\u00a0 vado\u0161ais ra\u017eot\u0101js ar vair\u0101k k\u0101 110 gadu pieredzi baro\u0161anas elementu ra\u017eo\u0161an\u0101 medic\u012bnas ier\u012bc\u0113m.<\/p>\n","protected":false},"featured_media":27292,"comment_status":"closed","ping_status":"closed","template":"","meta":{"inline_featured_image":false},"product_cat":[772,448],"product_tag":[],"yst_prominent_words":[],"class_list":{"0":"post-19278","1":"product","2":"type-product","3":"status-publish","4":"has-post-thumbnail","6":"product_cat-atlaides","7":"product_cat-dzirdes-aparatiem","9":"first","10":"instock","11":"sale","12":"taxable","13":"shipping-taxable","14":"purchasable","15":"product-type-simple"},"jetpack_sharing_enabled":true,"_links":{"self":[{"href":"https:\/\/ddt.lv\/ru\/wp-json\/wp\/v2\/product\/19278"}],"collection":[{"href":"https:\/\/ddt.lv\/ru\/wp-json\/wp\/v2\/product"}],"about":[{"href":"https:\/\/ddt.lv\/ru\/wp-json\/wp\/v2\/types\/product"}],"replies":[{"embeddable":true,"href":"https:\/\/ddt.lv\/ru\/wp-json\/wp\/v2\/comments?post=19278"}],"wp:featuredmedia":[{"embeddable":true,"href":"https:\/\/ddt.lv\/ru\/wp-json\/wp\/v2\/media\/27292"}],"wp:attachment":[{"href":"https:\/\/ddt.lv\/ru\/wp-json\/wp\/v2\/media?parent=19278"}],"wp:term":[{"taxonomy":"product_cat","embeddable":true,"href":"https:\/\/ddt.lv\/ru\/wp-json\/wp\/v2\/product_cat?post=19278"},{"taxonomy":"product_tag","embeddable":true,"href":"https:\/\/ddt.lv\/ru\/wp-json\/wp\/v2\/product_tag?post=19278"},{"taxonomy":"yst_prominent_words","embeddable":true,"href":"https:\/\/ddt.lv\/ru\/wp-json\/wp\/v2\/yst_prominent_words?post=19278"}],"curies":[{"name":"wp","href":"https:\/\/api.w.org\/{rel}","templated":true}]}}