{"id":19007,"date":"2019-11-25T11:52:24","date_gmt":"2019-11-25T09:52:24","guid":{"rendered":"https:\/\/ddt.lv\/product\/led-pigmy-e14-4-5w-400lm-3000k-avide-spuldze-8\/"},"modified":"2026-05-11T08:27:28","modified_gmt":"2026-05-11T05:27:28","slug":"led-pigmy-e14-4-5w-400lm-3000k-avide-spuldze-8","status":"publish","type":"product","link":"https:\/\/ddt.lv\/ru\/product\/led-pigmy-e14-4-5w-400lm-3000k-avide-spuldze\/","title":{"rendered":"\u0421\u0432\u0435\u0442\u043e\u0434\u0438\u043e\u0434\u043d\u0430\u044f \u043b\u0430\u043c\u043f\u0430 Avid Pygmy (\u0434\u043b\u044f \u0445\u043e\u043b\u043e\u0434\u0438\u043b\u044c\u043d\u0438\u043a\u0430, \u0448\u0432\u0435\u0439\u043d\u043e\u0439 \u043c\u0430\u0448\u0438\u043d\u044b) E14 4.5W 400lm 3000K"},"content":{"rendered":"<p>Avide spuldzes ir apvelt\u012btas ar jaun\u0101k\u0101s paaudzes LED tehnolo\u0123iju, padarot produktu \u00a0ergonomisku un ar ilg\u0101ku kalpo\u0161anas m\u016b\u017eu.<\/p>\n","protected":false},"excerpt":{"rendered":"<p>Avide spuldzes ir apvelt\u012btas ar jaun\u0101k\u0101s paaudzes LED tehnolo\u0123iju, padarot produktu \u00a0ergonomisku un ar ilg\u0101ku kalpo\u0161anas m\u016b\u017eu.<\/p>\n","protected":false},"featured_media":19013,"comment_status":"closed","ping_status":"closed","template":"","meta":{"inline_featured_image":false},"product_cat":[851],"product_tag":[],"yst_prominent_words":[],"class_list":{"0":"post-19007","1":"product","2":"type-product","3":"status-publish","4":"has-post-thumbnail","6":"product_cat-e14-spuldzes","8":"first","9":"outofstock","10":"taxable","11":"shipping-taxable","12":"purchasable","13":"product-type-simple"},"jetpack_sharing_enabled":true,"_links":{"self":[{"href":"https:\/\/ddt.lv\/ru\/wp-json\/wp\/v2\/product\/19007"}],"collection":[{"href":"https:\/\/ddt.lv\/ru\/wp-json\/wp\/v2\/product"}],"about":[{"href":"https:\/\/ddt.lv\/ru\/wp-json\/wp\/v2\/types\/product"}],"replies":[{"embeddable":true,"href":"https:\/\/ddt.lv\/ru\/wp-json\/wp\/v2\/comments?post=19007"}],"wp:featuredmedia":[{"embeddable":true,"href":"https:\/\/ddt.lv\/ru\/wp-json\/wp\/v2\/media\/19013"}],"wp:attachment":[{"href":"https:\/\/ddt.lv\/ru\/wp-json\/wp\/v2\/media?parent=19007"}],"wp:term":[{"taxonomy":"product_cat","embeddable":true,"href":"https:\/\/ddt.lv\/ru\/wp-json\/wp\/v2\/product_cat?post=19007"},{"taxonomy":"product_tag","embeddable":true,"href":"https:\/\/ddt.lv\/ru\/wp-json\/wp\/v2\/product_tag?post=19007"},{"taxonomy":"yst_prominent_words","embeddable":true,"href":"https:\/\/ddt.lv\/ru\/wp-json\/wp\/v2\/yst_prominent_words?post=19007"}],"curies":[{"name":"wp","href":"https:\/\/api.w.org\/{rel}","templated":true}]}}