{"id":18766,"date":"2019-11-19T13:18:34","date_gmt":"2019-11-19T11:18:34","guid":{"rendered":"https:\/\/ddt.lv\/product\/hx-12v-4ah-90x70x101107mm-f1-svina-akumulators-weida-9\/"},"modified":"2026-04-01T00:11:50","modified_gmt":"2026-03-31T21:11:50","slug":"hx-12v-4ah-90x70x101107mm-f1-svina-akumulators-weida-9","status":"publish","type":"product","link":"https:\/\/ddt.lv\/ru\/product\/hx-12v-4ah-90x70x101107mm-f1-svina-akumulators-weida\/","title":{"rendered":"\u0421\u0432\u0438\u043d\u0446\u043e\u0432\u044b\u0439 \u0430\u043a\u043a\u0443\u043c\u0443\u043b\u044f\u0442\u043e\u0440 HX 12\u0412 4\u0410\u0447 90 x 70 x 101 (107) \u043c\u043c F1 WEIDA"},"content":{"rendered":"<p>Atvainojiet, inform\u0101cija tiek papildin\u0101ta. Ja rodas jaut\u0101jumi par k\u0101du no produktiem, dro\u0161i, sazinieties ar mums!<\/p>\n","protected":false},"excerpt":{"rendered":"<p>Atvainojiet, inform\u0101cija tiek papildin\u0101ta. Ja rodas jaut\u0101jumi par k\u0101du no produktiem, dro\u0161i, sazinieties ar mums!<\/p>\n","protected":false},"featured_media":18817,"comment_status":"closed","ping_status":"closed","template":"","meta":{"inline_featured_image":false},"product_cat":[456],"product_tag":[],"yst_prominent_words":[],"class_list":{"0":"post-18766","1":"product","2":"type-product","3":"status-publish","4":"has-post-thumbnail","6":"product_cat-cf-akumulatori","8":"first","9":"instock","10":"taxable","11":"shipping-taxable","12":"purchasable","13":"product-type-simple"},"jetpack_sharing_enabled":true,"_links":{"self":[{"href":"https:\/\/ddt.lv\/ru\/wp-json\/wp\/v2\/product\/18766"}],"collection":[{"href":"https:\/\/ddt.lv\/ru\/wp-json\/wp\/v2\/product"}],"about":[{"href":"https:\/\/ddt.lv\/ru\/wp-json\/wp\/v2\/types\/product"}],"replies":[{"embeddable":true,"href":"https:\/\/ddt.lv\/ru\/wp-json\/wp\/v2\/comments?post=18766"}],"wp:featuredmedia":[{"embeddable":true,"href":"https:\/\/ddt.lv\/ru\/wp-json\/wp\/v2\/media\/18817"}],"wp:attachment":[{"href":"https:\/\/ddt.lv\/ru\/wp-json\/wp\/v2\/media?parent=18766"}],"wp:term":[{"taxonomy":"product_cat","embeddable":true,"href":"https:\/\/ddt.lv\/ru\/wp-json\/wp\/v2\/product_cat?post=18766"},{"taxonomy":"product_tag","embeddable":true,"href":"https:\/\/ddt.lv\/ru\/wp-json\/wp\/v2\/product_tag?post=18766"},{"taxonomy":"yst_prominent_words","embeddable":true,"href":"https:\/\/ddt.lv\/ru\/wp-json\/wp\/v2\/yst_prominent_words?post=18766"}],"curies":[{"name":"wp","href":"https:\/\/api.w.org\/{rel}","templated":true}]}}