{"id":17822,"date":"2019-11-15T11:11:02","date_gmt":"2019-11-15T09:11:02","guid":{"rendered":"https:\/\/ddt.lv\/product\/lukturis-1w-led-30lm-ip20-140-sarkans-4xaaa-entac-11\/"},"modified":"2026-04-06T10:55:45","modified_gmt":"2026-04-06T07:55:45","slug":"lukturis-1w-led-30lm-ip20-140-sarkans-4xaaa-entac-11","status":"publish","type":"product","link":"https:\/\/ddt.lv\/ru\/product\/lukturis-1w-led-30lm-ip20-140-sarkans-4xaaa-entac\/","title":{"rendered":"\u0421\u0432\u0435\u0442\u043e\u0434\u0438\u043e\u0434\u043d\u0430\u044f \u043b\u0430\u043c\u043f\u0430\/\u043f\u0440\u043e\u0436\u0435\u043a\u0442\u043e\u0440 1\u0412\u0442 30\u043b\u043c IP20 \u043a\u0440\u0430\u0441\u043d\u044b\u0439 (4xAAA) ENTAC"},"content":{"rendered":"<p>Entac lukturi ir kvalitat\u012bvi un paroc\u012bgi. Ar kvalitat\u012bviem produktiem un to konkur\u0113tsp\u0113j\u012bgo cenu Entac ir viens no l\u012bderiem lukturu ra\u017eo\u0161an\u0101 person\u012bg\u0101m un profesion\u0101l\u0101m nepiecie\u0161am\u012bb\u0101m!<\/p>\n","protected":false},"excerpt":{"rendered":"<p>Entac lukturi ir kvalitat\u012bvi un paroc\u012bgi. Ar kvalitat\u012bviem produktiem un to konkur\u0113tsp\u0113j\u012bgo cenu Entac ir viens no l\u012bderiem lukturu ra\u017eo\u0161an\u0101 person\u012bg\u0101m un profesion\u0101l\u0101m nepiecie\u0161am\u012bb\u0101m!<\/p>\n","protected":false},"featured_media":17831,"comment_status":"closed","ping_status":"closed","template":"","meta":{"inline_featured_image":false},"product_cat":[729,726],"product_tag":[],"yst_prominent_words":[],"class_list":{"0":"post-17822","1":"product","2":"type-product","3":"status-publish","4":"has-post-thumbnail","6":"product_cat-laternas","7":"product_cat-kabatas","9":"first","10":"outofstock","11":"taxable","12":"shipping-taxable","13":"purchasable","14":"product-type-simple"},"jetpack_sharing_enabled":true,"_links":{"self":[{"href":"https:\/\/ddt.lv\/ru\/wp-json\/wp\/v2\/product\/17822"}],"collection":[{"href":"https:\/\/ddt.lv\/ru\/wp-json\/wp\/v2\/product"}],"about":[{"href":"https:\/\/ddt.lv\/ru\/wp-json\/wp\/v2\/types\/product"}],"replies":[{"embeddable":true,"href":"https:\/\/ddt.lv\/ru\/wp-json\/wp\/v2\/comments?post=17822"}],"wp:featuredmedia":[{"embeddable":true,"href":"https:\/\/ddt.lv\/ru\/wp-json\/wp\/v2\/media\/17831"}],"wp:attachment":[{"href":"https:\/\/ddt.lv\/ru\/wp-json\/wp\/v2\/media?parent=17822"}],"wp:term":[{"taxonomy":"product_cat","embeddable":true,"href":"https:\/\/ddt.lv\/ru\/wp-json\/wp\/v2\/product_cat?post=17822"},{"taxonomy":"product_tag","embeddable":true,"href":"https:\/\/ddt.lv\/ru\/wp-json\/wp\/v2\/product_tag?post=17822"},{"taxonomy":"yst_prominent_words","embeddable":true,"href":"https:\/\/ddt.lv\/ru\/wp-json\/wp\/v2\/yst_prominent_words?post=17822"}],"curies":[{"name":"wp","href":"https:\/\/api.w.org\/{rel}","templated":true}]}}