{"id":17657,"date":"2019-11-14T15:49:28","date_gmt":"2019-11-14T13:49:28","guid":{"rendered":"https:\/\/ddt.lv\/product\/lukturis-galvas-ladejams-5w-cree-4smd-led-110lm-emos-7\/"},"modified":"2026-04-06T10:56:19","modified_gmt":"2026-04-06T07:56:19","slug":"lukturis-galvas-ladejams-5w-cree-4smd-led-110lm-emos-7","status":"publish","type":"product","link":"https:\/\/ddt.lv\/ru\/product\/lukturis-galvas-ladejams-5w-cree-4smd-led-110lm-emos\/","title":{"rendered":"\u0424\u043e\u043d\u0430\u0440\u044c \u0441\u0432\u0435\u0442\u043e\u0434\u0438\u043e\u0434\u043d\u044b\u0439 \u0430\u043a\u043a\u0443\u043c\u0443\u043b\u044f\u0442\u043e\u0440\u043d\u044b\u0439 5\u0412\u0442 CREE+4SMD 110\u043b\u043c 850\u043c\u0410\u0447 EMOS"},"content":{"rendered":"<p>Emos ir viens no vado\u0161ajiem Eiropas LED gaismas avotu ra\u017eot\u0101jiem. \u0160o ra\u017eot\u0101ju raksturo gadiem ilgi kr\u0101t\u0101 pieredze un inovat\u012bvi risin\u0101jumi m\u0101ksl\u012bg\u0101 apgaismojuma ra\u017eo\u0161an\u0101. Emos lukturi ir iztur\u012bgi, kvalitat\u012bvi un \u0113rti lietojami.<\/p>\n","protected":false},"excerpt":{"rendered":"<p>Emos ir viens no vado\u0161ajiem Eiropas LED gaismas avotu ra\u017eot\u0101jiem. \u0160o ra\u017eot\u0101ju raksturo gadiem ilgi kr\u0101t\u0101 pieredze un inovat\u012bvi risin\u0101jumi m\u0101ksl\u012bg\u0101 apgaismojuma ra\u017eo\u0161an\u0101. Emos lukturi ir iztur\u012bgi, kvalitat\u012bvi un \u0113rti lietojami.<\/p>\n","protected":false},"featured_media":17700,"comment_status":"closed","ping_status":"closed","template":"","meta":{"inline_featured_image":false},"product_cat":[727],"product_tag":[],"yst_prominent_words":[],"class_list":{"0":"post-17657","1":"product","2":"type-product","3":"status-publish","4":"has-post-thumbnail","6":"product_cat-galvas","8":"first","9":"instock","10":"taxable","11":"shipping-taxable","12":"purchasable","13":"product-type-simple"},"jetpack_sharing_enabled":true,"_links":{"self":[{"href":"https:\/\/ddt.lv\/ru\/wp-json\/wp\/v2\/product\/17657"}],"collection":[{"href":"https:\/\/ddt.lv\/ru\/wp-json\/wp\/v2\/product"}],"about":[{"href":"https:\/\/ddt.lv\/ru\/wp-json\/wp\/v2\/types\/product"}],"replies":[{"embeddable":true,"href":"https:\/\/ddt.lv\/ru\/wp-json\/wp\/v2\/comments?post=17657"}],"wp:featuredmedia":[{"embeddable":true,"href":"https:\/\/ddt.lv\/ru\/wp-json\/wp\/v2\/media\/17700"}],"wp:attachment":[{"href":"https:\/\/ddt.lv\/ru\/wp-json\/wp\/v2\/media?parent=17657"}],"wp:term":[{"taxonomy":"product_cat","embeddable":true,"href":"https:\/\/ddt.lv\/ru\/wp-json\/wp\/v2\/product_cat?post=17657"},{"taxonomy":"product_tag","embeddable":true,"href":"https:\/\/ddt.lv\/ru\/wp-json\/wp\/v2\/product_tag?post=17657"},{"taxonomy":"yst_prominent_words","embeddable":true,"href":"https:\/\/ddt.lv\/ru\/wp-json\/wp\/v2\/yst_prominent_words?post=17657"}],"curies":[{"name":"wp","href":"https:\/\/api.w.org\/{rel}","templated":true}]}}