{"id":17644,"date":"2019-11-14T15:49:25","date_gmt":"2019-11-14T13:49:25","guid":{"rendered":"https:\/\/ddt.lv\/product\/lukturis-galvas-3w-led-funkc-zoom-sens-ip44-3xaaa-entac-16\/"},"modified":"2026-04-13T09:51:54","modified_gmt":"2026-04-13T06:51:54","slug":"lukturis-galvas-3w-led-funkc-zoom-sens-ip44-3xaaa-entac-16","status":"publish","type":"product","link":"https:\/\/ddt.lv\/ru\/product\/lukturis-galvas-3w-led-funkc-zoom-sens-ip44-3xaaa-entac-2\/","title":{"rendered":"\u041d\u0430\u043b\u043e\u0431\u043d\u044b\u0439 \u0444\u043e\u043d\u0430\u0440\u044c 3 \u0412\u0442, \u0441\u0432\u0435\u0442\u043e\u0434\u0438\u043e\u0434, \u0444\u0443\u043d\u043a\u0446\u0438\u044f ZOOM +sens. IP44 (3xAAA) ENTAC"},"content":{"rendered":"<p>Entac lukturi ir kvalitat\u012bvi un paroc\u012bgi. Ar kvalitat\u012bviem produktiem un to konkur\u0113tsp\u0113j\u012bgo cenu Entac ir viens no l\u012bderiem lukturu ra\u017eo\u0161an\u0101 person\u012bg\u0101m un profesion\u0101l\u0101m nepiecie\u0161am\u012bb\u0101m!<\/p>\n","protected":false},"excerpt":{"rendered":"<p>Entac lukturi ir kvalitat\u012bvi un paroc\u012bgi. Ar kvalitat\u012bviem produktiem un to konkur\u0113tsp\u0113j\u012bgo cenu Entac ir viens no l\u012bderiem lukturu ra\u017eo\u0161an\u0101 person\u012bg\u0101m un profesion\u0101l\u0101m nepiecie\u0161am\u012bb\u0101m!<\/p>\n","protected":false},"featured_media":17749,"comment_status":"closed","ping_status":"closed","template":"","meta":{"inline_featured_image":false},"product_cat":[727],"product_tag":[],"yst_prominent_words":[],"class_list":{"0":"post-17644","1":"product","2":"type-product","3":"status-publish","4":"has-post-thumbnail","6":"product_cat-galvas","8":"first","9":"instock","10":"taxable","11":"shipping-taxable","12":"purchasable","13":"product-type-simple"},"jetpack_sharing_enabled":true,"_links":{"self":[{"href":"https:\/\/ddt.lv\/ru\/wp-json\/wp\/v2\/product\/17644"}],"collection":[{"href":"https:\/\/ddt.lv\/ru\/wp-json\/wp\/v2\/product"}],"about":[{"href":"https:\/\/ddt.lv\/ru\/wp-json\/wp\/v2\/types\/product"}],"replies":[{"embeddable":true,"href":"https:\/\/ddt.lv\/ru\/wp-json\/wp\/v2\/comments?post=17644"}],"wp:featuredmedia":[{"embeddable":true,"href":"https:\/\/ddt.lv\/ru\/wp-json\/wp\/v2\/media\/17749"}],"wp:attachment":[{"href":"https:\/\/ddt.lv\/ru\/wp-json\/wp\/v2\/media?parent=17644"}],"wp:term":[{"taxonomy":"product_cat","embeddable":true,"href":"https:\/\/ddt.lv\/ru\/wp-json\/wp\/v2\/product_cat?post=17644"},{"taxonomy":"product_tag","embeddable":true,"href":"https:\/\/ddt.lv\/ru\/wp-json\/wp\/v2\/product_tag?post=17644"},{"taxonomy":"yst_prominent_words","embeddable":true,"href":"https:\/\/ddt.lv\/ru\/wp-json\/wp\/v2\/yst_prominent_words?post=17644"}],"curies":[{"name":"wp","href":"https:\/\/api.w.org\/{rel}","templated":true}]}}