{"id":118011,"date":"2026-05-11T18:10:38","date_gmt":"2026-05-11T15:10:38","guid":{"rendered":"https:\/\/ddt.lv\/lv\/product\/118011\/"},"modified":"2026-05-11T18:25:28","modified_gmt":"2026-05-11T15:25:28","slug":"118011","status":"publish","type":"product","link":"https:\/\/ddt.lv\/ru\/product\/118011\/","title":{"rendered":"(Latvie\u0161u) B\u0113rnu pusdienu k\u0101rba Nerthus Dinosaurs"},"content":{"rendered":"","protected":false},"excerpt":{"rendered":"","protected":false},"featured_media":0,"comment_status":"closed","ping_status":"closed","template":"","meta":{"inline_featured_image":false},"product_cat":[1679,1682],"product_tag":[],"yst_prominent_words":[],"class_list":{"0":"post-118011","1":"product","2":"type-product","3":"status-publish","5":"product_cat-virtuves-piederumi","6":"product_cat-uzglabasanai","8":"first","9":"instock","10":"taxable","11":"shipping-taxable","12":"purchasable","13":"product-type-simple"},"jetpack_sharing_enabled":true,"_links":{"self":[{"href":"https:\/\/ddt.lv\/ru\/wp-json\/wp\/v2\/product\/118011"}],"collection":[{"href":"https:\/\/ddt.lv\/ru\/wp-json\/wp\/v2\/product"}],"about":[{"href":"https:\/\/ddt.lv\/ru\/wp-json\/wp\/v2\/types\/product"}],"replies":[{"embeddable":true,"href":"https:\/\/ddt.lv\/ru\/wp-json\/wp\/v2\/comments?post=118011"}],"wp:attachment":[{"href":"https:\/\/ddt.lv\/ru\/wp-json\/wp\/v2\/media?parent=118011"}],"wp:term":[{"taxonomy":"product_cat","embeddable":true,"href":"https:\/\/ddt.lv\/ru\/wp-json\/wp\/v2\/product_cat?post=118011"},{"taxonomy":"product_tag","embeddable":true,"href":"https:\/\/ddt.lv\/ru\/wp-json\/wp\/v2\/product_tag?post=118011"},{"taxonomy":"yst_prominent_words","embeddable":true,"href":"https:\/\/ddt.lv\/ru\/wp-json\/wp\/v2\/yst_prominent_words?post=118011"}],"curies":[{"name":"wp","href":"https:\/\/api.w.org\/{rel}","templated":true}]}}