{"id":2954,"date":"2019-08-15T08:26:38","date_gmt":"2019-08-15T05:26:38","guid":{"rendered":"https:\/\/ddt.lv\/en\/?page_id=2954"},"modified":"2021-08-03T14:51:06","modified_gmt":"2021-08-03T11:51:06","slug":"privatuma-politika","status":"publish","type":"page","link":"https:\/\/ddt.lv\/ru\/privatuma-politika-ru\/","title":{"rendered":"\u041f\u043e\u043b\u0438\u0442\u0438\u043a\u0430 \u043a\u043e\u043d\u0444\u0438\u0434\u0435\u043d\u0446\u0438\u0430\u043b\u044c\u043d\u043e\u0441\u0442\u0438"},"content":{"rendered":"<ul>\n<li><strong>Personas datu apstr\u0101des P\u0101rzinis:<\/strong>SIA DDT (turpm\u0101k tekst\u0101 &#8211; DDT), re\u0123istr\u0101cijas numurs 40003333449, juridisk\u0101 adrese: R\u012bga, Stabu 108, LV-1009, m\u0101jas lapas adrese:\u00a0www.ddt.lv.<\/li>\n<li><strong>Priv\u0101tuma politika<\/strong>sniedz inform\u0101ciju par to, k\u0101 DDT v\u0101c, apstr\u0101d\u0101, glab\u0101, kop\u012bgo, dz\u0113\u0161 un aizsarg\u0101 Klienta personas datus, t\u0101d\u0113j\u0101di nodro\u0161inot, ka Klienta personas dati tiek apstr\u0101d\u0101ti likum\u012bgi, godpr\u0101t\u012bgi un Klientam p\u0101rredzam\u0101 veid\u0101. Aktu\u0101l\u0101 priv\u0101tuma politikas versija tiek public\u0113ta DDT m\u0101jas lap\u0101\u00a0www.ddt.lv, sada\u013c\u0101\u00a0Priv\u0101tuma politika.<\/li>\n<li><strong>Piem\u0113rojamie ties\u012bbu akti<\/strong>: Eiropas Parlamenta un padomes Regula Nr.2016\/679 par fizisku personu aizsardz\u012bbu attiec\u012bb\u0101 uz personas datu apstr\u0101di un \u0161\u0101du datu br\u012bvu apriti (2016. gada 27.apr\u012blis).<\/li>\n<li><strong>DDT ir ties\u012bga apstr\u0101d\u0101t \u0161\u0101dus personu datus:<\/strong><\/li>\n<\/ul>\n<ol type=\"a\">\n<li>V\u0101rds, uzv\u0101rds, personas kods, pieg\u0101des adrese, deklar\u0113t\u0101s dz\u012bvesvietas adrese, telefona numurs un e-pasta adrese;<\/li>\n<li>Personu apliecino\u0161o dokumentu dati (dokumenta numurs, izdo\u0161anas datums un vieta, utt.);<\/li>\n<li>Dati par personas darba vietu un ien\u0101kumiem;<\/li>\n<li>Komunik\u0101cijas dati \u2013 e-pasts, v\u0113stule vai cita inform\u0101cija, kas saist\u012bta ar Klienta komunik\u0101ciju ar DDT;<\/li>\n<li>Klienta IP adreses inform\u0101cija.<\/li>\n<\/ol>\n<ul>\n<li><strong>Klienta personas datu apstr\u0101des pamats:<\/strong><\/li>\n<\/ul>\n<ol type=\"a\">\n<li>Klienta piekri\u0161ana \u2013 Klients, k\u0101 personas datu subjekts, pats dod piekri\u0161anu personas datu v\u0101k\u0161anai un apstr\u0101dei noteiktiem m\u0113r\u0137iem.<\/li>\n<li>Klientu pas\u016bt\u012bjumu izpilde un dar\u012bjuma noform\u0113\u0161ana \u2013 lai DDT var\u0113tu izpild\u012bt klienta pas\u016bt\u012bjumu, tai j\u0101apkopo un j\u0101apstr\u0101d\u0101 noteikti personas dati, kas tiek sav\u0101kti pas\u016bt\u012bjuma sagatavo\u0161anas laik\u0101 vai pirms t\u0101s.<\/li>\n<li>DDT le\u0123it\u012bmas intereses \u2013 DDT ir ties\u012bbas apstr\u0101d\u0101t Klienta personas datus t\u0101d\u0101 apjom\u0101, k\u0101d\u0101 tas ir objekt\u012bvi nepiecie\u0161ams nor\u0101d\u012bto darb\u012bbu veik\u0161anai.<\/li>\n<\/ol>\n<ul>\n<li><strong>DDT apstr\u0101d\u0101 Klienta personas datus \u0161\u0101d\u0101 nol\u016bk\u0101:<\/strong><\/li>\n<\/ul>\n<ol type=\"a\">\n<li>Pied\u0101v\u0101jumu sagatavo\u0161anai;<\/li>\n<li>P\u0101rdo\u0161anas dar\u012bjumu noform\u0113\u0161anai;<\/li>\n<li>Pieg\u0101des nodro\u0161in\u0101\u0161anai;<\/li>\n<li>Klientu inform\u0113\u0161anai par jaunumiem un aktu\u0101lajiem pied\u0101v\u0101jumiem;<\/li>\n<li>Klienta s\u016bdz\u012bbu izskat\u012b\u0161anai saist\u012bb\u0101 ar p\u0101rdotaj\u0101m prec\u0113m vai sniegtajiem pakalpojumiem;<\/li>\n<li>Biznesa pl\u0101no\u0161anai un anal\u012btikai;<\/li>\n<\/ol>\n<ul>\n<li><strong>DDT ieg\u016bst Klienta personas datus, kad Klients:<\/strong><\/li>\n<\/ul>\n<ol type=\"a\">\n<li>Ieg\u0101d\u0101jas produktus vai pakalpojumus DDT veikalos vai interneta veikal\u0101, veicot Klienta identifik\u0101ciju;<\/li>\n<li>Pierakst\u0101s jaunumu sa\u0146em\u0161anai no DDT;<\/li>\n<li>Jaut\u0101 produktu vai pakalpojumu pied\u0101v\u0101jumu vai sazin\u0101s ar DDT saist\u012bb\u0101 ar s\u016bdz\u012bbu vai inform\u0101cijas piepras\u012b\u0161anu, identific\u0113jot Klientu;<\/li>\n<li>Piedal\u0101s konkursos, loterij\u0101s vai aptauj\u0101s;<\/li>\n<\/ol>\n<ul>\n<li><strong>Klienta personas datu nodo\u0161ana tre\u0161aj\u0101m pus\u0113m<\/strong><\/li>\n<\/ul>\n<ol type=\"a\">\n<li>Pre\u010du pieg\u0101dei \u2013 v\u0101rds, uzv\u0101rds, e-pasts, telefona nr., pieg\u0101des adrese.<\/li>\n<li>DDT ir pien\u0101kums sniegt inform\u0101ciju par personas datiem ties\u012bbsarg\u0101jo\u0161\u0101m iest\u0101d\u0113m, tiesai vai cit\u0101m valsts un pa\u0161vald\u012bbas iest\u0101d\u0113m, ja tas izriet no normat\u012bvajiem aktiem vai attiec\u012bg\u0101s iest\u0101des inform\u0101cijas piepras\u012bjuma.<\/li>\n<li>DDT izsniegs Klienta personas datus tikai nepiecie\u0161am\u0101 un pietiekam\u0101 apjom\u0101 atbilsto\u0161i normat\u012bvo aktu pras\u012bb\u0101m un konkr\u0113t\u0101s situ\u0101cijas objekt\u012bviem apst\u0101k\u013ciem.<\/li>\n<\/ol>\n<ul>\n<li><strong>Personas datu glab\u0101\u0161anas ilgums<\/strong><br \/>\nDDT glab\u0101 personas datus atbilsto\u0161i defin\u0113tajiem personas datu apstr\u0101des m\u0113r\u0137iem un normat\u012bvo aktu pras\u012bb\u0101m, kam\u0113r past\u0101v vismaz viens no \u0161iem krit\u0113rijiem:<\/li>\n<\/ul>\n<ol type=\"a\">\n<li>kam\u0113r ir sp\u0113k\u0101 datu subjekta piekri\u0161ana attiec\u012bgai personas datu apstr\u0101dei, ja nepast\u0101v cits datu apstr\u0101des likum\u012bgs pamats.<\/li>\n<li>kam\u0113r DDT past\u0101v juridisks pien\u0101kums datus glab\u0101t saska\u0146\u0101 ar normat\u012bvajiem aktiem;<\/li>\n<li>kam\u0113r \u0101r\u0113jos normat\u012bvajos aktos noteiktaj\u0101 k\u0101rt\u012bb\u0101 DDT var realiz\u0113t savas le\u0123it\u012bm\u0101s intereses.<\/li>\n<\/ol>\n<ul>\n<li><strong>Datu dro\u0161\u012bba un datu labo\u0161ana<\/strong><\/li>\n<\/ul>\n<ol type=\"a\">\n<li>Visi klientu personas dati, kas k\u013cuvu\u0161i zin\u0101mi DDT, ir uzskat\u0101mi par konfidenci\u0101lu inform\u0101ciju.<\/li>\n<li>Klientam ir ties\u012bbas pamatoti piepras\u012bt, lai vi\u0146a personas dati tiktu papildin\u0101ti, laboti, k\u0101 ar\u012b lai personas datu apstr\u0101de tiktu izbeigta vai dati tiktu dz\u0113sti, ja tie ir novecoju\u0161i, nepiln\u012bgi vai vairs neatbilst s\u0101kotn\u0113ji min\u0113tajam datu apstr\u0101des nol\u016bkam.<\/li>\n<li>DDT interneta veikala lietot\u0101jam ir ties\u012bbas dz\u0113st savu profilu, par to ats\u016btot piepras\u012bjumu uz e pastu: eveikals@ddt.lv. \u0160\u0101d\u0101 gad\u012bjum\u0101 piepras\u012bjums tiek pie\u0146emts tikai, ja tas nos\u016bt\u012bts no t\u0101 pa\u0161a e pasta, uz kuru re\u0123istr\u0113ts lietot\u0101ja profils.<\/li>\n<li>Klientam ir ties\u012bbas atteikties no jebk\u0101du jaunumu sa\u0146em\u0161anas, atrakstoties no jaunumu sa\u0146em\u0161anas, noklik\u0161\u0137inot uz e pasta saites vai nos\u016btot inform\u0101ciju uz e pastu: <a href=\"mailto:eveikals@ddt.lv\">eveikals@ddt.lv<\/a>;<\/li>\n<li>DDT neuz\u0146emas atbild\u012bbu par jebk\u0101du nesankcion\u0113tu piek\u013cuvi personas datiem un\/ vai personas datu zudumu, ja tas nav atkar\u012bgs no DDT, piem\u0113ram, Klienta vainas un\/ vai nolaid\u012bbas d\u0113\u013c.<\/li>\n<\/ol>\n<p>&nbsp;<\/p>\n","protected":false},"excerpt":{"rendered":"<p>Personas datu apstr\u0101des P\u0101rzinis:SIA DDT (turpm\u0101k tekst\u0101 &#8211; DDT), re\u0123istr\u0101cijas numurs 40003333449, juridisk\u0101 adrese: R\u012bga, Stabu 108, LV-1009, m\u0101jas lapas adrese:\u00a0www.ddt.lv. Priv\u0101tuma politikasniedz inform\u0101ciju par to, k\u0101 DDT v\u0101c, apstr\u0101d\u0101, glab\u0101, kop\u012bgo, dz\u0113\u0161 un aizsarg\u0101 Klienta personas datus, t\u0101d\u0113j\u0101di nodro\u0161inot, ka Klienta personas dati tiek apstr\u0101d\u0101ti likum\u012bgi, godpr\u0101t\u012bgi un Klientam p\u0101rredzam\u0101 veid\u0101. Aktu\u0101l\u0101 priv\u0101tuma politikas [&hellip;]<\/p>\n","protected":false},"author":1,"featured_media":0,"parent":0,"menu_order":0,"comment_status":"closed","ping_status":"closed","template":"","meta":{"inline_featured_image":false,"footnotes":""},"yst_prominent_words":[],"class_list":["post-2954","page","type-page","status-publish","hentry"],"jetpack_sharing_enabled":true,"_links":{"self":[{"href":"https:\/\/ddt.lv\/ru\/wp-json\/wp\/v2\/pages\/2954"}],"collection":[{"href":"https:\/\/ddt.lv\/ru\/wp-json\/wp\/v2\/pages"}],"about":[{"href":"https:\/\/ddt.lv\/ru\/wp-json\/wp\/v2\/types\/page"}],"author":[{"embeddable":true,"href":"https:\/\/ddt.lv\/ru\/wp-json\/wp\/v2\/users\/1"}],"replies":[{"embeddable":true,"href":"https:\/\/ddt.lv\/ru\/wp-json\/wp\/v2\/comments?post=2954"}],"version-history":[{"count":12,"href":"https:\/\/ddt.lv\/ru\/wp-json\/wp\/v2\/pages\/2954\/revisions"}],"predecessor-version":[{"id":27507,"href":"https:\/\/ddt.lv\/ru\/wp-json\/wp\/v2\/pages\/2954\/revisions\/27507"}],"wp:attachment":[{"href":"https:\/\/ddt.lv\/ru\/wp-json\/wp\/v2\/media?parent=2954"}],"wp:term":[{"taxonomy":"yst_prominent_words","embeddable":true,"href":"https:\/\/ddt.lv\/ru\/wp-json\/wp\/v2\/yst_prominent_words?post=2954"}],"curies":[{"name":"wp","href":"https:\/\/api.w.org\/{rel}","templated":true}]}}