{"id":99159,"date":"2026-01-19T23:35:28","date_gmt":"2026-01-19T21:35:28","guid":{"rendered":"https:\/\/ddt.lv\/lv\/product\/monopoint-3f-adaptera-prozektora-spota-montazai-uz-virsmas\/"},"modified":"2026-04-13T10:06:27","modified_gmt":"2026-04-13T07:06:27","slug":"monopoint-3f-adaptera-prozektora-spota-montazai-uz-virsmas","status":"publish","type":"product","link":"https:\/\/ddt.lv\/lv\/product\/monopoint-3f-adaptera-prozektora-spota-montazai-uz-virsmas\/","title":{"rendered":"Monopoint 3F adaptera pro\u017eektora &#8211; spota mont\u0101\u017eai uz virsmas"},"content":{"rendered":"<p><strong data-start=\"48\" data-end=\"71\">Monopoint piederums<\/strong>, meln\u0101 kr\u0101s\u0101, pro\u017eektoru mont\u0101\u017eai uz virsmas; ide\u0101li piem\u0113rots mazumtirdzniec\u012bbas telp\u0101m, skatlogiem, muzejiem un galerij\u0101m. Piem\u0113rots lieto\u0161anai ar visiem \u00a0pro\u017eektoriem ar <strong data-start=\"267\" data-end=\"289\">L3 slie\u017eu adapteri<\/strong>. <strong data-start=\"291\" data-end=\"314\">Nedarbojas ar DALI.<\/strong><\/p>","protected":false},"excerpt":{"rendered":"<p>Monopoint piederums, meln\u0101 kr\u0101s\u0101, pro\u017eektoru mont\u0101\u017eai uz virsmas; ide\u0101li piem\u0113rots mazumtirdzniec\u012bbas telp\u0101m, skatlogiem, muzejiem un galerij\u0101m. Piem\u0113rots lieto\u0161anai ar visiem \u00a0pro\u017eektoriem ar L3 slie\u017eu adapteri. Nedarbojas ar DALI.<\/p>\n","protected":false},"featured_media":99160,"comment_status":"closed","ping_status":"closed","template":"","meta":{"inline_featured_image":false},"product_cat":[907,906],"product_tag":[],"yst_prominent_words":[],"class_list":{"0":"post-99159","1":"product","2":"type-product","3":"status-publish","4":"has-post-thumbnail","6":"product_cat-iekares-ramji-u-c-piederumi-led-iekstelpu-gaismekli","7":"product_cat-spot-tipa-gaismekli-led-iekstelpu-gaismekli","9":"first","10":"instock","11":"taxable","12":"shipping-taxable","13":"purchasable","14":"product-type-simple"},"jetpack_sharing_enabled":true,"_links":{"self":[{"href":"https:\/\/ddt.lv\/lv\/wp-json\/wp\/v2\/product\/99159"}],"collection":[{"href":"https:\/\/ddt.lv\/lv\/wp-json\/wp\/v2\/product"}],"about":[{"href":"https:\/\/ddt.lv\/lv\/wp-json\/wp\/v2\/types\/product"}],"replies":[{"embeddable":true,"href":"https:\/\/ddt.lv\/lv\/wp-json\/wp\/v2\/comments?post=99159"}],"wp:featuredmedia":[{"embeddable":true,"href":"https:\/\/ddt.lv\/lv\/wp-json\/wp\/v2\/media\/99160"}],"wp:attachment":[{"href":"https:\/\/ddt.lv\/lv\/wp-json\/wp\/v2\/media?parent=99159"}],"wp:term":[{"taxonomy":"product_cat","embeddable":true,"href":"https:\/\/ddt.lv\/lv\/wp-json\/wp\/v2\/product_cat?post=99159"},{"taxonomy":"product_tag","embeddable":true,"href":"https:\/\/ddt.lv\/lv\/wp-json\/wp\/v2\/product_tag?post=99159"},{"taxonomy":"yst_prominent_words","embeddable":true,"href":"https:\/\/ddt.lv\/lv\/wp-json\/wp\/v2\/yst_prominent_words?post=99159"}],"curies":[{"name":"wp","href":"https:\/\/api.w.org\/{rel}","templated":true}]}}