{"id":99158,"date":"2026-01-19T23:25:28","date_gmt":"2026-01-19T21:25:28","guid":{"rendered":"https:\/\/ddt.lv\/lv\/product\/virsapmetuma-montazas-komplekts-led-panelim-1200x300x70-mm-sylvania\/"},"modified":"2026-04-13T10:06:25","modified_gmt":"2026-04-13T07:06:25","slug":"virsapmetuma-montazas-komplekts-led-panelim-1200x300x70-mm-sylvania","status":"publish","type":"product","link":"https:\/\/ddt.lv\/lv\/product\/virsapmetuma-montazas-komplekts-led-panelim-1200x300x70-mm-sylvania\/","title":{"rendered":"Virsapmetuma mont\u0101\u017eas komplekts LED panelim 1200\u00d7300\u00d770 mm SYLVANIA"},"content":{"rendered":"<p>Virsmas mont\u0101\u017eas komplekts START Panel Eco, START Panel, Quantum, Quadro un Opticlip s\u0113rijas pane\u013ciem. RAL9003. Augstums \u2013 70 mm.<\/p>","protected":false},"excerpt":{"rendered":"<p>Virsmas mont\u0101\u017eas komplekts START Panel Eco, START Panel, Quantum, Quadro un Opticlip s\u0113rijas pane\u013ciem. RAL9003. Augstums \u2013 70 mm.<\/p>\n","protected":false},"featured_media":99161,"comment_status":"closed","ping_status":"closed","template":"","meta":{"inline_featured_image":false},"product_cat":[772,907],"product_tag":[],"yst_prominent_words":[],"class_list":{"0":"post-99158","1":"product","2":"type-product","3":"status-publish","4":"has-post-thumbnail","6":"product_cat-atlaides","7":"product_cat-iekares-ramji-u-c-piederumi-led-iekstelpu-gaismekli","9":"first","10":"instock","11":"sale","12":"taxable","13":"shipping-taxable","14":"purchasable","15":"product-type-simple"},"jetpack_sharing_enabled":true,"_links":{"self":[{"href":"https:\/\/ddt.lv\/lv\/wp-json\/wp\/v2\/product\/99158"}],"collection":[{"href":"https:\/\/ddt.lv\/lv\/wp-json\/wp\/v2\/product"}],"about":[{"href":"https:\/\/ddt.lv\/lv\/wp-json\/wp\/v2\/types\/product"}],"replies":[{"embeddable":true,"href":"https:\/\/ddt.lv\/lv\/wp-json\/wp\/v2\/comments?post=99158"}],"wp:featuredmedia":[{"embeddable":true,"href":"https:\/\/ddt.lv\/lv\/wp-json\/wp\/v2\/media\/99161"}],"wp:attachment":[{"href":"https:\/\/ddt.lv\/lv\/wp-json\/wp\/v2\/media?parent=99158"}],"wp:term":[{"taxonomy":"product_cat","embeddable":true,"href":"https:\/\/ddt.lv\/lv\/wp-json\/wp\/v2\/product_cat?post=99158"},{"taxonomy":"product_tag","embeddable":true,"href":"https:\/\/ddt.lv\/lv\/wp-json\/wp\/v2\/product_tag?post=99158"},{"taxonomy":"yst_prominent_words","embeddable":true,"href":"https:\/\/ddt.lv\/lv\/wp-json\/wp\/v2\/yst_prominent_words?post=99158"}],"curies":[{"name":"wp","href":"https:\/\/api.w.org\/{rel}","templated":true}]}}