{"id":99139,"date":"2026-01-19T20:15:35","date_gmt":"2026-01-19T18:15:35","guid":{"rendered":"https:\/\/ddt.lv\/lv\/product\/v13at-dzirdes-aparatu-baterijas-pr48-zinc-air-box-24-acoustics-varta\/"},"modified":"2026-04-09T12:00:33","modified_gmt":"2026-04-09T09:00:33","slug":"v13at-dzirdes-aparatu-baterijas-pr48-zinc-air-box-24-acoustics-varta","status":"publish","type":"product","link":"https:\/\/ddt.lv\/lv\/product\/v13at-dzirdes-aparatu-baterijas-pr48-zinc-air-box-24-acoustics-varta\/","title":{"rendered":"V13AT Dzirdes apar\u0101tu baterijas PR48 Zinc-Air Box 24 Acoustics VARTA"},"content":{"rendered":"<p><\/p>\n<h2 data-start=\"193\" data-end=\"236\">Ide\u0101ls ener\u0123ijas avots dzirdes apar\u0101tiem<\/h2>\n<p data-start=\"238\" data-end=\"471\"><strong data-start=\"238\" data-end=\"305\"><span class=\"hover:entity-accent entity-underline inline cursor-pointer align-baseline\"><span class=\"whitespace-normal\">VARTA<\/span><\/span> dzirdes apar\u0101tu baterijas<\/strong> pied\u0101v\u0101 augst\u0101k\u0101s kvalit\u0101tes <strong data-start=\"335\" data-end=\"369\">cinka\u2013gaisa pogveida baterijas<\/strong>, kas ir ide\u0101li piem\u0113rotas gan standarta, gan jaun\u0101k\u0101s paaudzes augstas veiktsp\u0113jas dzirdes apar\u0101tiem.<\/p>\n<p data-start=\"473\" data-end=\"780\">\u0160\u012bs <strong data-start=\"477\" data-end=\"506\">dzirdes apar\u0101tu baterijas<\/strong> nodro\u0161ina <strong data-start=\"517\" data-end=\"550\">uzticamu un ilgsto\u0161u ener\u0123iju<\/strong>, augstu kvalit\u0101ti un stabilu veiktsp\u0113ju, \u013caujot lietot\u0101jiem skaidri dzird\u0113t un saglab\u0101t neatkar\u012bbu ikdien\u0101. <strong data-start=\"659\" data-end=\"680\">Stabils spriegums<\/strong> nodro\u0161ina dro\u0161u <strong data-start=\"697\" data-end=\"726\">bezvadu audio straum\u0113\u0161anu<\/strong>, efekt\u012bvu savienojumu un t\u012bru ska\u0146u ar audio ier\u012bc\u0113m.<\/p>\n<p data-start=\"782\" data-end=\"926\">Visas VARTA dzirdes apar\u0101tu baterijas ir <strong data-start=\"823\" data-end=\"842\">bez dz\u012bvsudraba<\/strong>, ar <strong data-start=\"847\" data-end=\"886\">herm\u0113tisku, nepl\u016bsto\u0161u konstrukciju<\/strong>, kas garant\u0113 dro\u0161u un uzticamu darb\u012bbu.<\/p>\n<p data-start=\"928\" data-end=\"955\"><strong data-start=\"928\" data-end=\"955\">Galven\u0101s priek\u0161roc\u012bbas:<\/strong><\/p>\n<ul data-start=\"956\" data-end=\"1155\">\n<li data-start=\"956\" data-end=\"1006\">\n<p data-start=\"958\" data-end=\"1006\">Augst\u0101k\u0101s kvalit\u0101tes <strong data-start=\"979\" data-end=\"1004\">cinka\u2013gaisa baterijas<\/strong><\/p>\n<\/li>\n<li data-start=\"1007\" data-end=\"1049\">\n<p data-start=\"1009\" data-end=\"1049\">Stabils spriegums bezvadu straum\u0113\u0161anai<\/p>\n<\/li>\n<li data-start=\"1050\" data-end=\"1082\">\n<p data-start=\"1052\" data-end=\"1082\">Ilgsto\u0161a un uzticama darb\u012bba<\/p>\n<\/li>\n<li data-start=\"1083\" data-end=\"1120\">\n<p data-start=\"1085\" data-end=\"1120\">Bez dz\u012bvsudraba, videi draudz\u012bgas<\/p>\n<\/li>\n<li data-start=\"1121\" data-end=\"1155\">\n<p data-start=\"1123\" data-end=\"1155\">Dro\u0161a, nepl\u016bsto\u0161a konstrukcija<\/p>\n<\/li>\n<\/ul>\n<p><\/p>","protected":false},"excerpt":{"rendered":"<p>Ide\u0101ls ener\u0123ijas avots dzirdes apar\u0101tiem VARTA dzirdes apar\u0101tu baterijas pied\u0101v\u0101 augst\u0101k\u0101s kvalit\u0101tes cinka\u2013gaisa pogveida baterijas, kas ir ide\u0101li piem\u0113rotas gan standarta, gan jaun\u0101k\u0101s paaudzes augstas veiktsp\u0113jas dzirdes apar\u0101tiem. \u0160\u012bs dzirdes apar\u0101tu baterijas nodro\u0161ina uzticamu un ilgsto\u0161u ener\u0123iju, augstu kvalit\u0101ti un stabilu veiktsp\u0113ju, \u013caujot lietot\u0101jiem skaidri dzird\u0113t un saglab\u0101t neatkar\u012bbu ikdien\u0101. Stabils spriegums nodro\u0161ina dro\u0161u bezvadu [&hellip;]<\/p>\n","protected":false},"featured_media":99189,"comment_status":"closed","ping_status":"closed","template":"","meta":{"inline_featured_image":false},"product_cat":[772,448],"product_tag":[],"yst_prominent_words":[],"class_list":{"0":"post-99139","1":"product","2":"type-product","3":"status-publish","4":"has-post-thumbnail","6":"product_cat-atlaides","7":"product_cat-dzirdes-aparatiem","9":"first","10":"instock","11":"sale","12":"taxable","13":"shipping-taxable","14":"purchasable","15":"product-type-simple"},"jetpack_sharing_enabled":true,"_links":{"self":[{"href":"https:\/\/ddt.lv\/lv\/wp-json\/wp\/v2\/product\/99139"}],"collection":[{"href":"https:\/\/ddt.lv\/lv\/wp-json\/wp\/v2\/product"}],"about":[{"href":"https:\/\/ddt.lv\/lv\/wp-json\/wp\/v2\/types\/product"}],"replies":[{"embeddable":true,"href":"https:\/\/ddt.lv\/lv\/wp-json\/wp\/v2\/comments?post=99139"}],"wp:featuredmedia":[{"embeddable":true,"href":"https:\/\/ddt.lv\/lv\/wp-json\/wp\/v2\/media\/99189"}],"wp:attachment":[{"href":"https:\/\/ddt.lv\/lv\/wp-json\/wp\/v2\/media?parent=99139"}],"wp:term":[{"taxonomy":"product_cat","embeddable":true,"href":"https:\/\/ddt.lv\/lv\/wp-json\/wp\/v2\/product_cat?post=99139"},{"taxonomy":"product_tag","embeddable":true,"href":"https:\/\/ddt.lv\/lv\/wp-json\/wp\/v2\/product_tag?post=99139"},{"taxonomy":"yst_prominent_words","embeddable":true,"href":"https:\/\/ddt.lv\/lv\/wp-json\/wp\/v2\/yst_prominent_words?post=99139"}],"curies":[{"name":"wp","href":"https:\/\/api.w.org\/{rel}","templated":true}]}}