{"id":99087,"date":"2026-01-18T16:25:38","date_gmt":"2026-01-18T14:25:38","guid":{"rendered":"https:\/\/ddt.lv\/lv\/product\/led-prozektors-melns-17w-240v-4000k-2000lm-ip65-ik06-sylvania\/"},"modified":"2026-04-08T14:46:06","modified_gmt":"2026-04-08T11:46:06","slug":"led-prozektors-melns-17w-240v-4000k-2000lm-ip65-ik06-sylvania","status":"publish","type":"product","link":"https:\/\/ddt.lv\/lv\/product\/led-prozektors-melns-17w-240v-4000k-2000lm-ip65-ik06-sylvania\/","title":{"rendered":"LED pro\u017eektors melns 17W 240V 4000K 2000lm IP65 IK06 SYLVANIA"},"content":{"rendered":"<p>Pl\u016bdl\u012bniju dizaina, iztur\u012bgs un viegls lieta alum\u012bnija korpuss padara <strong data-start=\"70\" data-end=\"82\">SylFlood<\/strong> par ide\u0101lu izv\u0113li \u0113ku fas\u0101d\u0113m, autost\u0101vviet\u0101m, gar\u0101\u017e\u0101m un b\u016bvlaukumiem. Produkts ir apr\u012bkots ar 1 m iepriek\u0161 piesl\u0113gtu kabeli bez gala uzga\u013ca un mont\u0101\u017eas kron\u0161teinu \u0101trai un vienk\u0101r\u0161ai uzst\u0101d\u012b\u0161anai, savuk\u0101rt univers\u0101lais stiprin\u0101juma kron\u0161teins \u013cauj veikt mont\u0101\u017eu pie sienas vai virsmas ar vertik\u0101las regul\u0113\u0161anas iesp\u0113ju. Melns korpuss (RAL9017), balts reflektors, 2000 lm, 17 W, 118 lm\/W, 4000 K, nedimm\u0113jams, CRI &gt; 80, IP65, IK06, I aizsardz\u012bbas klase, 100 \u00d7 108 \u00d7 23 mm (G \u00d7 P \u00d7 A). Svars: 0,26 kg.<\/p>","protected":false},"excerpt":{"rendered":"<p>Pl\u016bdl\u012bniju dizaina, iztur\u012bgs un viegls lieta alum\u012bnija korpuss padara SylFlood par ide\u0101lu izv\u0113li \u0113ku fas\u0101d\u0113m, autost\u0101vviet\u0101m, gar\u0101\u017e\u0101m un b\u016bvlaukumiem. Produkts ir apr\u012bkots ar 1 m iepriek\u0161 piesl\u0113gtu kabeli bez gala uzga\u013ca un mont\u0101\u017eas kron\u0161teinu \u0101trai un vienk\u0101r\u0161ai uzst\u0101d\u012b\u0161anai, savuk\u0101rt univers\u0101lais stiprin\u0101juma kron\u0161teins \u013cauj veikt mont\u0101\u017eu pie sienas vai virsmas ar vertik\u0101las regul\u0113\u0161anas iesp\u0113ju. Melns korpuss [&hellip;]<\/p>\n","protected":false},"featured_media":99093,"comment_status":"closed","ping_status":"closed","template":"","meta":{"inline_featured_image":false},"product_cat":[908],"product_tag":[],"yst_prominent_words":[],"class_list":{"0":"post-99087","1":"product","2":"type-product","3":"status-publish","4":"has-post-thumbnail","6":"product_cat-led-prozektori","8":"first","9":"instock","10":"taxable","11":"shipping-taxable","12":"purchasable","13":"product-type-simple"},"jetpack_sharing_enabled":true,"_links":{"self":[{"href":"https:\/\/ddt.lv\/lv\/wp-json\/wp\/v2\/product\/99087"}],"collection":[{"href":"https:\/\/ddt.lv\/lv\/wp-json\/wp\/v2\/product"}],"about":[{"href":"https:\/\/ddt.lv\/lv\/wp-json\/wp\/v2\/types\/product"}],"replies":[{"embeddable":true,"href":"https:\/\/ddt.lv\/lv\/wp-json\/wp\/v2\/comments?post=99087"}],"wp:featuredmedia":[{"embeddable":true,"href":"https:\/\/ddt.lv\/lv\/wp-json\/wp\/v2\/media\/99093"}],"wp:attachment":[{"href":"https:\/\/ddt.lv\/lv\/wp-json\/wp\/v2\/media?parent=99087"}],"wp:term":[{"taxonomy":"product_cat","embeddable":true,"href":"https:\/\/ddt.lv\/lv\/wp-json\/wp\/v2\/product_cat?post=99087"},{"taxonomy":"product_tag","embeddable":true,"href":"https:\/\/ddt.lv\/lv\/wp-json\/wp\/v2\/product_tag?post=99087"},{"taxonomy":"yst_prominent_words","embeddable":true,"href":"https:\/\/ddt.lv\/lv\/wp-json\/wp\/v2\/yst_prominent_words?post=99087"}],"curies":[{"name":"wp","href":"https:\/\/api.w.org\/{rel}","templated":true}]}}