{"id":99075,"date":"2026-01-18T15:35:38","date_gmt":"2026-01-18T13:35:38","guid":{"rendered":"https:\/\/ddt.lv\/lv\/product\/led-prozektors-melns-pir-18w-4000k-2000lm-ip65-ik05-syl\/"},"modified":"2026-04-09T12:00:34","modified_gmt":"2026-04-09T09:00:34","slug":"led-prozektors-melns-pir-18w-4000k-2000lm-ip65-ik05-syl","status":"publish","type":"product","link":"https:\/\/ddt.lv\/lv\/product\/led-prozektors-melns-pir-18w-4000k-2000lm-ip65-ik05-syl\/","title":{"rendered":"LED pro\u017eektors melns PIR 18W 4000K 2000lm IP65 IK05 SYL"},"content":{"rendered":"<p>Pl\u016bdl\u012bniju dizaina, iztur\u012bgs un viegls lieta alum\u012bnija korpuss padara <strong data-start=\"70\" data-end=\"82\">SylFlood<\/strong> par ide\u0101lu izv\u0113li \u0113ku fas\u0101d\u0113m, autost\u0101vviet\u0101m, gar\u0101\u017e\u0101m un b\u016bvlaukumiem. Produkts ir apr\u012bkots ar 1 m iepriek\u0161 piesl\u0113gtu kabeli bez gala uzga\u013ca un mont\u0101\u017eas kron\u0161teinu \u0101trai un vienk\u0101r\u0161ai uzst\u0101d\u012b\u0161anai, savuk\u0101rt univers\u0101lais stiprin\u0101juma kron\u0161teins \u013cauj veikt mont\u0101\u017eu pie sienas vai virsmas ar vertik\u0101las regul\u0113\u0161anas iesp\u0113ju. Melns korpuss (RAL9017), balts reflektors, 2000 lm, 18 W, 111 lm\/W, 4000 K, nedimm\u0113jams, CRI &gt; 80, IP65, IK06 \u2013 gaismeklis, IK05 \u2013 sensors, I aizsardz\u012bbas klase, 190 \u00d7 125 \u00d7 52 mm (G \u00d7 P \u00d7 A). Svars: 0,39 kg. Komplekt\u0101 PIR sensors. \u00a0Sensors: regul\u0113jams apgaismojuma slieksnis (2\u20132000 lx) un regul\u0113jams darb\u012bbas laiks (10 s\u20135 min).<\/p>","protected":false},"excerpt":{"rendered":"<p>Pl\u016bdl\u012bniju dizaina, iztur\u012bgs un viegls lieta alum\u012bnija korpuss padara SylFlood par ide\u0101lu izv\u0113li \u0113ku fas\u0101d\u0113m, autost\u0101vviet\u0101m, gar\u0101\u017e\u0101m un b\u016bvlaukumiem. Produkts ir apr\u012bkots ar 1 m iepriek\u0161 piesl\u0113gtu kabeli bez gala uzga\u013ca un mont\u0101\u017eas kron\u0161teinu \u0101trai un vienk\u0101r\u0161ai uzst\u0101d\u012b\u0161anai, savuk\u0101rt univers\u0101lais stiprin\u0101juma kron\u0161teins \u013cauj veikt mont\u0101\u017eu pie sienas vai virsmas ar vertik\u0101las regul\u0113\u0161anas iesp\u0113ju. Melns korpuss [&hellip;]<\/p>\n","protected":false},"featured_media":99081,"comment_status":"closed","ping_status":"closed","template":"","meta":{"inline_featured_image":false},"product_cat":[908],"product_tag":[],"yst_prominent_words":[],"class_list":{"0":"post-99075","1":"product","2":"type-product","3":"status-publish","4":"has-post-thumbnail","6":"product_cat-led-prozektori","8":"first","9":"instock","10":"taxable","11":"shipping-taxable","12":"purchasable","13":"product-type-simple"},"jetpack_sharing_enabled":true,"_links":{"self":[{"href":"https:\/\/ddt.lv\/lv\/wp-json\/wp\/v2\/product\/99075"}],"collection":[{"href":"https:\/\/ddt.lv\/lv\/wp-json\/wp\/v2\/product"}],"about":[{"href":"https:\/\/ddt.lv\/lv\/wp-json\/wp\/v2\/types\/product"}],"replies":[{"embeddable":true,"href":"https:\/\/ddt.lv\/lv\/wp-json\/wp\/v2\/comments?post=99075"}],"wp:featuredmedia":[{"embeddable":true,"href":"https:\/\/ddt.lv\/lv\/wp-json\/wp\/v2\/media\/99081"}],"wp:attachment":[{"href":"https:\/\/ddt.lv\/lv\/wp-json\/wp\/v2\/media?parent=99075"}],"wp:term":[{"taxonomy":"product_cat","embeddable":true,"href":"https:\/\/ddt.lv\/lv\/wp-json\/wp\/v2\/product_cat?post=99075"},{"taxonomy":"product_tag","embeddable":true,"href":"https:\/\/ddt.lv\/lv\/wp-json\/wp\/v2\/product_tag?post=99075"},{"taxonomy":"yst_prominent_words","embeddable":true,"href":"https:\/\/ddt.lv\/lv\/wp-json\/wp\/v2\/yst_prominent_words?post=99075"}],"curies":[{"name":"wp","href":"https:\/\/api.w.org\/{rel}","templated":true}]}}