{"id":99054,"date":"2026-01-18T12:20:29","date_gmt":"2026-01-18T10:20:29","guid":{"rendered":"https:\/\/ddt.lv\/lv\/product\/led-gaismeklis-balts-sylcircle-apals-18w-1550lm-3000-4000k-ip44-ar-mikro-viilnu-sensoru-sylvania\/"},"modified":"2026-04-08T14:42:17","modified_gmt":"2026-04-08T11:42:17","slug":"led-gaismeklis-balts-sylcircle-apals-18w-1550lm-3000-4000k-ip44-ar-mikro-viilnu-sensoru-sylvania","status":"publish","type":"product","link":"https:\/\/ddt.lv\/lv\/product\/led-gaismeklis-balts-sylcircle-apals-18w-1550lm-dualtone-3000-4000k-ip44-ar-mikro-vilnu-sensoru-sylvania\/","title":{"rendered":"LED gaismeklis balts SYLCIRCLE apa\u013c\u0161 18W 1550lm DUALTONE 3000\/4000K IP44 ar Mikro vi\u013c\u0146u sensoru Sylvania"},"content":{"rendered":"<p>Griestu \/ sienas gaismeklis ar integr\u0113tu LED.<br data-start=\"77\" data-end=\"80\" \/>Ide\u0101ls risin\u0101jums gaite\u0146iem, p\u0101rvieto\u0161an\u0101s zon\u0101m vai foaj\u0113.<br data-start=\"139\" data-end=\"142\" \/>Vienm\u0113r\u012bgs un homog\u0113ns gaismas sadal\u012bjums ar halo tipa apgaismojuma efektu uz sienas virsmas.<br data-start=\"235\" data-end=\"238\" \/>Korpusa izm\u0113rs \u2013 diametrs 330 mm.<br data-start=\"271\" data-end=\"274\" \/>Savietojams ar <strong data-start=\"289\" data-end=\"297\">BESA<\/strong> mont\u0101\u017eas k\u0101rbu, caurumu att\u0101lums \u2013 51 mm.<br data-start=\"339\" data-end=\"342\" \/><strong data-start=\"342\" data-end=\"354\">DualTone<\/strong> funkcionalit\u0101te \u013cauj p\u0101rsl\u0113gt kr\u0101sas temperat\u016bru starp 3000 K un 4000 K.<br data-start=\"427\" data-end=\"430\" \/>Jauda \u2013 18 W, gaismas pl\u016bsma \u2013 1550 l\u016bmeni (4000 K).<br data-start=\"482\" data-end=\"485\" \/>Apr\u012bkots ar integr\u0113tu mikrovi\u013c\u0146u sensoru autom\u0101tiskai iesl\u0113g\u0161anai\/izsl\u0113g\u0161anai kl\u0101tb\u016btnes noteik\u0161anai.<br data-start=\"586\" data-end=\"589\" \/>Triecieniztur\u012bbas klase <strong data-start=\"613\" data-end=\"621\">IK03<\/strong>, aizsardz\u012bbas klase <strong data-start=\"642\" data-end=\"650\">IP54<\/strong>.<br data-start=\"651\" data-end=\"654\" \/>Zemas uztur\u0113\u0161anas izmaksas, LED paredzamais kalpo\u0161anas laiks \u2013 30 000 stundas.<\/p>","protected":false},"excerpt":{"rendered":"<p>Griestu \/ sienas gaismeklis ar integr\u0113tu LED.Ide\u0101ls risin\u0101jums gaite\u0146iem, p\u0101rvieto\u0161an\u0101s zon\u0101m vai foaj\u0113.Vienm\u0113r\u012bgs un homog\u0113ns gaismas sadal\u012bjums ar halo tipa apgaismojuma efektu uz sienas virsmas.Korpusa izm\u0113rs \u2013 diametrs 330 mm.Savietojams ar BESA mont\u0101\u017eas k\u0101rbu, caurumu att\u0101lums \u2013 51 mm.DualTone funkcionalit\u0101te \u013cauj p\u0101rsl\u0113gt kr\u0101sas temperat\u016bru starp 3000 K un 4000 K.Jauda \u2013 18 W, gaismas pl\u016bsma [&hellip;]<\/p>\n","protected":false},"featured_media":99060,"comment_status":"closed","ping_status":"closed","template":"","meta":{"inline_featured_image":false},"product_cat":[772,902],"product_tag":[],"yst_prominent_words":[],"class_list":{"0":"post-99054","1":"product","2":"type-product","3":"status-publish","4":"has-post-thumbnail","6":"product_cat-atlaides","7":"product_cat-led-plafona-tipa-gaismekli","9":"first","10":"instock","11":"sale","12":"taxable","13":"shipping-taxable","14":"purchasable","15":"product-type-simple"},"jetpack_sharing_enabled":true,"_links":{"self":[{"href":"https:\/\/ddt.lv\/lv\/wp-json\/wp\/v2\/product\/99054"}],"collection":[{"href":"https:\/\/ddt.lv\/lv\/wp-json\/wp\/v2\/product"}],"about":[{"href":"https:\/\/ddt.lv\/lv\/wp-json\/wp\/v2\/types\/product"}],"replies":[{"embeddable":true,"href":"https:\/\/ddt.lv\/lv\/wp-json\/wp\/v2\/comments?post=99054"}],"wp:featuredmedia":[{"embeddable":true,"href":"https:\/\/ddt.lv\/lv\/wp-json\/wp\/v2\/media\/99060"}],"wp:attachment":[{"href":"https:\/\/ddt.lv\/lv\/wp-json\/wp\/v2\/media?parent=99054"}],"wp:term":[{"taxonomy":"product_cat","embeddable":true,"href":"https:\/\/ddt.lv\/lv\/wp-json\/wp\/v2\/product_cat?post=99054"},{"taxonomy":"product_tag","embeddable":true,"href":"https:\/\/ddt.lv\/lv\/wp-json\/wp\/v2\/product_tag?post=99054"},{"taxonomy":"yst_prominent_words","embeddable":true,"href":"https:\/\/ddt.lv\/lv\/wp-json\/wp\/v2\/yst_prominent_words?post=99054"}],"curies":[{"name":"wp","href":"https:\/\/api.w.org\/{rel}","templated":true}]}}