{"id":98927,"date":"2026-01-16T14:25:30","date_gmt":"2026-01-16T12:25:30","guid":{"rendered":"https:\/\/ddt.lv\/lv\/product\/refled-retro-es111-v3-1150lm-dim-830-par-gu10-12w-25-240v-3000k-spuldze-sylvania\/"},"modified":"2026-04-13T09:47:30","modified_gmt":"2026-04-13T06:47:30","slug":"refled-retro-es111-v3-1150lm-dim-830-par-gu10-12w-25-240v-3000k-spuldze-sylvania","status":"publish","type":"product","link":"https:\/\/ddt.lv\/lv\/product\/refled-retro-es111-v3-1150lm-dim-830-par-gu10-12w-25-240v-3000k-spuldze-sylvania\/","title":{"rendered":"RefLED Retro  ES111  V3 1150lm DIM 830 PAR GU10 12W 25\u00b0 240V 3000K spuldze Sylvania"},"content":{"rendered":"<p>Augstas veiktsp\u0113jas LED ES111 lampa ar tradicion\u0101lajai halog\u0113na ES111 lampai l\u012bdz\u012bgu izskatu un saj\u016btu.<br data-start=\"135\" data-end=\"138\" \/>Piln\u012bb\u0101 stikla konstrukcija \u2013 nodro\u0161ina, ka starp lampu un gaismekli nerodas kr\u0101su nesader\u012bba.<br data-start=\"232\" data-end=\"235\" \/>Augsta gaismas pl\u016bsma \u2013 1150 lm.<br data-start=\"267\" data-end=\"270\" \/>Mat\u0113ta (punkt\u0113ta) l\u0113ca samazina ap\u017eilbin\u0101jumu un atveido halog\u0113na apgaismojuma efektu.<br data-start=\"356\" data-end=\"359\" \/>25\u00b0 staru le\u0146\u0137is.<br data-start=\"376\" data-end=\"379\" \/>L\u012bdz 96 % ener\u0123ijas ietaup\u012bjums.<br data-start=\"411\" data-end=\"414\" \/>Regul\u0113jams spilgtums (dimm\u0113jama).<br data-start=\"447\" data-end=\"450\" \/>Vid\u0113jais nomin\u0101lais kalpo\u0161anas laiks \u2013 25 000 stundas, kas ir 12,5 reizes ilg\u0101k nek\u0101 halog\u0113na analogiem.<br data-start=\"554\" data-end=\"557\" \/>Iesl\u0113g\u0161anas\/izsl\u0113g\u0161anas ciklu skaits: &gt; 100 000.<br data-start=\"605\" data-end=\"608\" \/>Augsta gaismas efektivit\u0101te \u2013 89 lm\/W.<br data-start=\"646\" data-end=\"649\" \/>Laba kr\u0101su atveide \u2013 CRI 80.<\/p>","protected":false},"excerpt":{"rendered":"<p>Augstas veiktsp\u0113jas LED ES111 lampa ar tradicion\u0101lajai halog\u0113na ES111 lampai l\u012bdz\u012bgu izskatu un saj\u016btu.Piln\u012bb\u0101 stikla konstrukcija \u2013 nodro\u0161ina, ka starp lampu un gaismekli nerodas kr\u0101su nesader\u012bba.Augsta gaismas pl\u016bsma \u2013 1150 lm.Mat\u0113ta (punkt\u0113ta) l\u0113ca samazina ap\u017eilbin\u0101jumu un atveido halog\u0113na apgaismojuma efektu.25\u00b0 staru le\u0146\u0137is.L\u012bdz 96 % ener\u0123ijas ietaup\u012bjums.Regul\u0113jams spilgtums (dimm\u0113jama).Vid\u0113jais nomin\u0101lais kalpo\u0161anas laiks \u2013 25 000 stundas, [&hellip;]<\/p>\n","protected":false},"featured_media":98936,"comment_status":"closed","ping_status":"closed","template":"","meta":{"inline_featured_image":false},"product_cat":[772,852],"product_tag":[],"yst_prominent_words":[],"class_list":{"0":"post-98927","1":"product","2":"type-product","3":"status-publish","4":"has-post-thumbnail","6":"product_cat-atlaides","7":"product_cat-gu10-spuldzes","9":"first","10":"instock","11":"sale","12":"taxable","13":"shipping-taxable","14":"purchasable","15":"product-type-simple"},"jetpack_sharing_enabled":true,"_links":{"self":[{"href":"https:\/\/ddt.lv\/lv\/wp-json\/wp\/v2\/product\/98927"}],"collection":[{"href":"https:\/\/ddt.lv\/lv\/wp-json\/wp\/v2\/product"}],"about":[{"href":"https:\/\/ddt.lv\/lv\/wp-json\/wp\/v2\/types\/product"}],"replies":[{"embeddable":true,"href":"https:\/\/ddt.lv\/lv\/wp-json\/wp\/v2\/comments?post=98927"}],"wp:featuredmedia":[{"embeddable":true,"href":"https:\/\/ddt.lv\/lv\/wp-json\/wp\/v2\/media\/98936"}],"wp:attachment":[{"href":"https:\/\/ddt.lv\/lv\/wp-json\/wp\/v2\/media?parent=98927"}],"wp:term":[{"taxonomy":"product_cat","embeddable":true,"href":"https:\/\/ddt.lv\/lv\/wp-json\/wp\/v2\/product_cat?post=98927"},{"taxonomy":"product_tag","embeddable":true,"href":"https:\/\/ddt.lv\/lv\/wp-json\/wp\/v2\/product_tag?post=98927"},{"taxonomy":"yst_prominent_words","embeddable":true,"href":"https:\/\/ddt.lv\/lv\/wp-json\/wp\/v2\/yst_prominent_words?post=98927"}],"curies":[{"name":"wp","href":"https:\/\/api.w.org\/{rel}","templated":true}]}}