{"id":98923,"date":"2026-01-16T14:10:36","date_gmt":"2026-01-16T12:10:36","guid":{"rendered":"https:\/\/ddt.lv\/lv\/product\/refled-superia-retro-es50-gu10-5w-36-405lm-2700k-cri90-dimmejama-spuldze-sylvania\/"},"modified":"2026-04-13T10:02:55","modified_gmt":"2026-04-13T07:02:55","slug":"refled-superia-retro-es50-gu10-5w-36-405lm-2700k-cri90-dimmejama-spuldze-sylvania","status":"publish","type":"product","link":"https:\/\/ddt.lv\/lv\/product\/refled-superia-retro-es50-gu10-5w-36-405lm-2700k-cri90-dimmejama-spuldze-sylvania\/","title":{"rendered":"REFLED Superia RETRO ES50 GU10 5W 36&#8242; 405lm 2700K CRI90  Dimm\u0113jama spuldze Sylvania"},"content":{"rendered":"<p><\/p>\n<p data-start=\"32\" data-end=\"127\"><em data-start=\"32\" data-end=\"42\">Sylvania<\/em> augst\u0101k\u0101s kvalit\u0101tes profesion\u0101lo LED virziena lampu s\u0113rija ar stikla retro dizainu.<\/p>\n<p data-start=\"129\" data-end=\"347\">\u012apa\u0161ais, halog\u0113na lampu iedvesmotais \u0161\u0137aut\u0146ainais l\u0113cas dizains nodro\u0161ina, ka visa l\u0113cas priek\u0161\u0113j\u0101 virsma ir izgaismota bez redzama siltuma novad\u012bt\u0101ja, atveidojot tradicion\u0101lo halog\u0113na lampu klasisko izskatu un saj\u016btu.<\/p>\n<p data-start=\"349\" data-end=\"465\" data-is-last-node=\"\" data-is-only-node=\"\">Ide\u0101li piem\u0113rota tradicion\u0101lo halog\u0113na lampu nomai\u0146ai dz\u012bvojam\u0101s telp\u0101s, viesm\u012bl\u012bbas un mazumtirdzniec\u012bbas objektos.<\/p>\n<p><\/p>","protected":false},"excerpt":{"rendered":"<p>Sylvania augst\u0101k\u0101s kvalit\u0101tes profesion\u0101lo LED virziena lampu s\u0113rija ar stikla retro dizainu. \u012apa\u0161ais, halog\u0113na lampu iedvesmotais \u0161\u0137aut\u0146ainais l\u0113cas dizains nodro\u0161ina, ka visa l\u0113cas priek\u0161\u0113j\u0101 virsma ir izgaismota bez redzama siltuma novad\u012bt\u0101ja, atveidojot tradicion\u0101lo halog\u0113na lampu klasisko izskatu un saj\u016btu. Ide\u0101li piem\u0113rota tradicion\u0101lo halog\u0113na lampu nomai\u0146ai dz\u012bvojam\u0101s telp\u0101s, viesm\u012bl\u012bbas un mazumtirdzniec\u012bbas objektos.<\/p>\n","protected":false},"featured_media":98928,"comment_status":"closed","ping_status":"closed","template":"","meta":{"inline_featured_image":false},"product_cat":[852],"product_tag":[],"yst_prominent_words":[],"class_list":{"0":"post-98923","1":"product","2":"type-product","3":"status-publish","4":"has-post-thumbnail","6":"product_cat-gu10-spuldzes","8":"first","9":"instock","10":"taxable","11":"shipping-taxable","12":"purchasable","13":"product-type-simple"},"jetpack_sharing_enabled":true,"_links":{"self":[{"href":"https:\/\/ddt.lv\/lv\/wp-json\/wp\/v2\/product\/98923"}],"collection":[{"href":"https:\/\/ddt.lv\/lv\/wp-json\/wp\/v2\/product"}],"about":[{"href":"https:\/\/ddt.lv\/lv\/wp-json\/wp\/v2\/types\/product"}],"replies":[{"embeddable":true,"href":"https:\/\/ddt.lv\/lv\/wp-json\/wp\/v2\/comments?post=98923"}],"wp:featuredmedia":[{"embeddable":true,"href":"https:\/\/ddt.lv\/lv\/wp-json\/wp\/v2\/media\/98928"}],"wp:attachment":[{"href":"https:\/\/ddt.lv\/lv\/wp-json\/wp\/v2\/media?parent=98923"}],"wp:term":[{"taxonomy":"product_cat","embeddable":true,"href":"https:\/\/ddt.lv\/lv\/wp-json\/wp\/v2\/product_cat?post=98923"},{"taxonomy":"product_tag","embeddable":true,"href":"https:\/\/ddt.lv\/lv\/wp-json\/wp\/v2\/product_tag?post=98923"},{"taxonomy":"yst_prominent_words","embeddable":true,"href":"https:\/\/ddt.lv\/lv\/wp-json\/wp\/v2\/yst_prominent_words?post=98923"}],"curies":[{"name":"wp","href":"https:\/\/api.w.org\/{rel}","templated":true}]}}