{"id":98860,"date":"2026-01-15T21:40:36","date_gmt":"2026-01-15T19:40:36","guid":{"rendered":"https:\/\/ddt.lv\/lv\/product\/karstuma-ugungreka-detektors-85db-54c-65c-10gadu-1x9v-beterija-kompleta-emos\/"},"modified":"2026-04-13T10:06:14","modified_gmt":"2026-04-13T07:06:14","slug":"karstuma-ugungreka-detektors-85db-54c-65c-10gadu-1x9v-beterija-kompleta-emos","status":"publish","type":"product","link":"https:\/\/ddt.lv\/lv\/product\/karstuma-ugungreka-detektors-85db-54c-65c-10gadu-1x9v-beterija-kompleta-emos\/","title":{"rendered":"Karstuma ugungr\u0113ka detektors 85dB 54\u00b0C-65\u00b0C 10gadu 1x9V beterija komplekt\u0101  EMOS"},"content":{"rendered":"<p>Sarg\u0101jiet savu m\u0101jokli ar ugunsgr\u0113ka detektoru ar \u012bpa\u0161u sist\u0113mu, kas <strong>ne\u013cauj to uzst\u0101d\u012bt bez akumulatora<\/strong>. Ier\u012bce vienm\u0113r b\u016bs gatava rea\u0123\u0113t uz iesp\u0113jamiem apdraud\u0113jumiem un nodro\u0161in\u0101s jums past\u0101v\u012bgu aizsardz\u012bbu.<\/p>\n<p>Br\u012bdin\u0101jums, kuru nedr\u012bkst ignor\u0113t. Ugunsgr\u0113ka gad\u012bjum\u0101 \u0101trai rea\u0123\u0113\u0161anai ir iz\u0161\u0137iro\u0161a noz\u012bme. T\u0101p\u0113c m\u016bsu ugunsgr\u0113ka detektors ir <strong>apr\u012bkots ne tikai ar optisko, bet ar\u012b ar ska\u0146as sign\u0101lu.<\/strong> Tikl\u012bdz tiek konstat\u0113ts apdraud\u0113jums, atskan <strong>ska\u013c\u0161 85 dB ska\u0146as sign\u0101ls, <\/strong>kas nekav\u0113joties br\u012bdina par briesm\u0101m. Pateicoties \u0161ai intens\u012bvajai ska\u0146ai, jums b\u016bs pietiekami daudz laika, lai pamestu teritoriju un nodro\u0161in\u0101tu savu un savu tuvinieku dro\u0161\u012bbu.<\/p>\n<p>\u0160im ugunsgr\u0113ka detektoram ir ne tikai dro\u0161\u012bbas, bet ar\u012b est\u0113tikas noz\u012bme. M\u016bsu ugunsgr\u0113ka detektoriem ir <strong>kompakts izm\u0113rs un moderns dizains,<\/strong> kas lieliski iederas jebkur\u0101 interjer\u0101. Nav svar\u012bgi, vai j\u016bsu m\u0101joklis ir tradicion\u0101ls vai moderns, \u0161is<strong> detektors piel\u0101gosies un lieliski ieder\u0113sies jebkur\u0101 telp\u0101. <\/strong>Un tas viss ar <strong>vieglu uzst\u0101d\u012b\u0161anu pie sienas un zem\u0101m ekspluat\u0101cijas izmaks\u0101m,<\/strong> lai j\u016bs var\u0113tu baud\u012bt dro\u0161\u012bbu bez sare\u017e\u0123\u012bjumiem.<\/p>\n<p>Komplekt\u0101cij\u0101 ietilpst ar\u012b <strong>nomain\u0101ma 9 V baterija ar 5 gadu kalpo\u0161anas laiku,<\/strong> kuru detektors pats br\u012bdina j\u016bs nomain\u012bt, pateicoties <strong>inteli\u0123entai zema akumulatora uzl\u0101des indik\u0101cijai.<\/strong>Kad akumulatora uzl\u0101de tuvojas beig\u0101m, ier\u012bce nekav\u0113joties <strong>br\u012bdin\u0101s j\u016bs gan ar optisko, gan akustisko sign\u0101lu.<\/strong><\/p>","protected":false},"excerpt":{"rendered":"<p>Sarg\u0101jiet savu m\u0101jokli ar ugunsgr\u0113ka detektoru ar \u012bpa\u0161u sist\u0113mu, kas ne\u013cauj to uzst\u0101d\u012bt bez akumulatora. Ier\u012bce vienm\u0113r b\u016bs gatava rea\u0123\u0113t uz iesp\u0113jamiem apdraud\u0113jumiem un nodro\u0161in\u0101s jums past\u0101v\u012bgu aizsardz\u012bbu. Br\u012bdin\u0101jums, kuru nedr\u012bkst ignor\u0113t. Ugunsgr\u0113ka gad\u012bjum\u0101 \u0101trai rea\u0123\u0113\u0161anai ir iz\u0161\u0137iro\u0161a noz\u012bme. T\u0101p\u0113c m\u016bsu ugunsgr\u0113ka detektors ir apr\u012bkots ne tikai ar optisko, bet ar\u012b ar ska\u0146as sign\u0101lu. Tikl\u012bdz [&hellip;]<\/p>\n","protected":false},"featured_media":98861,"comment_status":"closed","ping_status":"closed","template":"","meta":{"inline_featured_image":false},"product_cat":[772,542],"product_tag":[],"yst_prominent_words":[],"class_list":{"0":"post-98860","1":"product","2":"type-product","3":"status-publish","4":"has-post-thumbnail","6":"product_cat-atlaides","7":"product_cat-dumu-detektori","9":"first","10":"instock","11":"sale","12":"taxable","13":"shipping-taxable","14":"purchasable","15":"product-type-simple"},"jetpack_sharing_enabled":true,"_links":{"self":[{"href":"https:\/\/ddt.lv\/lv\/wp-json\/wp\/v2\/product\/98860"}],"collection":[{"href":"https:\/\/ddt.lv\/lv\/wp-json\/wp\/v2\/product"}],"about":[{"href":"https:\/\/ddt.lv\/lv\/wp-json\/wp\/v2\/types\/product"}],"replies":[{"embeddable":true,"href":"https:\/\/ddt.lv\/lv\/wp-json\/wp\/v2\/comments?post=98860"}],"wp:featuredmedia":[{"embeddable":true,"href":"https:\/\/ddt.lv\/lv\/wp-json\/wp\/v2\/media\/98861"}],"wp:attachment":[{"href":"https:\/\/ddt.lv\/lv\/wp-json\/wp\/v2\/media?parent=98860"}],"wp:term":[{"taxonomy":"product_cat","embeddable":true,"href":"https:\/\/ddt.lv\/lv\/wp-json\/wp\/v2\/product_cat?post=98860"},{"taxonomy":"product_tag","embeddable":true,"href":"https:\/\/ddt.lv\/lv\/wp-json\/wp\/v2\/product_tag?post=98860"},{"taxonomy":"yst_prominent_words","embeddable":true,"href":"https:\/\/ddt.lv\/lv\/wp-json\/wp\/v2\/yst_prominent_words?post=98860"}],"curies":[{"name":"wp","href":"https:\/\/api.w.org\/{rel}","templated":true}]}}