{"id":98410,"date":"2026-01-09T16:55:36","date_gmt":"2026-01-09T14:55:36","guid":{"rendered":"https:\/\/ddt.lv\/lv\/product\/pavara-nazis-gefu-enno-15cm\/"},"modified":"2026-04-13T10:06:19","modified_gmt":"2026-04-13T07:06:19","slug":"pavara-nazis-gefu-enno-15cm","status":"publish","type":"product","link":"https:\/\/ddt.lv\/lv\/product\/pavara-nazis-gefu-enno-15cm\/","title":{"rendered":"Pav\u0101ra nazis GEFU Enno 15cm"},"content":{"rendered":"<p><\/p>\n<div class=\"tld-highlight-tree ng-star-inserted\"><span class=\"ng-star-inserted\">Pav\u0101ra nazis ENNO, 15 cm<\/span><\/div>\n<div class=\"tld-highlight-tree ng-star-inserted\"><span class=\"ng-star-inserted\">Neaizst\u0101jama klasika maz\u0101k\u0101 form\u0101t\u0101. M\u016bsu ENNO pav\u0101ra nazis ir Solingenas prec\u012bz\u0101 darba meistardarbs, kas nodro\u0161ina bezkompromisa darbu katr\u0101 virtuv\u0113. Izstr\u0101d\u0101ts profesion\u0101\u013ciem un ambicioziem amatieru pav\u0101riem, apr\u012bkots ar speci\u0101li asin\u0101tu asmeni no lab\u0101k\u0101 Solingenas asmens t\u0113rauda un smalki l\u012bdzsvarotu rokturi no smalka valriekstu koka. ENNO pav\u0101ra nazis ir ide\u0101ls virtuves r\u012bks gan d\u0101rze\u0146iem, aug\u013ciem, ga\u013cai, gan ziv\u012bm, jo asais asmens garant\u0113 izcilus rezult\u0101tus.<\/span><\/div>\n<div class=\"tld-highlight-tree ng-star-inserted\"><\/div>\n<div class=\"tld-highlight-tree ng-star-inserted\"><\/div>\n<div class=\"tld-highlight-tree ng-star-inserted\"><span class=\"ng-star-inserted\">Izcilas grie\u0161anas \u012bpa\u0161\u012bbas: ilgsto\u0161a asuma saglab\u0101\u0161ana, augsta pretest\u012bba pret koroziju, labi l\u012bdzsvarots, augst\u0101k\u0101 grie\u0161anas efektivit\u0101te.<\/span><\/div>\n<div class=\"tld-highlight-tree ng-star-inserted\"><span class=\"ng-star-inserted\">Lab\u0101k\u0101 Solingen asmens kvalit\u0101te: augstas kvalit\u0101tes, v\u0101cu speci\u0101lais asmens t\u0113rauds 1.4116, ledus r\u016bd\u012bts, ar rok\u0101m asin\u0101ts ab\u0101s pus\u0113s un smalki zili fr\u0113z\u0113ts, HRC 57.<\/span><\/div>\n<div class=\"tld-highlight-tree ng-star-inserted\"><span class=\"ng-star-inserted\">Ergonomisks rokturis, kas izgatavots no smalka, dienvidu Eiropas valrieksta koka, ar nep\u0101rtrauktu asmeni un modernu divu knie\u017eu dizainu.<\/span><\/div>\n<div class=\"tld-highlight-tree ng-star-inserted\"><span class=\"ng-star-inserted\">T\u0101 klasisk\u0101, izliekta asmens forma padara nazi ide\u0101li piem\u0113rotu da\u017e\u0101du p\u0101rtikas produktu grie\u0161anai, kap\u0101\u0161anai un smalcin\u0101\u0161anai.<\/span><\/div>\n<div class=\"tld-highlight-tree ng-star-inserted\"><span class=\"ng-star-inserted\">Ra\u017eots Zolingen\u0113, V\u0101cij\u0101<\/span><\/div>\n<div class=\"tld-highlight-tree ng-star-inserted\"><\/div>\n<div class=\"tld-highlight-tree ng-star-inserted\"><span class=\"ng-star-inserted\">Materi\u0101li: v\u0101cu asmens t\u0113rauds \/ Eiropas valriekstu koks.<\/span><\/div>\n<div class=\"tld-highlight-tree ng-star-inserted\"><span class=\"ng-star-inserted\">Nav piem\u0113rots mazg\u0101\u0161anai trauku mazg\u0101jamaj\u0101 ma\u0161\u012bn\u0101.<\/span><\/div>\n<div class=\"tld-highlight-tree ng-star-inserted\"><span class=\"ng-star-inserted\">Izm\u0113rs: garums 28.8 cm x platums 2.3 cm x augstums 4.7 cm<\/span><\/div>\n<div class=\"tld-highlight-tree ng-star-inserted\"><span class=\"ng-star-inserted\">Svars: 0.165 kg<\/span><\/div>\n<p><\/p>","protected":false},"excerpt":{"rendered":"<p>Pav\u0101ra nazis ENNO, 15 cm Neaizst\u0101jama klasika maz\u0101k\u0101 form\u0101t\u0101. M\u016bsu ENNO pav\u0101ra nazis ir Solingenas prec\u012bz\u0101 darba meistardarbs, kas nodro\u0161ina bezkompromisa darbu katr\u0101 virtuv\u0113. Izstr\u0101d\u0101ts profesion\u0101\u013ciem un ambicioziem amatieru pav\u0101riem, apr\u012bkots ar speci\u0101li asin\u0101tu asmeni no lab\u0101k\u0101 Solingenas asmens t\u0113rauda un smalki l\u012bdzsvarotu rokturi no smalka valriekstu koka. ENNO pav\u0101ra nazis ir ide\u0101ls virtuves r\u012bks [&hellip;]<\/p>\n","protected":false},"featured_media":98411,"comment_status":"closed","ping_status":"closed","template":"","meta":{"inline_featured_image":false},"product_cat":[1680,772],"product_tag":[],"yst_prominent_words":[],"class_list":{"0":"post-98410","1":"product","2":"type-product","3":"status-publish","4":"has-post-thumbnail","6":"product_cat-griezeji-un-rives","7":"product_cat-atlaides","9":"first","10":"instock","11":"sale","12":"taxable","13":"shipping-taxable","14":"purchasable","15":"product-type-simple"},"jetpack_sharing_enabled":true,"_links":{"self":[{"href":"https:\/\/ddt.lv\/lv\/wp-json\/wp\/v2\/product\/98410"}],"collection":[{"href":"https:\/\/ddt.lv\/lv\/wp-json\/wp\/v2\/product"}],"about":[{"href":"https:\/\/ddt.lv\/lv\/wp-json\/wp\/v2\/types\/product"}],"replies":[{"embeddable":true,"href":"https:\/\/ddt.lv\/lv\/wp-json\/wp\/v2\/comments?post=98410"}],"wp:featuredmedia":[{"embeddable":true,"href":"https:\/\/ddt.lv\/lv\/wp-json\/wp\/v2\/media\/98411"}],"wp:attachment":[{"href":"https:\/\/ddt.lv\/lv\/wp-json\/wp\/v2\/media?parent=98410"}],"wp:term":[{"taxonomy":"product_cat","embeddable":true,"href":"https:\/\/ddt.lv\/lv\/wp-json\/wp\/v2\/product_cat?post=98410"},{"taxonomy":"product_tag","embeddable":true,"href":"https:\/\/ddt.lv\/lv\/wp-json\/wp\/v2\/product_tag?post=98410"},{"taxonomy":"yst_prominent_words","embeddable":true,"href":"https:\/\/ddt.lv\/lv\/wp-json\/wp\/v2\/yst_prominent_words?post=98410"}],"curies":[{"name":"wp","href":"https:\/\/api.w.org\/{rel}","templated":true}]}}