{"id":98406,"date":"2026-01-09T15:55:27","date_gmt":"2026-01-09T13:55:27","guid":{"rendered":"https:\/\/ddt.lv\/lv\/product\/universalais-nazis-gefu-enno-13-5cm\/"},"modified":"2026-04-08T14:46:07","modified_gmt":"2026-04-08T11:46:07","slug":"universalais-nazis-gefu-enno-13-5cm","status":"publish","type":"product","link":"https:\/\/ddt.lv\/lv\/product\/universalais-nazis-gefu-enno-13-5cm\/","title":{"rendered":"Univers\u0101lais nazis GEFU Enno 13.5cm"},"content":{"rendered":"<p><\/p>\n<div class=\"tld-highlight-tree ng-star-inserted\"><span class=\"ng-star-inserted\">Univers\u0101lais nazis ENNO, 13,5 cm<\/span><\/div>\n<div class=\"tld-highlight-tree ng-star-inserted\"><span class=\"ng-star-inserted\">Smalkiem grie\u0161anas darbiem. \u012apa\u0161i smailais un asais grie\u0161anas nazis ENNO, kas izgatavots no augstas kvalit\u0101tes Solingen asme\u0146u t\u0113rauda, atvieglo prec\u012bzu ga\u013cas grie\u0161anu vai prec\u012bzu aug\u013cu un d\u0101rze\u0146u \u0113dienu dekor\u0113\u0161anu. Ergonomiskais rokturis, kas izgatavots no eleganta valriekstu koka, stingri turas rok\u0101 un nodro\u0161ina perfektu grie\u0161anas kontroli. ENNO grie\u0161anas nazis nodro\u0161ina profesion\u0101lus rezult\u0101tus ar minim\u0101lu piep\u016bli.<\/span><\/div>\n<div class=\"tld-highlight-tree ng-star-inserted\"><\/div>\n<div class=\"tld-highlight-tree ng-star-inserted\"><\/div>\n<div class=\"tld-highlight-tree ng-star-inserted\"><span class=\"ng-star-inserted\">Izcilas grie\u0161anas \u012bpa\u0161\u012bbas: ilgi saglab\u0101jas asums, augsta pretest\u012bba pret koroziju, labi l\u012bdzsvarots, augst\u0101k\u0101 grie\u0161anas efektivit\u0101te.<\/span><\/div>\n<div class=\"tld-highlight-tree ng-star-inserted\"><span class=\"ng-star-inserted\">Lab\u0101k\u0101 Solingen asmens kvalit\u0101te: augstas kvalit\u0101tes, v\u0101cu speci\u0101lais asmens t\u0113rauds 1.4116, ledus r\u016bd\u012bts, ar rok\u0101m asin\u0101ts ab\u0101s pus\u0113s un smalki zili fr\u0113z\u0113ts, HRC 57.<\/span><\/div>\n<div class=\"tld-highlight-tree ng-star-inserted\"><span class=\"ng-star-inserted\">Ergonomisks rokturis, kas izgatavots no smalka, Dienvideiropas valrieksta koka, ar nep\u0101rtrauktu asmeni un modernu divu knie\u017eu dizainu.<\/span><\/div>\n<div class=\"tld-highlight-tree ng-star-inserted\"><span class=\"ng-star-inserted\">T\u0101 \u012bsais asmens, ar sa\u0161aurin\u0101tu galu, ir ide\u0101li piem\u0113rots ga\u013cas grie\u0161anai un smalkiem griezumiem.<\/span><\/div>\n<div class=\"tld-highlight-tree ng-star-inserted\"><span class=\"ng-star-inserted\">Ra\u017eots Zolingen\u0113, V\u0101cij\u0101<\/span><\/div>\n<div class=\"tld-highlight-tree ng-star-inserted\"><\/div>\n<div class=\"tld-highlight-tree ng-star-inserted\"><span class=\"ng-star-inserted\">Materi\u0101li: v\u0101cu asmens t\u0113rauds \/ Eiropas valriekstu koks.<\/span><\/div>\n<div class=\"tld-highlight-tree ng-star-inserted\"><span class=\"ng-star-inserted\">Nav piem\u0113rots mazg\u0101\u0161anai trauku mazg\u0101jamaj\u0101 ma\u0161\u012bn\u0101.<\/span><\/div>\n<div class=\"tld-highlight-tree ng-star-inserted\"><span class=\"ng-star-inserted\">Izm\u0113rs: garums 24,6 cm x platums 2 cm x augstums 2,6 cm<\/span><\/div>\n<div class=\"tld-highlight-tree ng-star-inserted\"><span class=\"ng-star-inserted\">Svars: 0.095 kg<\/span><\/div>\n<p><\/p>","protected":false},"excerpt":{"rendered":"<p>Univers\u0101lais nazis ENNO, 13,5 cm Smalkiem grie\u0161anas darbiem. \u012apa\u0161i smailais un asais grie\u0161anas nazis ENNO, kas izgatavots no augstas kvalit\u0101tes Solingen asme\u0146u t\u0113rauda, atvieglo prec\u012bzu ga\u013cas grie\u0161anu vai prec\u012bzu aug\u013cu un d\u0101rze\u0146u \u0113dienu dekor\u0113\u0161anu. Ergonomiskais rokturis, kas izgatavots no eleganta valriekstu koka, stingri turas rok\u0101 un nodro\u0161ina perfektu grie\u0161anas kontroli. ENNO grie\u0161anas nazis nodro\u0161ina profesion\u0101lus [&hellip;]<\/p>\n","protected":false},"featured_media":98407,"comment_status":"closed","ping_status":"closed","template":"","meta":{"inline_featured_image":false},"product_cat":[1680,772],"product_tag":[],"yst_prominent_words":[],"class_list":{"0":"post-98406","1":"product","2":"type-product","3":"status-publish","4":"has-post-thumbnail","6":"product_cat-griezeji-un-rives","7":"product_cat-atlaides","9":"first","10":"instock","11":"sale","12":"taxable","13":"shipping-taxable","14":"purchasable","15":"product-type-simple"},"jetpack_sharing_enabled":true,"_links":{"self":[{"href":"https:\/\/ddt.lv\/lv\/wp-json\/wp\/v2\/product\/98406"}],"collection":[{"href":"https:\/\/ddt.lv\/lv\/wp-json\/wp\/v2\/product"}],"about":[{"href":"https:\/\/ddt.lv\/lv\/wp-json\/wp\/v2\/types\/product"}],"replies":[{"embeddable":true,"href":"https:\/\/ddt.lv\/lv\/wp-json\/wp\/v2\/comments?post=98406"}],"wp:featuredmedia":[{"embeddable":true,"href":"https:\/\/ddt.lv\/lv\/wp-json\/wp\/v2\/media\/98407"}],"wp:attachment":[{"href":"https:\/\/ddt.lv\/lv\/wp-json\/wp\/v2\/media?parent=98406"}],"wp:term":[{"taxonomy":"product_cat","embeddable":true,"href":"https:\/\/ddt.lv\/lv\/wp-json\/wp\/v2\/product_cat?post=98406"},{"taxonomy":"product_tag","embeddable":true,"href":"https:\/\/ddt.lv\/lv\/wp-json\/wp\/v2\/product_tag?post=98406"},{"taxonomy":"yst_prominent_words","embeddable":true,"href":"https:\/\/ddt.lv\/lv\/wp-json\/wp\/v2\/yst_prominent_words?post=98406"}],"curies":[{"name":"wp","href":"https:\/\/api.w.org\/{rel}","templated":true}]}}