{"id":98396,"date":"2026-01-09T15:00:35","date_gmt":"2026-01-09T13:00:35","guid":{"rendered":"https:\/\/ddt.lv\/lv\/product\/darzenu-nazis-gefu-enno-9-5cm\/"},"modified":"2026-04-08T14:46:07","modified_gmt":"2026-04-08T11:46:07","slug":"darzenu-nazis-gefu-enno-9-5cm","status":"publish","type":"product","link":"https:\/\/ddt.lv\/lv\/product\/darzenu-nazis-gefu-enno-9-5cm\/","title":{"rendered":"D\u0101rze\u0146u nazis GEFU Enno 9.5cm"},"content":{"rendered":"<p><\/p>\n<div class=\"tld-highlight-tree ng-star-inserted\"><span class=\"ng-star-inserted\">D\u0101rze\u0146u nazis ENNO, 9.5 cm<\/span><\/div>\n<div class=\"tld-highlight-tree ng-star-inserted\"><span class=\"ng-star-inserted\">Mazs, bet sp\u0113c\u012bgs! Kompaktais ENNO d\u0101rze\u0146u nazis, izgatavots no augstas kvalit\u0101tes Solingen asmens t\u0113rauda, ir ide\u0101ls virtuves pal\u012bgs gan profesion\u0101\u013ciem, gan pav\u0101riem-amatieriem. Neatkar\u012bgi no t\u0101, vai t\u0101 ir d\u0101rze\u0146u mizo\u0161ana, mazu aug\u013cu gabalu grie\u0161ana vai smalks garn\u0113\u0161anas darbs, ENNO ar savu \u012bpa\u0161i asu asmeni veic visus virtuves uzdevumus uzticami un bez piep\u016bles. D\u0101rze\u0146u nazis ir univers\u0101ls, un, pateicoties t\u0101 ergonomiski veidotajam valriekstu koka rokturim, tas \u0113rti gu\u013c rok\u0101 un nodro\u0161ina prec\u012bzu kontroli ar katru griezienu.<\/span><\/div>\n<div class=\"tld-highlight-tree ng-star-inserted\"><\/div>\n<div class=\"tld-highlight-tree ng-star-inserted\"><\/div>\n<div class=\"tld-highlight-tree ng-star-inserted\"><span class=\"ng-star-inserted\">Izcilas grie\u0161anas \u012bpa\u0161\u012bbas: ilgsto\u0161a asuma saglab\u0101\u0161ana, augsta pretest\u012bba pret koroziju, labi l\u012bdzsvarots, augst\u0101k\u0101 grie\u0161anas efektivit\u0101te.<\/span><\/div>\n<div class=\"tld-highlight-tree ng-star-inserted\"><span class=\"ng-star-inserted\">Lab\u0101k\u0101 Solingen asmens kvalit\u0101te: augstas kvalit\u0101tes, v\u0101cu speci\u0101lais asmens t\u0113rauds 1.4116, ledus r\u016bd\u012bts, ar rok\u0101m asin\u0101ts no ab\u0101m pus\u0113m un smalki zils fr\u0113z\u0113ts, HRC 57.<\/span><\/div>\n<div class=\"tld-highlight-tree ng-star-inserted\"><span class=\"ng-star-inserted\">Ergonomisks rokturis, kas izgatavots no smalka Dienvideiropas valrieksta koka, ar nep\u0101rtrauktu asmeni un modernu divu knie\u017eu dizainu.<\/span><\/div>\n<div class=\"tld-highlight-tree ng-star-inserted\"><span class=\"ng-star-inserted\">Ide\u0101li piem\u0113rots da\u017e\u0101du maza izm\u0113ra d\u0101rze\u0146u t\u012br\u012b\u0161anai un grie\u0161anai, pateicoties gandr\u012bz taisnam, \u012bsam asmenim.<\/span><\/div>\n<div class=\"tld-highlight-tree ng-star-inserted\"><span class=\"ng-star-inserted\">Ra\u017eots Zolingen\u0101, V\u0101cij\u0101<\/span><\/div>\n<div class=\"tld-highlight-tree ng-star-inserted\"><\/div>\n<div class=\"tld-highlight-tree ng-star-inserted\"><span class=\"ng-star-inserted\">Materi\u0101li: v\u0101cu asmens t\u0113rauds \/ Eiropas valriekstu koks.<\/span><\/div>\n<div class=\"tld-highlight-tree ng-star-inserted\"><span class=\"ng-star-inserted\">Nav piem\u0113rots mazg\u0101\u0161anai trauku mazg\u0101jamaj\u0101 ma\u0161\u012bn\u0101.<\/span><\/div>\n<div class=\"tld-highlight-tree ng-star-inserted\"><span class=\"ng-star-inserted\">Izm\u0113rs: garums 20,4 cm x platums 2 cm x augstums 2,8 cm<\/span><\/div>\n<div class=\"tld-highlight-tree ng-star-inserted\"><span class=\"ng-star-inserted\">Svars: 0.085 kg<\/span><\/div>\n<p><\/p>","protected":false},"excerpt":{"rendered":"<p>D\u0101rze\u0146u nazis ENNO, 9.5 cm Mazs, bet sp\u0113c\u012bgs! Kompaktais ENNO d\u0101rze\u0146u nazis, izgatavots no augstas kvalit\u0101tes Solingen asmens t\u0113rauda, ir ide\u0101ls virtuves pal\u012bgs gan profesion\u0101\u013ciem, gan pav\u0101riem-amatieriem. Neatkar\u012bgi no t\u0101, vai t\u0101 ir d\u0101rze\u0146u mizo\u0161ana, mazu aug\u013cu gabalu grie\u0161ana vai smalks garn\u0113\u0161anas darbs, ENNO ar savu \u012bpa\u0161i asu asmeni veic visus virtuves uzdevumus uzticami un [&hellip;]<\/p>\n","protected":false},"featured_media":98401,"comment_status":"closed","ping_status":"closed","template":"","meta":{"inline_featured_image":false},"product_cat":[1680,772],"product_tag":[],"yst_prominent_words":[],"class_list":{"0":"post-98396","1":"product","2":"type-product","3":"status-publish","4":"has-post-thumbnail","6":"product_cat-griezeji-un-rives","7":"product_cat-atlaides","9":"first","10":"instock","11":"sale","12":"taxable","13":"shipping-taxable","14":"purchasable","15":"product-type-simple"},"jetpack_sharing_enabled":true,"_links":{"self":[{"href":"https:\/\/ddt.lv\/lv\/wp-json\/wp\/v2\/product\/98396"}],"collection":[{"href":"https:\/\/ddt.lv\/lv\/wp-json\/wp\/v2\/product"}],"about":[{"href":"https:\/\/ddt.lv\/lv\/wp-json\/wp\/v2\/types\/product"}],"replies":[{"embeddable":true,"href":"https:\/\/ddt.lv\/lv\/wp-json\/wp\/v2\/comments?post=98396"}],"wp:featuredmedia":[{"embeddable":true,"href":"https:\/\/ddt.lv\/lv\/wp-json\/wp\/v2\/media\/98401"}],"wp:attachment":[{"href":"https:\/\/ddt.lv\/lv\/wp-json\/wp\/v2\/media?parent=98396"}],"wp:term":[{"taxonomy":"product_cat","embeddable":true,"href":"https:\/\/ddt.lv\/lv\/wp-json\/wp\/v2\/product_cat?post=98396"},{"taxonomy":"product_tag","embeddable":true,"href":"https:\/\/ddt.lv\/lv\/wp-json\/wp\/v2\/product_tag?post=98396"},{"taxonomy":"yst_prominent_words","embeddable":true,"href":"https:\/\/ddt.lv\/lv\/wp-json\/wp\/v2\/yst_prominent_words?post=98396"}],"curies":[{"name":"wp","href":"https:\/\/api.w.org\/{rel}","templated":true}]}}