{"id":98386,"date":"2026-01-09T13:45:40","date_gmt":"2026-01-09T11:45:40","guid":{"rendered":"https:\/\/ddt.lv\/lv\/product\/mertrauku-komplekts-gefu-meti-2gab\/"},"modified":"2026-04-13T10:05:26","modified_gmt":"2026-04-13T07:05:26","slug":"mertrauku-komplekts-gefu-meti-2gab","status":"publish","type":"product","link":"https:\/\/ddt.lv\/lv\/product\/mertrauku-komplekts-gefu-meti-2gab\/","title":{"rendered":"M\u0113rtrauku komplekts GEFU Meti 2gab."},"content":{"rendered":"<p><\/p>\n<div class=\"tld-highlight-tree ng-star-inserted\"><span class=\"ng-star-inserted\">M\u0113rtrauku komplekts METI, 2 da\u013cas<\/span><\/div>\n<div class=\"tld-highlight-tree ng-star-inserted\"><span class=\"ng-star-inserted\">Lab\u0101ka m\u0113r\u012b\u0161ana: viegli las\u0101m\u0101 skala uz vietu taupo\u0161\u0101 m\u0113rtrauka komplekta METI, kas izgatavots no triecieniztur\u012bga, karstumiztur\u012bga stikla, padara \u0113rtu un vienk\u0101r\u0161u prec\u012bzu gatavo\u0161anas un cep\u0161anas sast\u0101vda\u013cu m\u0113r\u012b\u0161anu un doz\u0113\u0161anu.<\/span><\/div>\n<div class=\"tld-highlight-tree ng-star-inserted\"><\/div>\n<div class=\"tld-highlight-tree ng-star-inserted\"><\/div>\n<div class=\"tld-highlight-tree ng-star-inserted\"><span class=\"ng-star-inserted\">M\u0113rogs: ml \/ ccm \/ fl.oz \/ kr\u016bzes (ASV) \/ cukurs \/ milti \/ r\u012bsi<\/span><\/div>\n<div class=\"tld-highlight-tree ng-star-inserted\"><span class=\"ng-star-inserted\">Sn\u012bpis<\/span><\/div>\n<div class=\"tld-highlight-tree ng-star-inserted\"><span class=\"ng-star-inserted\">Pild\u012b\u0161anas tilpums 1000 ml un 500 ml<\/span><\/div>\n<div class=\"tld-highlight-tree ng-star-inserted\"><span class=\"ng-star-inserted\">Mikrovi\u013c\u0146u kr\u0101sn\u012b piem\u0113rots<\/span><\/div>\n<div class=\"tld-highlight-tree ng-star-inserted\"><span class=\"ng-star-inserted\">Savietojams viens otr\u0101, vietu taupo\u0161ai glab\u0101\u0161anai<\/span><\/div>\n<div class=\"tld-highlight-tree ng-star-inserted\"><span class=\"ng-star-inserted\">Maz\u0101 trauka izm\u0113ri: L 15 cm \/ 6 collas, W 11,5 cm \/ 4 \u00bd collas, H 16 cm \/ 6 \u00bc collas.<\/span><\/div>\n<div class=\"tld-highlight-tree ng-star-inserted\"><span class=\"ng-star-inserted\">Liel\u0101 trauka izm\u0113ri: L 9.3 cm \/ 3 \u00be in., W 7.9 cm \/ 3 in., H 13 cm \/ 5 in.<\/span><\/div>\n<div class=\"tld-highlight-tree ng-star-inserted\"><span class=\"ng-star-inserted\">Materi\u0101li: borosilik\u0101ta stikls<\/span><\/div>\n<div class=\"tld-highlight-tree ng-star-inserted\"><span class=\"ng-star-inserted\">Piem\u0113rots mazg\u0101\u0161anai trauku mazg\u0101jamaj\u0101 ma\u0161\u012bn\u0101.<\/span><\/div>\n<div class=\"tld-highlight-tree ng-star-inserted\"><span class=\"ng-star-inserted\">Svars: 0.495 kg<\/span><\/div>\n<p><\/p>","protected":false},"excerpt":{"rendered":"<p>M\u0113rtrauku komplekts METI, 2 da\u013cas Lab\u0101ka m\u0113r\u012b\u0161ana: viegli las\u0101m\u0101 skala uz vietu taupo\u0161\u0101 m\u0113rtrauka komplekta METI, kas izgatavots no triecieniztur\u012bga, karstumiztur\u012bga stikla, padara \u0113rtu un vienk\u0101r\u0161u prec\u012bzu gatavo\u0161anas un cep\u0161anas sast\u0101vda\u013cu m\u0113r\u012b\u0161anu un doz\u0113\u0161anu. M\u0113rogs: ml \/ ccm \/ fl.oz \/ kr\u016bzes (ASV) \/ cukurs \/ milti \/ r\u012bsi Sn\u012bpis Pild\u012b\u0161anas tilpums 1000 ml un [&hellip;]<\/p>\n","protected":false},"featured_media":98387,"comment_status":"closed","ping_status":"closed","template":"","meta":{"inline_featured_image":false},"product_cat":[1681,772],"product_tag":[],"yst_prominent_words":[],"class_list":{"0":"post-98386","1":"product","2":"type-product","3":"status-publish","4":"has-post-thumbnail","6":"product_cat-virtuves-paligi","7":"product_cat-atlaides","9":"first","10":"instock","11":"sale","12":"taxable","13":"shipping-taxable","14":"purchasable","15":"product-type-simple"},"jetpack_sharing_enabled":true,"_links":{"self":[{"href":"https:\/\/ddt.lv\/lv\/wp-json\/wp\/v2\/product\/98386"}],"collection":[{"href":"https:\/\/ddt.lv\/lv\/wp-json\/wp\/v2\/product"}],"about":[{"href":"https:\/\/ddt.lv\/lv\/wp-json\/wp\/v2\/types\/product"}],"replies":[{"embeddable":true,"href":"https:\/\/ddt.lv\/lv\/wp-json\/wp\/v2\/comments?post=98386"}],"wp:featuredmedia":[{"embeddable":true,"href":"https:\/\/ddt.lv\/lv\/wp-json\/wp\/v2\/media\/98387"}],"wp:attachment":[{"href":"https:\/\/ddt.lv\/lv\/wp-json\/wp\/v2\/media?parent=98386"}],"wp:term":[{"taxonomy":"product_cat","embeddable":true,"href":"https:\/\/ddt.lv\/lv\/wp-json\/wp\/v2\/product_cat?post=98386"},{"taxonomy":"product_tag","embeddable":true,"href":"https:\/\/ddt.lv\/lv\/wp-json\/wp\/v2\/product_tag?post=98386"},{"taxonomy":"yst_prominent_words","embeddable":true,"href":"https:\/\/ddt.lv\/lv\/wp-json\/wp\/v2\/yst_prominent_words?post=98386"}],"curies":[{"name":"wp","href":"https:\/\/api.w.org\/{rel}","templated":true}]}}