{"id":98380,"date":"2026-01-09T11:25:35","date_gmt":"2026-01-09T09:25:35","guid":{"rendered":"https:\/\/ddt.lv\/lv\/product\/piena-puitosanas-trauks-gefu-claudio-600-ml\/"},"modified":"2026-04-13T10:05:22","modified_gmt":"2026-04-13T07:05:22","slug":"piena-puitosanas-trauks-gefu-claudio-600-ml","status":"publish","type":"product","link":"https:\/\/ddt.lv\/lv\/product\/piena-puitosanas-trauks-gefu-claudio-600-ml\/","title":{"rendered":"Piena puto\u0161anas trauks GEFU Claudio 600 ml"},"content":{"rendered":"<p><\/p>\n<div class=\"tld-highlight-tree ng-star-inserted\"><span class=\"ng-star-inserted\">Putu veido\u0161anas kr\u016bze CLAUDIO, 600 ml<\/span><\/div>\n<div class=\"tld-highlight-tree ng-star-inserted\"><span class=\"ng-star-inserted\">T\u0101di kafijas veidi k\u0101 kapu\u010d\u012bno, kafijas latte vai karst\u0101 \u0161okol\u0101de noteikti b\u016btu tikai uz pusi tik gar\u0161\u012bgas bez gais\u012bg\u0101m,\u00a0 kr\u0113m\u012bg\u0101m put\u0101m. Putu kanni\u0146a ir ide\u0101ls trauks, lai p\u0101rv\u0113rstu pienu, kr\u0113jumu utt. kr\u0113m\u012bg\u0101s put\u0101s. Dubult\u0101 pamatne nodro\u0161ina, ka tas saglab\u0101jas optim\u0101l\u0101 temperat\u016br\u0101, un izlie\u0161anas sn\u012bpis padara vieglu kr\u0113m\u012bgo putu ielie\u0161anu kr\u016bz\u0113.<\/span><\/div>\n<div class=\"tld-highlight-tree ng-star-inserted\"><\/div>\n<div class=\"tld-highlight-tree ng-star-inserted\"><\/div>\n<div class=\"tld-highlight-tree ng-star-inserted\"><span class=\"ng-star-inserted\">\u2022 Iele\u0161anas sn\u012bpis<\/span><\/div>\n<div class=\"tld-highlight-tree ng-star-inserted\"><span class=\"ng-star-inserted\">\u2022 Dubulta pamatne<\/span><\/div>\n<div class=\"tld-highlight-tree ng-star-inserted\"><span class=\"ng-star-inserted\">\u2022 Piem\u0113rots elektriskaj\u0101m, g\u0101zes, vitrokeramikas un indukcijas pl\u012bt\u012bm (atkar\u012bb\u0101 no minim\u0101l\u0101 atpaz\u012bstam\u0101 virsmas diametra)<\/span><\/div>\n<div class=\"tld-highlight-tree ng-star-inserted\"><\/div>\n<div class=\"tld-highlight-tree ng-star-inserted\"><\/div>\n<div class=\"tld-highlight-tree ng-star-inserted\"><\/div>\n<div class=\"tld-highlight-tree ng-star-inserted\"><span class=\"ng-star-inserted\">Materi\u0101li: augstas kvalit\u0101tes ner\u016bs\u0113jo\u0161ais t\u0113rauds<\/span><\/div>\n<div class=\"tld-highlight-tree ng-star-inserted\"><span class=\"ng-star-inserted\">Mazg\u0101jama trauku mazg\u0101jamaj\u0101 ma\u0161\u012bn\u0101<\/span><\/div>\n<div class=\"tld-highlight-tree ng-star-inserted\"><span class=\"ng-star-inserted\">Izm\u0113rs: garums 19.5 cm x platums 9.8 cm x augstums 11.5 cm<\/span><\/div>\n<div class=\"tld-highlight-tree ng-star-inserted\"><span class=\"ng-star-inserted\">Svars: 0.275 kg<\/span><\/div>\n<p><\/p>","protected":false},"excerpt":{"rendered":"<p>Putu veido\u0161anas kr\u016bze CLAUDIO, 600 ml T\u0101di kafijas veidi k\u0101 kapu\u010d\u012bno, kafijas latte vai karst\u0101 \u0161okol\u0101de noteikti b\u016btu tikai uz pusi tik gar\u0161\u012bgas bez gais\u012bg\u0101m,\u00a0 kr\u0113m\u012bg\u0101m put\u0101m. Putu kanni\u0146a ir ide\u0101ls trauks, lai p\u0101rv\u0113rstu pienu, kr\u0113jumu utt. kr\u0113m\u012bg\u0101s put\u0101s. Dubult\u0101 pamatne nodro\u0161ina, ka tas saglab\u0101jas optim\u0101l\u0101 temperat\u016br\u0101, un izlie\u0161anas sn\u012bpis padara vieglu kr\u0113m\u012bgo putu ielie\u0161anu [&hellip;]<\/p>\n","protected":false},"featured_media":98381,"comment_status":"closed","ping_status":"closed","template":"","meta":{"inline_featured_image":false},"product_cat":[1684,772],"product_tag":[],"yst_prominent_words":[],"class_list":{"0":"post-98380","1":"product","2":"type-product","3":"status-publish","4":"has-post-thumbnail","6":"product_cat-dzerieniem","7":"product_cat-atlaides","9":"first","10":"instock","11":"sale","12":"taxable","13":"shipping-taxable","14":"purchasable","15":"product-type-simple"},"jetpack_sharing_enabled":true,"_links":{"self":[{"href":"https:\/\/ddt.lv\/lv\/wp-json\/wp\/v2\/product\/98380"}],"collection":[{"href":"https:\/\/ddt.lv\/lv\/wp-json\/wp\/v2\/product"}],"about":[{"href":"https:\/\/ddt.lv\/lv\/wp-json\/wp\/v2\/types\/product"}],"replies":[{"embeddable":true,"href":"https:\/\/ddt.lv\/lv\/wp-json\/wp\/v2\/comments?post=98380"}],"wp:featuredmedia":[{"embeddable":true,"href":"https:\/\/ddt.lv\/lv\/wp-json\/wp\/v2\/media\/98381"}],"wp:attachment":[{"href":"https:\/\/ddt.lv\/lv\/wp-json\/wp\/v2\/media?parent=98380"}],"wp:term":[{"taxonomy":"product_cat","embeddable":true,"href":"https:\/\/ddt.lv\/lv\/wp-json\/wp\/v2\/product_cat?post=98380"},{"taxonomy":"product_tag","embeddable":true,"href":"https:\/\/ddt.lv\/lv\/wp-json\/wp\/v2\/product_tag?post=98380"},{"taxonomy":"yst_prominent_words","embeddable":true,"href":"https:\/\/ddt.lv\/lv\/wp-json\/wp\/v2\/yst_prominent_words?post=98380"}],"curies":[{"name":"wp","href":"https:\/\/api.w.org\/{rel}","templated":true}]}}