{"id":98374,"date":"2026-01-09T11:00:35","date_gmt":"2026-01-09T09:00:35","guid":{"rendered":"https:\/\/ddt.lv\/lv\/product\/stikla-udens-karafe-gefu-cascada\/"},"modified":"2026-04-13T09:51:12","modified_gmt":"2026-04-13T06:51:12","slug":"stikla-udens-karafe-gefu-cascada","status":"publish","type":"product","link":"https:\/\/ddt.lv\/lv\/product\/stikla-udens-karafe-gefu-cascada\/","title":{"rendered":"Stikla \u016bdens karafe GEFU Cascada"},"content":{"rendered":"<p><\/p>\n<div class=\"tld-highlight-tree ng-star-inserted\"><span class=\"ng-star-inserted\">Karafe CASCADA<\/span><\/div>\n<div class=\"tld-highlight-tree ng-star-inserted\"><span class=\"ng-star-inserted\">\u0160\u012b stil\u012bg\u0101 GEFU karafe \u013cauj viegli ieliet \u016bdeni, ledus t\u0113ju un citus atsvaidzino\u0161us dz\u0113rienus caur inovat\u012bvo 360\u00b0 lod\u012b\u0161u aizb\u0101zni, kas notur iek\u0161\u0101 gar\u0161augus, aug\u013cu un ogu gabali\u0146us un citus produktus, bet ne\u013cauj iek\u013c\u016bt kukai\u0146iem.<\/span><\/div>\n<div class=\"tld-highlight-tree ng-star-inserted\"><\/div>\n<div class=\"tld-highlight-tree ng-star-inserted\"><\/div>\n<div class=\"tld-highlight-tree ng-star-inserted\"><span class=\"ng-star-inserted\">\u2022 360\u00b0 sn\u012bpis \u013cauj liet no jebkuras poz\u012bcijas.<\/span><\/div>\n<div class=\"tld-highlight-tree ng-star-inserted\"><span class=\"ng-star-inserted\">\u2022 bumbas aizture vieglai doz\u0113\u0161anai, aizsarg\u0101 pret kukai\u0146iem<\/span><\/div>\n<div class=\"tld-highlight-tree ng-star-inserted\"><span class=\"ng-star-inserted\">\u2022 Silikona uzmava dro\u0161ai satver\u0161anai<\/span><\/div>\n<div class=\"tld-highlight-tree ng-star-inserted\"><span class=\"ng-star-inserted\">\u2022 integr\u0113ts sieta ieliktnis aiztur gar\u0161augus, citrona s\u0113klas utt.<\/span><\/div>\n<div class=\"tld-highlight-tree ng-star-inserted\"><span class=\"ng-star-inserted\">\u2022 ar muti p\u016bsts, karstumiztur\u012bgs borosilik\u0101ta stikls<\/span><\/div>\n<div class=\"tld-highlight-tree ng-star-inserted\"><span class=\"ng-star-inserted\">\u2022 der jebkur\u0101 parastaj\u0101 ledusskapja durvju nodal\u012bjum\u0101<\/span><\/div>\n<div class=\"tld-highlight-tree ng-star-inserted\"><span class=\"ng-star-inserted\">\u2022 uzpildes tilpums: 1 l<\/span><\/div>\n<div class=\"tld-highlight-tree ng-star-inserted\"><\/div>\n<div class=\"tld-highlight-tree ng-star-inserted\"><\/div>\n<div class=\"tld-highlight-tree ng-star-inserted\"><span class=\"ng-star-inserted\">Vienl\u012bdz inovat\u012bvs un praktisks: CASCADA karafes bumbas aizb\u0101znis. <\/span><\/div>\n<div class=\"tld-highlight-tree ng-star-inserted\"><span class=\"ng-star-inserted\">Ner\u016bs\u0113jo\u0161\u0101 t\u0113rauda bumba atrodas uz sieta un kustas, kad j\u016bs lejiet, lai nodro\u0161in\u0101tu, ka jebkur\u0101 poz\u012bcij\u0101 var izliet pareizo daudzumu. Sieta ieliktnis notur gar\u0161augus vai citrona s\u0113klas karaf\u0113. <\/span><\/div>\n<div class=\"tld-highlight-tree ng-star-inserted\"><span class=\"ng-star-inserted\">Bumba vienm\u0113r atgrie\u017eas s\u0101kotn\u0113j\u0101 poz\u012bcij\u0101 un t\u0101d\u0113j\u0101di aizsarg\u0101 saturu no kukai\u0146iem.\u00a0<\/span><\/div>\n<div><\/div>\n<div class=\"tld-highlight-tree ng-star-inserted\"><span class=\"ng-star-inserted\">Materi\u0101li: augstas kvalit\u0101tes ner\u016bs\u0113jo\u0161ais t\u0113rauds \/ silikons \/ plastmasa \/ borosilik\u0101ta stikls<\/span><\/div>\n<div class=\"tld-highlight-tree ng-star-inserted\"><span class=\"ng-star-inserted\">Mazg\u0101jama trauku mazg\u0101jamaj\u0101 ma\u0161\u012bn\u0101<\/span><\/div>\n<div class=\"tld-highlight-tree ng-star-inserted\"><span class=\"ng-star-inserted\">Izm\u0113rs: garums 9 cm x platums 9 cm x augstums 30.3 cm<\/span><\/div>\n<div class=\"tld-highlight-tree ng-star-inserted\"><span class=\"ng-star-inserted\">Svars: 0.479 kg<\/span><\/div>\n<p><\/p>","protected":false},"excerpt":{"rendered":"<p>Karafe CASCADA \u0160\u012b stil\u012bg\u0101 GEFU karafe \u013cauj viegli ieliet \u016bdeni, ledus t\u0113ju un citus atsvaidzino\u0161us dz\u0113rienus caur inovat\u012bvo 360\u00b0 lod\u012b\u0161u aizb\u0101zni, kas notur iek\u0161\u0101 gar\u0161augus, aug\u013cu un ogu gabali\u0146us un citus produktus, bet ne\u013cauj iek\u013c\u016bt kukai\u0146iem. \u2022 360\u00b0 sn\u012bpis \u013cauj liet no jebkuras poz\u012bcijas. \u2022 bumbas aizture vieglai doz\u0113\u0161anai, aizsarg\u0101 pret kukai\u0146iem \u2022 Silikona uzmava [&hellip;]<\/p>\n","protected":false},"featured_media":98375,"comment_status":"closed","ping_status":"closed","template":"","meta":{"inline_featured_image":false},"product_cat":[1684,772],"product_tag":[],"yst_prominent_words":[],"class_list":{"0":"post-98374","1":"product","2":"type-product","3":"status-publish","4":"has-post-thumbnail","6":"product_cat-dzerieniem","7":"product_cat-atlaides","9":"first","10":"instock","11":"sale","12":"taxable","13":"shipping-taxable","14":"purchasable","15":"product-type-simple"},"jetpack_sharing_enabled":true,"_links":{"self":[{"href":"https:\/\/ddt.lv\/lv\/wp-json\/wp\/v2\/product\/98374"}],"collection":[{"href":"https:\/\/ddt.lv\/lv\/wp-json\/wp\/v2\/product"}],"about":[{"href":"https:\/\/ddt.lv\/lv\/wp-json\/wp\/v2\/types\/product"}],"replies":[{"embeddable":true,"href":"https:\/\/ddt.lv\/lv\/wp-json\/wp\/v2\/comments?post=98374"}],"wp:featuredmedia":[{"embeddable":true,"href":"https:\/\/ddt.lv\/lv\/wp-json\/wp\/v2\/media\/98375"}],"wp:attachment":[{"href":"https:\/\/ddt.lv\/lv\/wp-json\/wp\/v2\/media?parent=98374"}],"wp:term":[{"taxonomy":"product_cat","embeddable":true,"href":"https:\/\/ddt.lv\/lv\/wp-json\/wp\/v2\/product_cat?post=98374"},{"taxonomy":"product_tag","embeddable":true,"href":"https:\/\/ddt.lv\/lv\/wp-json\/wp\/v2\/product_tag?post=98374"},{"taxonomy":"yst_prominent_words","embeddable":true,"href":"https:\/\/ddt.lv\/lv\/wp-json\/wp\/v2\/yst_prominent_words?post=98374"}],"curies":[{"name":"wp","href":"https:\/\/api.w.org\/{rel}","templated":true}]}}