{"id":98331,"date":"2026-01-08T18:20:36","date_gmt":"2026-01-08T16:20:36","guid":{"rendered":"https:\/\/ddt.lv\/lv\/product\/stikla-udens-karafe-gefu-smartline-1000-ml\/"},"modified":"2026-04-13T10:05:23","modified_gmt":"2026-04-13T07:05:23","slug":"stikla-udens-karafe-gefu-smartline-1000-ml","status":"publish","type":"product","link":"https:\/\/ddt.lv\/lv\/product\/stikla-udens-karafe-gefu-smartline-1000-ml\/","title":{"rendered":"Stikla \u016bdens karafe GEFU Smartline 1000 ml"},"content":{"rendered":"<p><\/p>\n<div class=\"tld-highlight-tree ng-star-inserted\"><span class=\"ng-star-inserted\">Karafe SMARTLINE<\/span><\/div>\n<div class=\"tld-highlight-tree ng-star-inserted\"><span class=\"ng-star-inserted\">Tas ir ar\u012b ac\u012bm t\u012bkams: dizaina karafe SMARTLINE ir izgatavota no karstumiztur\u012bga un aukstumiztur\u012bga borosilik\u0101ta stikla, un katra no t\u0101m ir unik\u0101ls roku darbs. SMARTLINE ir apr\u012bkota ar arom\u0101tu necaurlaid\u012bgu v\u0101ku, t\u0101 ietilpst jebkur\u0101s ledusskapja durv\u012bs un pie\u0161\u0137ir stil\u012bgumu galdam. SMARTLINE \u2013 veids, k\u0101 \u0161odien stil\u012bgi pasniegt.<\/span><\/div>\n<div class=\"tld-highlight-tree ng-star-inserted\"><\/div>\n<div class=\"tld-highlight-tree ng-star-inserted\"><\/div>\n<div class=\"tld-highlight-tree ng-star-inserted\"><span class=\"ng-star-inserted\">Elegants, ergonomisks dizains<\/span><\/div>\n<div class=\"tld-highlight-tree ng-star-inserted\"><span class=\"ng-star-inserted\">Karstumiztur\u012bgs borosilik\u0101ta stikls.<\/span><\/div>\n<div class=\"tld-highlight-tree ng-star-inserted\"><span class=\"ng-star-inserted\">Ietilpst jebkur\u0101 standarta ledusskapja durvju nodal\u012bjum\u0101<\/span><\/div>\n<div class=\"tld-highlight-tree ng-star-inserted\"><span class=\"ng-star-inserted\">V\u0101ks ar silikona bl\u012bv\u0113jumu aizsarg\u0101 saturu no kukai\u0146iem un putek\u013ciem.<\/span><\/div>\n<div class=\"tld-highlight-tree ng-star-inserted\"><span class=\"ng-star-inserted\">Pild\u012b\u0161anas tilpums 1l<\/span><\/div>\n<div class=\"tld-highlight-tree ng-star-inserted\"><span class=\"ng-star-inserted\">Materi\u0101li: borosilik\u0101ta stikls \/ plastmasa \/ silikons<\/span><\/div>\n<div class=\"tld-highlight-tree ng-star-inserted\"><span class=\"ng-star-inserted\">Mazg\u0101jama trauku mazg\u0101jamaj\u0101 ma\u0161\u012bn\u0101\u00a0<\/span><\/div>\n<div class=\"tld-highlight-tree ng-star-inserted\"><span class=\"ng-star-inserted\">Izm\u0113rs: garums 9.2 cm x platums 9.2 cm x augstums 31.3 cm<\/span><\/div>\n<div class=\"tld-highlight-tree ng-star-inserted\"><span class=\"ng-star-inserted\">Svars: 0.412 kg<\/span><\/div>\n<p><\/p>","protected":false},"excerpt":{"rendered":"<p>Karafe SMARTLINE Tas ir ar\u012b ac\u012bm t\u012bkams: dizaina karafe SMARTLINE ir izgatavota no karstumiztur\u012bga un aukstumiztur\u012bga borosilik\u0101ta stikla, un katra no t\u0101m ir unik\u0101ls roku darbs. SMARTLINE ir apr\u012bkota ar arom\u0101tu necaurlaid\u012bgu v\u0101ku, t\u0101 ietilpst jebkur\u0101s ledusskapja durv\u012bs un pie\u0161\u0137ir stil\u012bgumu galdam. SMARTLINE \u2013 veids, k\u0101 \u0161odien stil\u012bgi pasniegt. Elegants, ergonomisks dizains Karstumiztur\u012bgs borosilik\u0101ta stikls. [&hellip;]<\/p>\n","protected":false},"featured_media":98332,"comment_status":"closed","ping_status":"closed","template":"","meta":{"inline_featured_image":false},"product_cat":[1684,772],"product_tag":[],"yst_prominent_words":[],"class_list":{"0":"post-98331","1":"product","2":"type-product","3":"status-publish","4":"has-post-thumbnail","6":"product_cat-dzerieniem","7":"product_cat-atlaides","9":"first","10":"instock","11":"sale","12":"taxable","13":"shipping-taxable","14":"purchasable","15":"product-type-simple"},"jetpack_sharing_enabled":true,"_links":{"self":[{"href":"https:\/\/ddt.lv\/lv\/wp-json\/wp\/v2\/product\/98331"}],"collection":[{"href":"https:\/\/ddt.lv\/lv\/wp-json\/wp\/v2\/product"}],"about":[{"href":"https:\/\/ddt.lv\/lv\/wp-json\/wp\/v2\/types\/product"}],"replies":[{"embeddable":true,"href":"https:\/\/ddt.lv\/lv\/wp-json\/wp\/v2\/comments?post=98331"}],"wp:featuredmedia":[{"embeddable":true,"href":"https:\/\/ddt.lv\/lv\/wp-json\/wp\/v2\/media\/98332"}],"wp:attachment":[{"href":"https:\/\/ddt.lv\/lv\/wp-json\/wp\/v2\/media?parent=98331"}],"wp:term":[{"taxonomy":"product_cat","embeddable":true,"href":"https:\/\/ddt.lv\/lv\/wp-json\/wp\/v2\/product_cat?post=98331"},{"taxonomy":"product_tag","embeddable":true,"href":"https:\/\/ddt.lv\/lv\/wp-json\/wp\/v2\/product_tag?post=98331"},{"taxonomy":"yst_prominent_words","embeddable":true,"href":"https:\/\/ddt.lv\/lv\/wp-json\/wp\/v2\/yst_prominent_words?post=98331"}],"curies":[{"name":"wp","href":"https:\/\/api.w.org\/{rel}","templated":true}]}}