{"id":98315,"date":"2026-01-08T16:45:27","date_gmt":"2026-01-08T14:45:27","guid":{"rendered":"https:\/\/ddt.lv\/lv\/product\/kafijas-spiede-gefu-diego-1000-ml\/"},"modified":"2026-04-13T10:06:19","modified_gmt":"2026-04-13T07:06:19","slug":"kafijas-spiede-gefu-diego-1000-ml","status":"publish","type":"product","link":"https:\/\/ddt.lv\/lv\/product\/kafijas-spiede-gefu-diego-1000-ml\/","title":{"rendered":"Kafijas spiede GEFU Diego 1000 ml"},"content":{"rendered":"<p><\/p>\n<div class=\"tld-highlight-tree ng-star-inserted\"><span class=\"ng-star-inserted\">Kafijas prese DIEGO, 1000 ml (35,2 fl oz)<\/span><\/div>\n<div class=\"tld-highlight-tree ng-star-inserted\"><span class=\"ng-star-inserted\">Arom\u0101tiska kafija, kuru var eleganti pasniegt uzreiz p\u0113c pagatavo\u0161anas! Videi draudz\u012bg\u0101 fran\u010du preses sist\u0113ma nodro\u0161ina perfektu kafijas baud\u012bjumu. Labi noder\u0113s ar\u012b t\u0113jas gatavo\u0161anai!<\/span><\/div>\n<div class=\"tld-highlight-tree ng-star-inserted\"><\/div>\n<div class=\"tld-highlight-tree ng-star-inserted\"><\/div>\n<div class=\"tld-highlight-tree ng-star-inserted\"><span class=\"ng-star-inserted\">\u2022 kafijas prese un kanni\u0146a vien\u0101<\/span><\/div>\n<div class=\"tld-highlight-tree ng-star-inserted\"><span class=\"ng-star-inserted\">\u2022 arom\u0101tiskai kafijai vai t\u0113jai<\/span><\/div>\n<div class=\"tld-highlight-tree ng-star-inserted\"><span class=\"ng-star-inserted\">\u2022 lie\u0161anas sn\u012bpis<\/span><\/div>\n<div class=\"tld-highlight-tree ng-star-inserted\"><\/div>\n<div class=\"tld-highlight-tree ng-star-inserted\"><\/div>\n<div class=\"tld-highlight-tree ng-star-inserted\"><span class=\"ng-star-inserted\">Kafijas preses DIEGO, 1000 ml (35,2 fl oz) Tas ir tik vienk\u0101r\u0161i: ieberiet rupji maltu kafijas pulveri karstumiztur\u012bgaj\u0101 kafijas kann\u0101, uzlejiet karstu \u016bdeni un \u013caujiet kafijai ievilkties. Tad samaisiet, uzlieciet v\u0101ku un l\u0113n\u0101m nospiediet uz leju met\u0101la filtru. Tas nodro\u0161ina t\u012bru kafijas baud\u012bjumu, jo kafijas biezumi paliek trauk\u0101. Eleganto ner\u016bs\u0113jo\u0161\u0101 t\u0113rauda pamatni var viegli no\u0146emt, lai to bez piep\u016bles not\u012br\u012btu. Ar \u0161o presi var pagatavot ar\u012b perfektu t\u0113ju!<\/span><\/div>\n<div class=\"tld-highlight-tree ng-star-inserted\"><span class=\"ng-star-inserted\">Materi\u0101li: augstas kvalit\u0101tes ner\u016bs\u0113jo\u0161ais t\u0113rauds \/ borosilik\u0101ta stikls<\/span><\/div>\n<div class=\"tld-highlight-tree ng-star-inserted\"><span class=\"ng-star-inserted\">Piem\u0113rots mazg\u0101\u0161anai trauku mazg\u0101jamaj\u0101 ma\u0161\u012bn\u0101.<\/span><\/div>\n<div class=\"tld-highlight-tree ng-star-inserted\"><span class=\"ng-star-inserted\">Izm\u0113rs: garums 15 cm x platums 10,3 cm x augstums 22 cm<\/span><\/div>\n<div class=\"tld-highlight-tree ng-star-inserted\"><span class=\"ng-star-inserted\">Svars: 0.51 kg<\/span><\/div>\n<p><\/p>","protected":false},"excerpt":{"rendered":"<p>Kafijas prese DIEGO, 1000 ml (35,2 fl oz) Arom\u0101tiska kafija, kuru var eleganti pasniegt uzreiz p\u0113c pagatavo\u0161anas! Videi draudz\u012bg\u0101 fran\u010du preses sist\u0113ma nodro\u0161ina perfektu kafijas baud\u012bjumu. Labi noder\u0113s ar\u012b t\u0113jas gatavo\u0161anai! \u2022 kafijas prese un kanni\u0146a vien\u0101 \u2022 arom\u0101tiskai kafijai vai t\u0113jai \u2022 lie\u0161anas sn\u012bpis Kafijas preses DIEGO, 1000 ml (35,2 fl oz) Tas ir [&hellip;]<\/p>\n","protected":false},"featured_media":98316,"comment_status":"closed","ping_status":"closed","template":"","meta":{"inline_featured_image":false},"product_cat":[1684,772],"product_tag":[],"yst_prominent_words":[],"class_list":{"0":"post-98315","1":"product","2":"type-product","3":"status-publish","4":"has-post-thumbnail","6":"product_cat-dzerieniem","7":"product_cat-atlaides","9":"first","10":"instock","11":"sale","12":"taxable","13":"shipping-taxable","14":"purchasable","15":"product-type-simple"},"jetpack_sharing_enabled":true,"_links":{"self":[{"href":"https:\/\/ddt.lv\/lv\/wp-json\/wp\/v2\/product\/98315"}],"collection":[{"href":"https:\/\/ddt.lv\/lv\/wp-json\/wp\/v2\/product"}],"about":[{"href":"https:\/\/ddt.lv\/lv\/wp-json\/wp\/v2\/types\/product"}],"replies":[{"embeddable":true,"href":"https:\/\/ddt.lv\/lv\/wp-json\/wp\/v2\/comments?post=98315"}],"wp:featuredmedia":[{"embeddable":true,"href":"https:\/\/ddt.lv\/lv\/wp-json\/wp\/v2\/media\/98316"}],"wp:attachment":[{"href":"https:\/\/ddt.lv\/lv\/wp-json\/wp\/v2\/media?parent=98315"}],"wp:term":[{"taxonomy":"product_cat","embeddable":true,"href":"https:\/\/ddt.lv\/lv\/wp-json\/wp\/v2\/product_cat?post=98315"},{"taxonomy":"product_tag","embeddable":true,"href":"https:\/\/ddt.lv\/lv\/wp-json\/wp\/v2\/product_tag?post=98315"},{"taxonomy":"yst_prominent_words","embeddable":true,"href":"https:\/\/ddt.lv\/lv\/wp-json\/wp\/v2\/yst_prominent_words?post=98315"}],"curies":[{"name":"wp","href":"https:\/\/api.w.org\/{rel}","templated":true}]}}